{"id":9390,"date":"2025-03-07T13:31:05","date_gmt":"2025-03-07T13:31:05","guid":{"rendered":"https:\/\/mcsrentalstg.wpenginepowered.com\/?page_id=9390"},"modified":"2025-06-02T12:38:49","modified_gmt":"2025-06-02T11:38:49","slug":"webbinarier","status":"publish","type":"page","link":"https:\/\/www.mcsrentalsoftware.com\/se\/ytterligare-information\/webbinarier\/","title":{"rendered":"Webbinarier"},"content":{"rendered":"\n<div class=\"wp-block-group alignfull is-layout-constrained wp-block-group-is-layout-constrained\">\n<div class=\"wp-block-group alignwide is-style-hero-text is-layout-flow wp-block-group-is-layout-flow\">\n<h1 class=\"wp-block-heading\" id=\"h-webbinarier\">Webbinarier<\/h1>\n\n\n\n<p style=\"margin-top:var(--wp--preset--spacing--filter-sm)\" class=\"\">Anm\u00e4l er till v\u00e5ra webbinarier som hj\u00e4lper er f\u00e5 ut st\u00f6rsta m\u00f6jliga merv\u00e4rde av ert hyrsystem.<\/p>\n<\/div>\n<\/div>\n\n\n\n<div class=\"wp-block-group alignwide is-style-group-with-title is-layout-flow wp-block-group-is-layout-flow\">\n<div class=\"wp-block-filter-latest-posts\">\n\t\t\n\t\t\t\n\t\t<div class=\"grid list-wrapper archive-type-webinars\">\n\t\t\t\n<article id=\"post-13548\" class=\"wp-block-group is-style-card has-white-background-color has-background is-layout-constrained wp-block-group-is-layout-constrained filter-cards swiper-slide post-13548 webinars type-webinars status-publish has-post-thumbnail hentry\"  data-template=\"content-excerpt-post.php\">\n\n    <!-- Featured Image -->\n    <figure class=\"post-thumbnail\">\n        <img loading=\"lazy\" decoding=\"async\" width=\"474\" height=\"274\" src=\"https:\/\/www.mcsrentalsoftware.com\/wp-content\/uploads\/2025\/05\/MCSOnlineWebinarTitleOnly-474x274.webp\" class=\"attachment-archive-featured size-archive-featured wp-post-image\" alt=\"\" \/>    <\/figure>\n\n    <div class=\"card-text flow\">\n        <header class=\"entry-header\">\n            <p class=\"heading-sub\">\n                Webbinarie                            <\/p>\n\t\t\t<h3 class=\"h4 wp-block-heading\">Jobba effektivare med MCS Online<\/h3>\n\t\t<\/header><!-- .entry-header -->\n\n        <!-- Read More Button -->\n        <div class=\"wp-block-buttons is-layout-flex wp-block-buttons-is-layout-flex\">\n            <div class=\"wp-block-button is-style-plain\">\n                <a class=\"wp-block-button__link wp-element-button\" href=\"https:\/\/www.mcsrentalsoftware.com\/se\/ytterligare-information\/webbinarier\/jobba-effektivare-med-mcs-online\/\">\n                    Se webbinariet                    <span class=\"visually-hidden\">on Jobba effektivare med MCS Online<\/span>                <\/a>\n            <\/div>\n        <\/div>\n\n    <\/div>\n<\/article>\n\n<article id=\"post-13537\" class=\"wp-block-group is-style-card has-white-background-color has-background is-layout-constrained wp-block-group-is-layout-constrained filter-cards swiper-slide post-13537 webinars type-webinars status-publish has-post-thumbnail hentry\"  data-template=\"content-excerpt-post.php\">\n\n    <!-- Featured Image -->\n    <figure class=\"post-thumbnail\">\n        <img loading=\"lazy\" decoding=\"async\" width=\"474\" height=\"274\" src=\"https:\/\/www.mcsrentalsoftware.com\/wp-content\/uploads\/2025\/05\/SECustomerServiceTitleOnly-474x274.webp\" class=\"attachment-archive-featured size-archive-featured wp-post-image\" alt=\"\" \/>    <\/figure>\n\n    <div class=\"card-text flow\">\n        <header class=\"entry-header\">\n            <p class=\"heading-sub\">\n                Webbinarie                            <\/p>\n\t\t\t<h3 class=\"h4 wp-block-heading\">F\u00f6rb\u00e4ttra kundupplevelsen med professionell kundservice<\/h3>\n\t\t<\/header><!-- .entry-header -->\n\n        <!-- Read More Button -->\n        <div class=\"wp-block-buttons is-layout-flex wp-block-buttons-is-layout-flex\">\n            <div class=\"wp-block-button is-style-plain\">\n                <a class=\"wp-block-button__link wp-element-button\" href=\"https:\/\/www.mcsrentalsoftware.com\/se\/ytterligare-information\/webbinarier\/forbattra-kundupplevelsen-med-professionell-kundservice\/\">\n                    Se webbinariet                    <span class=\"visually-hidden\">on F\u00f6rb\u00e4ttra kundupplevelsen med professionell kundservice<\/span>                <\/a>\n            <\/div>\n        <\/div>\n\n    <\/div>\n<\/article>\n\n<article id=\"post-13519\" class=\"wp-block-group is-style-card has-white-background-color has-background is-layout-constrained wp-block-group-is-layout-constrained filter-cards swiper-slide post-13519 webinars type-webinars status-publish has-post-thumbnail hentry\"  data-template=\"content-excerpt-post.php\">\n\n    <!-- Featured Image -->\n    <figure class=\"post-thumbnail\">\n        <img loading=\"lazy\" decoding=\"async\" width=\"474\" height=\"274\" src=\"https:\/\/www.mcsrentalsoftware.com\/wp-content\/uploads\/2025\/05\/Sustainability-webinar-SE-474x274.webp\" class=\"attachment-archive-featured size-archive-featured wp-post-image\" alt=\"\" \/>    <\/figure>\n\n    <div class=\"card-text flow\">\n        <header class=\"entry-header\">\n            <p class=\"heading-sub\">\n                Webbinarie                            <\/p>\n\t\t\t<h3 class=\"h4 wp-block-heading\">H\u00e5llbarhet i rentalbranschen<\/h3>\n\t\t<\/header><!-- .entry-header -->\n\n        <!-- Read More Button -->\n        <div class=\"wp-block-buttons is-layout-flex wp-block-buttons-is-layout-flex\">\n            <div class=\"wp-block-button is-style-plain\">\n                <a class=\"wp-block-button__link wp-element-button\" href=\"https:\/\/www.mcsrentalsoftware.com\/se\/ytterligare-information\/webbinarier\/hallbarhet-i-rentalbranschen\/\">\n                    Se webbinariet                    <span class=\"visually-hidden\">on H\u00e5llbarhet i rentalbranschen<\/span>                <\/a>\n            <\/div>\n        <\/div>\n\n    <\/div>\n<\/article>\n\t\t<\/div>\n\n\t\t\n\t\t\t<\/div>\n\n<\/div>\n\n\n\n<div class=\"wp-block-group alignwide is-layout-flow wp-block-group-is-layout-flow\">\n<div class=\"wp-block-media-text alignwide has-media-on-the-right is-stacked-on-mobile is-image-fill-element has-white-color has-tertiary-background-color has-text-color has-background has-link-color wp-elements-8174556ffe72e834a273eb46a9c9abef\"><div class=\"wp-block-media-text__content\">\n<h2 class=\"wp-block-heading\" id=\"h-ar-ni-redo-att-ta-er-uthyrningsverksamhet-till-nasta-niva\">\u00c4r ni redo att ta er uthyrningsverksamhet till n\u00e4sta niv\u00e5?<\/h2>\n\n\n\n<p class=\"\">MCS trevliga och kunniga produktexperter finns h\u00e4r f\u00f6r att v\u00e4gleda er och hitta den perfekta l\u00f6sningen f\u00f6r just era behov, f\u00f6r att hj\u00e4lpa er v\u00e4xa och blomstra.<\/p>\n\n\n\n<div class=\"wp-block-buttons is-layout-flex wp-block-buttons-is-layout-flex\">\n<div class=\"wp-block-button\"><a class=\"wp-block-button__link wp-element-button\" href=\"https:\/\/www.mcsrentalsoftware.com\/se\/kontakt\/\">Kontakta oss idag<\/a><\/div>\n<\/div>\n<\/div><figure class=\"wp-block-media-text__media\"><img loading=\"lazy\" decoding=\"async\" width=\"1024\" height=\"639\" src=\"https:\/\/www.mcsrentalsoftware.com\/wp-content\/uploads\/2026\/03\/mcs-team-1-1024x639.png\" alt=\"\" class=\"wp-image-35993 size-full\" style=\"object-position:50% 50%\" srcset=\"https:\/\/www.mcsrentalsoftware.com\/wp-content\/uploads\/2026\/03\/mcs-team-1-1024x639.png 1024w, https:\/\/www.mcsrentalsoftware.com\/wp-content\/uploads\/2026\/03\/mcs-team-1-300x187.png 300w, https:\/\/www.mcsrentalsoftware.com\/wp-content\/uploads\/2026\/03\/mcs-team-1-768x479.png 768w, https:\/\/www.mcsrentalsoftware.com\/wp-content\/uploads\/2026\/03\/mcs-team-1-474x296.png 474w, https:\/\/www.mcsrentalsoftware.com\/wp-content\/uploads\/2026\/03\/mcs-team-1.png 1420w\" sizes=\"auto, (max-width: 1024px) 100vw, 1024px\" \/><\/figure><\/div>\n<\/div>\n","protected":false},"excerpt":{"rendered":"<p>Webbinarier Anm\u00e4l er till v\u00e5ra webbinarier som hj\u00e4lper er f\u00e5 ut st\u00f6rsta m\u00f6jliga merv\u00e4rde av ert hyrsystem.<\/p>\n","protected":false},"author":8,"featured_media":0,"parent":3052,"menu_order":207,"comment_status":"closed","ping_status":"closed","template":"","meta":{"_acf_changed":false,"content-type":"","footnotes":""},"class_list":["post-9390","page","type-page","status-publish","hentry"],"acf":[],"yoast_head":"<!-- This site is optimized with the Yoast SEO Premium plugin v26.5 (Yoast SEO v27.2) - https:\/\/yoast.com\/product\/yoast-seo-premium-wordpress\/ -->\n<title>Webbinarier | MCS<\/title>\n<meta name=\"description\" content=\"L\u00e4s mer om v\u00e5ra webbseminarier. Anm\u00e4l er till framtida webbinarier eller titta p\u00e5 tidigare inspelningar. H\u00e5ll er informerade om allt det senaste fr\u00e5n MCS.\" \/>\n<meta name=\"robots\" content=\"index, follow, max-snippet:-1, max-image-preview:large, max-video-preview:-1\" \/>\n<link rel=\"canonical\" href=\"https:\/\/www.mcsrentalsoftware.com\/se\/ytterligare-information\/webbinarier\/\" \/>\n<meta property=\"og:locale\" content=\"sv_SE\" \/>\n<meta property=\"og:type\" content=\"article\" \/>\n<meta property=\"og:title\" content=\"Webbinarier\" \/>\n<meta property=\"og:description\" content=\"L\u00e4s mer om v\u00e5ra webbseminarier. Anm\u00e4l er till framtida webbinarier eller titta p\u00e5 tidigare inspelningar. H\u00e5ll er informerade om allt det senaste fr\u00e5n MCS.\" \/>\n<meta property=\"og:url\" content=\"https:\/\/www.mcsrentalsoftware.com\/se\/ytterligare-information\/webbinarier\/\" \/>\n<meta property=\"og:site_name\" content=\"MCS\" \/>\n<meta property=\"article:publisher\" content=\"https:\/\/www.facebook.com\/mcsrentalsoftware\" \/>\n<meta property=\"article:modified_time\" content=\"2025-06-02T11:38:49+00:00\" \/>\n<meta name=\"twitter:card\" content=\"summary_large_image\" \/>\n<meta name=\"twitter:label1\" content=\"Ber\u00e4knad l\u00e4stid\" \/>\n\t<meta name=\"twitter:data1\" content=\"1 minut\" \/>\n<script type=\"application\/ld+json\" class=\"yoast-schema-graph\">{\"@context\":\"https:\/\/schema.org\",\"@graph\":[{\"@type\":\"WebPage\",\"@id\":\"https:\/\/www.mcsrentalsoftware.com\/se\/ytterligare-information\/webbinarier\/\",\"url\":\"https:\/\/www.mcsrentalsoftware.com\/se\/ytterligare-information\/webbinarier\/\",\"name\":\"Webbinarier | MCS\",\"isPartOf\":{\"@id\":\"https:\/\/www.mcsrentalsoftware.com\/se\/#website\"},\"datePublished\":\"2025-03-07T13:31:05+00:00\",\"dateModified\":\"2025-06-02T11:38:49+00:00\",\"description\":\"L\u00e4s mer om v\u00e5ra webbseminarier. Anm\u00e4l er till framtida webbinarier eller titta p\u00e5 tidigare inspelningar. H\u00e5ll er informerade om allt det senaste fr\u00e5n MCS.\",\"breadcrumb\":{\"@id\":\"https:\/\/www.mcsrentalsoftware.com\/se\/ytterligare-information\/webbinarier\/#breadcrumb\"},\"inLanguage\":\"sv-SE\",\"potentialAction\":[{\"@type\":\"ReadAction\",\"target\":[\"https:\/\/www.mcsrentalsoftware.com\/se\/ytterligare-information\/webbinarier\/\"]}]},{\"@type\":\"BreadcrumbList\",\"@id\":\"https:\/\/www.mcsrentalsoftware.com\/se\/ytterligare-information\/webbinarier\/#breadcrumb\",\"itemListElement\":[{\"@type\":\"ListItem\",\"position\":1,\"name\":\"Home\",\"item\":\"https:\/\/www.mcsrentalsoftware.com\/se\/\"},{\"@type\":\"ListItem\",\"position\":2,\"name\":\"Ytterligare information\",\"item\":\"https:\/\/www.mcsrentalsoftware.com\/se\/ytterligare-information\/\"},{\"@type\":\"ListItem\",\"position\":3,\"name\":\"Webbinarier\"}]},{\"@type\":\"WebSite\",\"@id\":\"https:\/\/www.mcsrentalsoftware.com\/se\/#website\",\"url\":\"https:\/\/www.mcsrentalsoftware.com\/se\/\",\"name\":\"MCS\",\"description\":\"\",\"publisher\":{\"@id\":\"https:\/\/www.mcsrentalsoftware.com\/se\/#organization\"},\"potentialAction\":[{\"@type\":\"SearchAction\",\"target\":{\"@type\":\"EntryPoint\",\"urlTemplate\":\"https:\/\/www.mcsrentalsoftware.com\/se\/?s={search_term_string}\"},\"query-input\":{\"@type\":\"PropertyValueSpecification\",\"valueRequired\":true,\"valueName\":\"search_term_string\"}}],\"inLanguage\":\"sv-SE\"},{\"@type\":\"Organization\",\"@id\":\"https:\/\/www.mcsrentalsoftware.com\/se\/#organization\",\"name\":\"MCS\",\"url\":\"https:\/\/www.mcsrentalsoftware.com\/se\/\",\"logo\":{\"@type\":\"ImageObject\",\"inLanguage\":\"sv-SE\",\"@id\":\"https:\/\/www.mcsrentalsoftware.com\/se\/#\/schema\/logo\/image\/\",\"url\":\"https:\/\/www.mcsrentalsoftware.com\/wp-content\/uploads\/2025\/01\/logo.svg\",\"contentUrl\":\"https:\/\/www.mcsrentalsoftware.com\/wp-content\/uploads\/2025\/01\/logo.svg\",\"width\":113,\"height\":36,\"caption\":\"MCS\"},\"image\":{\"@id\":\"https:\/\/www.mcsrentalsoftware.com\/se\/#\/schema\/logo\/image\/\"},\"sameAs\":[\"https:\/\/www.facebook.com\/mcsrentalsoftware\",\"https:\/\/www.instagram.com\/mcsrentalsoftware\/\",\"https:\/\/www.linkedin.com\/company\/mcs-rental-software\/\",\"https:\/\/www.youtube.com\/@MCSRentalSoftware\"],\"email\":\"hello@mcsrentalsoftware.com\",\"numberOfEmployees\":{\"@type\":\"QuantitativeValue\",\"minValue\":\"51\",\"maxValue\":\"200\"}}]}<\/script>\n<!-- \/ Yoast SEO Premium plugin. -->","yoast_head_json":{"title":"Webbinarier | MCS","description":"L\u00e4s mer om v\u00e5ra webbseminarier. Anm\u00e4l er till framtida webbinarier eller titta p\u00e5 tidigare inspelningar. H\u00e5ll er informerade om allt det senaste fr\u00e5n MCS.","robots":{"index":"index","follow":"follow","max-snippet":"max-snippet:-1","max-image-preview":"max-image-preview:large","max-video-preview":"max-video-preview:-1"},"canonical":"https:\/\/www.mcsrentalsoftware.com\/se\/ytterligare-information\/webbinarier\/","og_locale":"sv_SE","og_type":"article","og_title":"Webbinarier","og_description":"L\u00e4s mer om v\u00e5ra webbseminarier. Anm\u00e4l er till framtida webbinarier eller titta p\u00e5 tidigare inspelningar. H\u00e5ll er informerade om allt det senaste fr\u00e5n MCS.","og_url":"https:\/\/www.mcsrentalsoftware.com\/se\/ytterligare-information\/webbinarier\/","og_site_name":"MCS","article_publisher":"https:\/\/www.facebook.com\/mcsrentalsoftware","article_modified_time":"2025-06-02T11:38:49+00:00","twitter_card":"summary_large_image","twitter_misc":{"Ber\u00e4knad l\u00e4stid":"1 minut"},"schema":{"@context":"https:\/\/schema.org","@graph":[{"@type":"WebPage","@id":"https:\/\/www.mcsrentalsoftware.com\/se\/ytterligare-information\/webbinarier\/","url":"https:\/\/www.mcsrentalsoftware.com\/se\/ytterligare-information\/webbinarier\/","name":"Webbinarier | MCS","isPartOf":{"@id":"https:\/\/www.mcsrentalsoftware.com\/se\/#website"},"datePublished":"2025-03-07T13:31:05+00:00","dateModified":"2025-06-02T11:38:49+00:00","description":"L\u00e4s mer om v\u00e5ra webbseminarier. Anm\u00e4l er till framtida webbinarier eller titta p\u00e5 tidigare inspelningar. H\u00e5ll er informerade om allt det senaste fr\u00e5n MCS.","breadcrumb":{"@id":"https:\/\/www.mcsrentalsoftware.com\/se\/ytterligare-information\/webbinarier\/#breadcrumb"},"inLanguage":"sv-SE","potentialAction":[{"@type":"ReadAction","target":["https:\/\/www.mcsrentalsoftware.com\/se\/ytterligare-information\/webbinarier\/"]}]},{"@type":"BreadcrumbList","@id":"https:\/\/www.mcsrentalsoftware.com\/se\/ytterligare-information\/webbinarier\/#breadcrumb","itemListElement":[{"@type":"ListItem","position":1,"name":"Home","item":"https:\/\/www.mcsrentalsoftware.com\/se\/"},{"@type":"ListItem","position":2,"name":"Ytterligare information","item":"https:\/\/www.mcsrentalsoftware.com\/se\/ytterligare-information\/"},{"@type":"ListItem","position":3,"name":"Webbinarier"}]},{"@type":"WebSite","@id":"https:\/\/www.mcsrentalsoftware.com\/se\/#website","url":"https:\/\/www.mcsrentalsoftware.com\/se\/","name":"MCS","description":"","publisher":{"@id":"https:\/\/www.mcsrentalsoftware.com\/se\/#organization"},"potentialAction":[{"@type":"SearchAction","target":{"@type":"EntryPoint","urlTemplate":"https:\/\/www.mcsrentalsoftware.com\/se\/?s={search_term_string}"},"query-input":{"@type":"PropertyValueSpecification","valueRequired":true,"valueName":"search_term_string"}}],"inLanguage":"sv-SE"},{"@type":"Organization","@id":"https:\/\/www.mcsrentalsoftware.com\/se\/#organization","name":"MCS","url":"https:\/\/www.mcsrentalsoftware.com\/se\/","logo":{"@type":"ImageObject","inLanguage":"sv-SE","@id":"https:\/\/www.mcsrentalsoftware.com\/se\/#\/schema\/logo\/image\/","url":"https:\/\/www.mcsrentalsoftware.com\/wp-content\/uploads\/2025\/01\/logo.svg","contentUrl":"https:\/\/www.mcsrentalsoftware.com\/wp-content\/uploads\/2025\/01\/logo.svg","width":113,"height":36,"caption":"MCS"},"image":{"@id":"https:\/\/www.mcsrentalsoftware.com\/se\/#\/schema\/logo\/image\/"},"sameAs":["https:\/\/www.facebook.com\/mcsrentalsoftware","https:\/\/www.instagram.com\/mcsrentalsoftware\/","https:\/\/www.linkedin.com\/company\/mcs-rental-software\/","https:\/\/www.youtube.com\/@MCSRentalSoftware"],"email":"hello@mcsrentalsoftware.com","numberOfEmployees":{"@type":"QuantitativeValue","minValue":"51","maxValue":"200"}}]}},"_links":{"self":[{"href":"https:\/\/www.mcsrentalsoftware.com\/se\/wp-json\/wp\/v2\/pages\/9390","targetHints":{"allow":["GET"]}}],"collection":[{"href":"https:\/\/www.mcsrentalsoftware.com\/se\/wp-json\/wp\/v2\/pages"}],"about":[{"href":"https:\/\/www.mcsrentalsoftware.com\/se\/wp-json\/wp\/v2\/types\/page"}],"author":[{"embeddable":true,"href":"https:\/\/www.mcsrentalsoftware.com\/se\/wp-json\/wp\/v2\/users\/8"}],"replies":[{"embeddable":true,"href":"https:\/\/www.mcsrentalsoftware.com\/se\/wp-json\/wp\/v2\/comments?post=9390"}],"version-history":[{"count":1,"href":"https:\/\/www.mcsrentalsoftware.com\/se\/wp-json\/wp\/v2\/pages\/9390\/revisions"}],"predecessor-version":[{"id":10279,"href":"https:\/\/www.mcsrentalsoftware.com\/se\/wp-json\/wp\/v2\/pages\/9390\/revisions\/10279"}],"up":[{"embeddable":true,"href":"https:\/\/www.mcsrentalsoftware.com\/se\/wp-json\/wp\/v2\/pages\/3052"}],"wp:attachment":[{"href":"https:\/\/www.mcsrentalsoftware.com\/se\/wp-json\/wp\/v2\/media?parent=9390"}],"curies":[{"name":"wp","href":"https:\/\/api.w.org\/{rel}","templated":true}]}}