{"id":3226,"date":"2025-01-30T14:27:12","date_gmt":"2025-01-30T14:27:12","guid":{"rendered":"https:\/\/mcsrentalstg.wpenginepowered.com\/?page_id=3226"},"modified":"2025-06-10T14:46:18","modified_gmt":"2025-06-10T13:46:18","slug":"om-oss","status":"publish","type":"page","link":"https:\/\/www.mcsrentalsoftware.com\/se\/om-oss\/","title":{"rendered":"Om oss"},"content":{"rendered":"\n<div class=\"wp-block-group alignfull is-layout-constrained wp-block-group-is-layout-constrained\">\n<div class=\"wp-block-media-text alignwide has-media-on-the-right is-stacked-on-mobile is-image-fill-element is-style-hero\"><div class=\"wp-block-media-text__content\">\n<h1 class=\"wp-block-heading is-style-h6\" id=\"h-om-oss\">Om oss<\/h1>\n\n\n\n<h2 class=\"wp-block-heading\" id=\"h-vi-tillhandahaller-marknadens-ledande-losningar-for-rental-och-byggbranschen\">Vi tillhandah\u00e5ller marknadens ledande l\u00f6sningar f\u00f6r rental- och byggbranschen<\/h2>\n\n\n\n<p class=\"\">I mer \u00e4n 40 \u00e5r har MCS gjort livet enklare f\u00f6r uthyrningsf\u00f6retag \u00f6ver hela v\u00e4rlden. Vi \u00e4r stolta \u00f6ver v\u00e5rt starka samarbete med v\u00e5r globala kundkrets d\u00e4r vi hj\u00e4lper dem uppn\u00e5 sina f\u00f6retagsm\u00e5l och v\u00e4xa verksamheten<\/p>\n\n\n\n<div class=\"wp-block-buttons is-layout-flex wp-block-buttons-is-layout-flex\">\n<div class=\"wp-block-button\"><a class=\"wp-block-button__link wp-element-button\" href=\"https:\/\/www.mcsrentalsoftware.com\/se\/kontakt\/\">Kontakta oss<\/a><\/div>\n<\/div>\n<\/div><figure class=\"wp-block-media-text__media\"><picture class=\"wp-image-2564 size-hero_mobile\">\r\n            <source type=\"image\/webp\" media=\"(max-width: 600px)\" srcset=\"https:\/\/www.mcsrentalsoftware.com\/wp-content\/uploads\/2025\/03\/MCS-web-103-150x150.jpg.webp 150w, https:\/\/www.mcsrentalsoftware.com\/wp-content\/uploads\/2025\/03\/MCS-web-103-300x200.jpg.webp 300w, https:\/\/www.mcsrentalsoftware.com\/wp-content\/uploads\/2025\/03\/MCS-web-103-474x274.jpg.webp 474w\" sizes=\"380px\">\r\n            <source media=\"(max-width: 600px)\" srcset=\"https:\/\/www.mcsrentalsoftware.com\/wp-content\/uploads\/2025\/03\/MCS-web-103-150x150.jpg 150w, https:\/\/www.mcsrentalsoftware.com\/wp-content\/uploads\/2025\/03\/MCS-web-103-300x200.jpg 300w, https:\/\/www.mcsrentalsoftware.com\/wp-content\/uploads\/2025\/03\/MCS-web-103-474x274.jpg 474w\" sizes=\"380px\">\r\n            <source type=\"image\/webp\" media=\"(min-width: 601px)\" srcset=\"https:\/\/www.mcsrentalsoftware.com\/wp-content\/uploads\/2025\/03\/MCS-web-103-150x150.jpg.webp 150w, https:\/\/www.mcsrentalsoftware.com\/wp-content\/uploads\/2025\/03\/MCS-web-103-300x200.jpg.webp 300w, https:\/\/www.mcsrentalsoftware.com\/wp-content\/uploads\/2025\/03\/MCS-web-103-474x274.jpg.webp 474w, https:\/\/www.mcsrentalsoftware.com\/wp-content\/uploads\/2025\/03\/MCS-web-103-768x512.jpg.webp 768w, https:\/\/www.mcsrentalsoftware.com\/wp-content\/uploads\/2025\/03\/MCS-web-103-1024x683.jpg.webp 1024w, https:\/\/www.mcsrentalsoftware.com\/wp-content\/uploads\/2025\/03\/MCS-web-103.jpg.webp 2048w\" sizes=\"(max-width: 1024px) 50vw, 730px\">\r\n            <source media=\"(min-width: 601px)\" srcset=\"https:\/\/www.mcsrentalsoftware.com\/wp-content\/uploads\/2025\/03\/MCS-web-103-150x150.jpg 150w, https:\/\/www.mcsrentalsoftware.com\/wp-content\/uploads\/2025\/03\/MCS-web-103-300x200.jpg 300w, https:\/\/www.mcsrentalsoftware.com\/wp-content\/uploads\/2025\/03\/MCS-web-103-474x274.jpg 474w, https:\/\/www.mcsrentalsoftware.com\/wp-content\/uploads\/2025\/03\/MCS-web-103-768x512.jpg 768w, https:\/\/www.mcsrentalsoftware.com\/wp-content\/uploads\/2025\/03\/MCS-web-103-1024x683.jpg 1024w, https:\/\/www.mcsrentalsoftware.com\/wp-content\/uploads\/2025\/03\/MCS-web-103.jpg 2048w\" sizes=\"(max-width: 1024px) 50vw, 730px\">\r\n            <img width=\"768\" height=\"512\" src=\"https:\/\/www.mcsrentalsoftware.com\/wp-content\/uploads\/2025\/03\/MCS-web-103-768x512.jpg\" alt=\"\" decoding=\"async\" fetchpriority=\"high\" loading=\"eager\" srcset=\"https:\/\/www.mcsrentalsoftware.com\/wp-content\/uploads\/2025\/03\/MCS-web-103-150x150.jpg 150w, https:\/\/www.mcsrentalsoftware.com\/wp-content\/uploads\/2025\/03\/MCS-web-103-300x200.jpg 300w, https:\/\/www.mcsrentalsoftware.com\/wp-content\/uploads\/2025\/03\/MCS-web-103-474x274.jpg 474w, https:\/\/www.mcsrentalsoftware.com\/wp-content\/uploads\/2025\/03\/MCS-web-103-768x512.jpg 768w, https:\/\/www.mcsrentalsoftware.com\/wp-content\/uploads\/2025\/03\/MCS-web-103-1024x683.jpg 1024w, https:\/\/www.mcsrentalsoftware.com\/wp-content\/uploads\/2025\/03\/MCS-web-103.jpg 2048w\" sizes=\"(max-width: 600px) 380px, (max-width: 1024px) 50vw, 730px\" class=\"attachment-hero_mobile size-hero_mobile\">\r\n        <\/picture><\/figure><\/div>\n<\/div>\n\n\n\n<div class=\"wp-block-group alignwide is-layout-flow wp-block-group-is-layout-flow\">\n<div class=\"wp-block-media-text is-stacked-on-mobile is-image-fill-element\"><figure class=\"wp-block-media-text__media\"><img loading=\"lazy\" decoding=\"async\" width=\"1024\" height=\"683\" src=\"https:\/\/www.mcsrentalsoftware.com\/wp-content\/uploads\/2025\/03\/MCS-web-163-1024x683.jpg\" alt=\"\" class=\"wp-image-2582 size-full\" style=\"object-position:48% 62%\" srcset=\"https:\/\/www.mcsrentalsoftware.com\/wp-content\/uploads\/2025\/03\/MCS-web-163-1024x683.jpg 1024w, https:\/\/www.mcsrentalsoftware.com\/wp-content\/uploads\/2025\/03\/MCS-web-163-300x200.jpg 300w, https:\/\/www.mcsrentalsoftware.com\/wp-content\/uploads\/2025\/03\/MCS-web-163-768x512.jpg 768w, https:\/\/www.mcsrentalsoftware.com\/wp-content\/uploads\/2025\/03\/MCS-web-163-1536x1024.jpg 1536w, https:\/\/www.mcsrentalsoftware.com\/wp-content\/uploads\/2025\/03\/MCS-web-163.jpg 2048w\" sizes=\"auto, (max-width: 1024px) 100vw, 1024px\" \/><\/figure><div class=\"wp-block-media-text__content\">\n<h2 class=\"wp-block-heading\" id=\"h-vision-och-varderingar\">Vision och v\u00e4rderingar<\/h2>\n\n\n\n<p class=\"\">MCS-teamet f\u00f6renas av v\u00e5rt gemensamma m\u00e5l: <strong>Att vara ledande aff\u00e4rspartner f\u00f6r rentalbranschen och leverera innovativa uthyrningsl\u00f6sningar som st\u00e4rker marknadens globala tillv\u00e4xt.<\/strong><\/p>\n\n\n\n<p class=\"\">V\u00e5ra k\u00e4rnv\u00e4rden Drivkraft, Flexibilitet, Kreativitet och Samarbete ligger till grund f\u00f6r v\u00e5r kultur och beskriver vad v\u00e5ra kunder kan f\u00f6rv\u00e4nta sig n\u00e4r de v\u00e4ljer att samarbeta med oss.<\/p>\n\n\n\n<div class=\"wp-block-buttons is-layout-flex wp-block-buttons-is-layout-flex\">\n<div class=\"wp-block-button is-style-outline\"><a class=\"wp-block-button__link wp-element-button\" href=\"https:\/\/www.mcsrentalsoftware.com\/se\/om-oss\/varfor-mcs\/\">Varf\u00f6r v\u00e4lja MCS?<\/a><\/div>\n<\/div>\n<\/div><\/div>\n<\/div>\n\n\n\n<div class=\"wp-block-group alignwide is-layout-flow wp-block-group-is-layout-flow\">\n<div class=\"wp-block-media-text has-media-on-the-right is-stacked-on-mobile is-image-fill-element\"><div class=\"wp-block-media-text__content\">\n<h2 class=\"wp-block-heading\" id=\"h-berattelsen-om-mcs\">Ber\u00e4ttelsen om MCS<\/h2>\n\n\n\n<p class=\"\">MCS har revolutionerat uthyrningsbranschen i \u00f6ver 40 \u00e5r men har under hela resan beh\u00e5llit sina r\u00f6tter som ett familjef\u00f6retag. Med ett starkt engagemang f\u00f6r innovation och utveckling leder vi v\u00e4gen inom rentalbranschen, &nbsp;genom att kontinuerligt tillhandah\u00e5lla nya, smarta l\u00f6sningar som hj\u00e4lper v\u00e5ra kunder m\u00f6ta morgondagens utmaningar.<\/p>\n<\/div><figure class=\"wp-block-media-text__media\"><img loading=\"lazy\" decoding=\"async\" width=\"1024\" height=\"683\" src=\"https:\/\/www.mcsrentalsoftware.com\/wp-content\/uploads\/2025\/03\/MCS-web-189-1024x683.jpg\" alt=\"\" class=\"wp-image-2555 size-full\" style=\"object-position:52% 19%\" srcset=\"https:\/\/www.mcsrentalsoftware.com\/wp-content\/uploads\/2025\/03\/MCS-web-189-1024x683.jpg 1024w, https:\/\/www.mcsrentalsoftware.com\/wp-content\/uploads\/2025\/03\/MCS-web-189-300x200.jpg 300w, https:\/\/www.mcsrentalsoftware.com\/wp-content\/uploads\/2025\/03\/MCS-web-189-768x512.jpg 768w, https:\/\/www.mcsrentalsoftware.com\/wp-content\/uploads\/2025\/03\/MCS-web-189-1536x1024.jpg 1536w, https:\/\/www.mcsrentalsoftware.com\/wp-content\/uploads\/2025\/03\/MCS-web-189.jpg 2048w\" sizes=\"auto, (max-width: 1024px) 100vw, 1024px\" \/><\/figure><\/div>\n<\/div>\n\n\n\n<div class=\"wp-block-group alignwide is-layout-flow wp-block-group-is-layout-flow\">\n<div class=\"wp-block-media-text is-stacked-on-mobile is-image-fill-element\"><figure class=\"wp-block-media-text__media\"><img loading=\"lazy\" decoding=\"async\" width=\"1024\" height=\"683\" src=\"https:\/\/www.mcsrentalsoftware.com\/wp-content\/uploads\/2025\/03\/MCS-web-90-1024x683.jpg\" alt=\"\" class=\"wp-image-2537 size-full\" style=\"object-position:45% 47%\" srcset=\"https:\/\/www.mcsrentalsoftware.com\/wp-content\/uploads\/2025\/03\/MCS-web-90-1024x683.jpg 1024w, https:\/\/www.mcsrentalsoftware.com\/wp-content\/uploads\/2025\/03\/MCS-web-90-300x200.jpg 300w, https:\/\/www.mcsrentalsoftware.com\/wp-content\/uploads\/2025\/03\/MCS-web-90-768x512.jpg 768w, https:\/\/www.mcsrentalsoftware.com\/wp-content\/uploads\/2025\/03\/MCS-web-90-1536x1024.jpg 1536w, https:\/\/www.mcsrentalsoftware.com\/wp-content\/uploads\/2025\/03\/MCS-web-90.jpg 2048w\" sizes=\"auto, (max-width: 1024px) 100vw, 1024px\" \/><\/figure><div class=\"wp-block-media-text__content\">\n<h2 class=\"wp-block-heading\" id=\"h-vart-team-var-styrka\">V\u00e5rt team, v\u00e5r styrka<\/h2>\n\n\n\n<p class=\"\">Bakom varje framg\u00e5ngsrikt f\u00f6retag st\u00e5r ett starkt och kunnigt team, och MCS tillv\u00e4xt hade inte varit m\u00f6jlig utan v\u00e5ra medarbetare. &nbsp;Med bred och gedigen erfarenhet i ryggen brinner de f\u00f6r att skapa nya, innovativa l\u00f6sningar som hj\u00e4lper v\u00e5ra kunder uppn\u00e5 sina f\u00f6retagsm\u00e5l. M\u00f6t MCS -familjen som med sin expertis och sitt engagemang formar framtiden inom uthyrningssystem.<\/p>\n\n\n\n<div class=\"wp-block-buttons is-layout-flex wp-block-buttons-is-layout-flex\">\n<div class=\"wp-block-button is-style-outline\"><a class=\"wp-block-button__link wp-element-button\" href=\"https:\/\/www.mcsrentalsoftware.com\/se\/om-oss\/team\/\">M\u00f6t teamet<\/a><\/div>\n<\/div>\n<\/div><\/div>\n<\/div>\n\n\n\n<div class=\"wp-block-group alignwide is-nowrap is-layout-flex wp-container-core-group-is-layout-6c531013 wp-block-group-is-layout-flex\">\n<div class=\"wp-block-group is-style-card is-layout-constrained wp-block-group-is-layout-constrained\">\n<figure class=\"wp-block-image size-full\"><img loading=\"lazy\" decoding=\"async\" width=\"2048\" height=\"1365\" src=\"https:\/\/www.mcsrentalsoftware.com\/wp-content\/uploads\/2025\/04\/MCS_Foundation-1.png\" alt=\"\" class=\"wp-image-9826\" srcset=\"https:\/\/www.mcsrentalsoftware.com\/wp-content\/uploads\/2025\/04\/MCS_Foundation-1.png 2048w, https:\/\/www.mcsrentalsoftware.com\/wp-content\/uploads\/2025\/04\/MCS_Foundation-1-300x200.png 300w, https:\/\/www.mcsrentalsoftware.com\/wp-content\/uploads\/2025\/04\/MCS_Foundation-1-1024x683.png 1024w, https:\/\/www.mcsrentalsoftware.com\/wp-content\/uploads\/2025\/04\/MCS_Foundation-1-768x512.png 768w, https:\/\/www.mcsrentalsoftware.com\/wp-content\/uploads\/2025\/04\/MCS_Foundation-1-1536x1024.png 1536w\" sizes=\"auto, (max-width: 2048px) 100vw, 2048px\" \/><\/figure>\n\n\n\n<div class=\"wp-block-group is-layout-constrained wp-block-group-is-layout-constrained\">\n<h2 class=\"wp-block-heading is-style-h3\" id=\"h-mcs-foundation\">MCS foundation<\/h2>\n\n\n\n<p class=\"\">MCS ger varje \u00e5r 10 % av sin vinst till fem olika v\u00e4lg\u00f6renhetsorganisationer som arbetar f\u00f6r att hj\u00e4lpa unga m\u00e4nniskor som lever under sv\u00e5ra f\u00f6rh\u00e5llanden.<\/p>\n\n\n\n<div class=\"wp-block-buttons is-layout-flex wp-block-buttons-is-layout-flex\">\n<div class=\"wp-block-button is-style-outline\"><a class=\"wp-block-button__link wp-element-button\" href=\"https:\/\/mcsfoundation.co.uk\/\">L\u00e4s mer om MCS v\u00e4lg\u00f6renhetsarbete<\/a><\/div>\n<\/div>\n<\/div>\n<\/div>\n\n\n\n<div class=\"wp-block-group is-style-card is-layout-constrained wp-block-group-is-layout-constrained\">\n<figure class=\"wp-block-image size-large\"><img loading=\"lazy\" decoding=\"async\" width=\"1024\" height=\"683\" src=\"https:\/\/www.mcsrentalsoftware.com\/wp-content\/uploads\/2025\/03\/MCS-web-41-1024x683.jpg\" alt=\"\" class=\"wp-image-2546\" srcset=\"https:\/\/www.mcsrentalsoftware.com\/wp-content\/uploads\/2025\/03\/MCS-web-41-1024x683.jpg 1024w, https:\/\/www.mcsrentalsoftware.com\/wp-content\/uploads\/2025\/03\/MCS-web-41-300x200.jpg 300w, https:\/\/www.mcsrentalsoftware.com\/wp-content\/uploads\/2025\/03\/MCS-web-41-768x512.jpg 768w, https:\/\/www.mcsrentalsoftware.com\/wp-content\/uploads\/2025\/03\/MCS-web-41-1536x1024.jpg 1536w, https:\/\/www.mcsrentalsoftware.com\/wp-content\/uploads\/2025\/03\/MCS-web-41.jpg 2048w\" sizes=\"auto, (max-width: 1024px) 100vw, 1024px\" \/><\/figure>\n\n\n\n<div class=\"wp-block-group is-layout-constrained wp-block-group-is-layout-constrained\">\n<h2 class=\"wp-block-heading is-style-h3\" id=\"h-bli-en-del-av-vart-team\">Bli en del av v\u00e5rt team<\/h2>\n\n\n\n<p class=\"\">Uppt\u00e4ck din potential med MCS. Oavsett om du har m\u00e5nga \u00e5r i branschen eller \u00e4r en ambiti\u00f6s l\u00e4rling har vi roller som utmanar, inspirerar och ger dig m\u00f6jlighet att v\u00e4xa.<\/p>\n\n\n\n<div class=\"wp-block-buttons is-layout-flex wp-block-buttons-is-layout-flex\">\n<div class=\"wp-block-button is-style-outline\"><a class=\"wp-block-button__link wp-element-button\" href=\"https:\/\/jobs.mcsrentalsoftware.com\/\">Se karri\u00e4rm\u00f6jligheter&nbsp;<\/a><\/div>\n<\/div>\n<\/div>\n<\/div>\n<\/div>\n\n\n\n<div class=\"wp-block-group alignwide is-layout-flow wp-block-group-is-layout-flow\">\n<div class=\"wp-block-media-text alignwide has-media-on-the-right is-stacked-on-mobile is-image-fill-element has-white-color has-tertiary-background-color has-text-color has-background has-link-color wp-elements-8174556ffe72e834a273eb46a9c9abef\"><div class=\"wp-block-media-text__content\">\n<h2 class=\"wp-block-heading\" id=\"h-ar-ni-redo-att-ta-er-uthyrningsverksamhet-till-nasta-niva\">\u00c4r ni redo att ta er uthyrningsverksamhet till n\u00e4sta niv\u00e5?<\/h2>\n\n\n\n<p class=\"\">MCS trevliga och kunniga produktexperter finns h\u00e4r f\u00f6r att v\u00e4gleda er och hitta den perfekta l\u00f6sningen f\u00f6r just era behov, f\u00f6r att hj\u00e4lpa er v\u00e4xa och blomstra.<\/p>\n\n\n\n<div class=\"wp-block-buttons is-layout-flex wp-block-buttons-is-layout-flex\">\n<div class=\"wp-block-button\"><a class=\"wp-block-button__link wp-element-button\" href=\"https:\/\/www.mcsrentalsoftware.com\/se\/kontakt\/\">Kontakta oss idag<\/a><\/div>\n<\/div>\n<\/div><figure class=\"wp-block-media-text__media\"><img loading=\"lazy\" decoding=\"async\" width=\"1024\" height=\"639\" src=\"https:\/\/www.mcsrentalsoftware.com\/wp-content\/uploads\/2026\/03\/mcs-team-1-1024x639.png\" alt=\"\" class=\"wp-image-35993 size-full\" style=\"object-position:50% 50%\" srcset=\"https:\/\/www.mcsrentalsoftware.com\/wp-content\/uploads\/2026\/03\/mcs-team-1-1024x639.png 1024w, https:\/\/www.mcsrentalsoftware.com\/wp-content\/uploads\/2026\/03\/mcs-team-1-300x187.png 300w, https:\/\/www.mcsrentalsoftware.com\/wp-content\/uploads\/2026\/03\/mcs-team-1-768x479.png 768w, https:\/\/www.mcsrentalsoftware.com\/wp-content\/uploads\/2026\/03\/mcs-team-1-474x296.png 474w, https:\/\/www.mcsrentalsoftware.com\/wp-content\/uploads\/2026\/03\/mcs-team-1.png 1420w\" sizes=\"auto, (max-width: 1024px) 100vw, 1024px\" \/><\/figure><\/div>\n<\/div>\n","protected":false},"excerpt":{"rendered":"<p>Om oss Vi tillhandah\u00e5ller marknadens ledande l\u00f6sningar f\u00f6r rental- och byggbranschen I mer \u00e4n 40 \u00e5r har MCS gjort livet enklare f\u00f6r uthyrningsf\u00f6retag \u00f6ver hela v\u00e4rlden. Vi \u00e4r stolta \u00f6ver v\u00e5rt starka samarbete med v\u00e5r globala kundkrets d\u00e4r vi hj\u00e4lper dem uppn\u00e5 sina f\u00f6retagsm\u00e5l&#8230;<\/p>\n","protected":false},"author":8,"featured_media":0,"parent":0,"menu_order":315,"comment_status":"closed","ping_status":"closed","template":"","meta":{"_acf_changed":false,"content-type":"","footnotes":""},"class_list":["post-3226","page","type-page","status-publish","hentry"],"acf":[],"yoast_head":"<!-- This site is optimized with the Yoast SEO Premium plugin v26.5 (Yoast SEO v27.2) - https:\/\/yoast.com\/product\/yoast-seo-premium-wordpress\/ -->\n<title>Om oss | MCS<\/title>\n<meta name=\"description\" content=\"MCS tillhandah\u00e5ller marknadsledande l\u00f6sningar f\u00f6r rental- och byggbranschen. I mer \u00e4n 40 \u00e5r har MCS gjort livet enklare f\u00f6r uthyrningsf\u00f6retag \u00f6ver hela v\u00e4rlden.\" \/>\n<meta name=\"robots\" content=\"index, follow, max-snippet:-1, max-image-preview:large, max-video-preview:-1\" \/>\n<link rel=\"canonical\" href=\"https:\/\/www.mcsrentalsoftware.com\/se\/om-oss\/\" \/>\n<meta property=\"og:locale\" content=\"sv_SE\" \/>\n<meta property=\"og:type\" content=\"article\" \/>\n<meta property=\"og:title\" content=\"Om oss\" \/>\n<meta property=\"og:description\" content=\"MCS tillhandah\u00e5ller marknadsledande l\u00f6sningar f\u00f6r rental- och byggbranschen. I mer \u00e4n 40 \u00e5r har MCS gjort livet enklare f\u00f6r uthyrningsf\u00f6retag \u00f6ver hela v\u00e4rlden.\" \/>\n<meta property=\"og:url\" content=\"https:\/\/www.mcsrentalsoftware.com\/se\/om-oss\/\" \/>\n<meta property=\"og:site_name\" content=\"MCS\" \/>\n<meta property=\"article:publisher\" content=\"https:\/\/www.facebook.com\/mcsrentalsoftware\" \/>\n<meta property=\"article:modified_time\" content=\"2025-06-10T13:46:18+00:00\" \/>\n<meta property=\"og:image\" content=\"https:\/\/www.mcsrentalsoftware.com\/wp-content\/uploads\/2025\/03\/MCS-web-103-1024x683.jpg\" \/>\n<meta name=\"twitter:card\" content=\"summary_large_image\" \/>\n<meta name=\"twitter:label1\" content=\"Ber\u00e4knad l\u00e4stid\" \/>\n\t<meta name=\"twitter:data1\" content=\"3 minuter\" \/>\n<script type=\"application\/ld+json\" class=\"yoast-schema-graph\">{\"@context\":\"https:\/\/schema.org\",\"@graph\":[{\"@type\":\"WebPage\",\"@id\":\"https:\/\/www.mcsrentalsoftware.com\/se\/om-oss\/\",\"url\":\"https:\/\/www.mcsrentalsoftware.com\/se\/om-oss\/\",\"name\":\"Om oss | MCS\",\"isPartOf\":{\"@id\":\"https:\/\/www.mcsrentalsoftware.com\/se\/#website\"},\"primaryImageOfPage\":{\"@id\":\"https:\/\/www.mcsrentalsoftware.com\/se\/om-oss\/#primaryimage\"},\"image\":{\"@id\":\"https:\/\/www.mcsrentalsoftware.com\/se\/om-oss\/#primaryimage\"},\"thumbnailUrl\":\"https:\/\/www.mcsrentalsoftware.com\/wp-content\/uploads\/2025\/03\/MCS-web-103-1024x683.jpg\",\"datePublished\":\"2025-01-30T14:27:12+00:00\",\"dateModified\":\"2025-06-10T13:46:18+00:00\",\"description\":\"MCS tillhandah\u00e5ller marknadsledande l\u00f6sningar f\u00f6r rental- och byggbranschen. I mer \u00e4n 40 \u00e5r har MCS gjort livet enklare f\u00f6r uthyrningsf\u00f6retag \u00f6ver hela v\u00e4rlden.\",\"breadcrumb\":{\"@id\":\"https:\/\/www.mcsrentalsoftware.com\/se\/om-oss\/#breadcrumb\"},\"inLanguage\":\"sv-SE\",\"potentialAction\":[{\"@type\":\"ReadAction\",\"target\":[\"https:\/\/www.mcsrentalsoftware.com\/se\/om-oss\/\"]}]},{\"@type\":\"ImageObject\",\"inLanguage\":\"sv-SE\",\"@id\":\"https:\/\/www.mcsrentalsoftware.com\/se\/om-oss\/#primaryimage\",\"url\":\"https:\/\/www.mcsrentalsoftware.com\/wp-content\/uploads\/2025\/03\/MCS-web-103-1024x683.jpg\",\"contentUrl\":\"https:\/\/www.mcsrentalsoftware.com\/wp-content\/uploads\/2025\/03\/MCS-web-103-1024x683.jpg\"},{\"@type\":\"BreadcrumbList\",\"@id\":\"https:\/\/www.mcsrentalsoftware.com\/se\/om-oss\/#breadcrumb\",\"itemListElement\":[{\"@type\":\"ListItem\",\"position\":1,\"name\":\"Home\",\"item\":\"https:\/\/www.mcsrentalsoftware.com\/se\/\"},{\"@type\":\"ListItem\",\"position\":2,\"name\":\"Om oss\"}]},{\"@type\":\"WebSite\",\"@id\":\"https:\/\/www.mcsrentalsoftware.com\/se\/#website\",\"url\":\"https:\/\/www.mcsrentalsoftware.com\/se\/\",\"name\":\"MCS\",\"description\":\"\",\"publisher\":{\"@id\":\"https:\/\/www.mcsrentalsoftware.com\/se\/#organization\"},\"potentialAction\":[{\"@type\":\"SearchAction\",\"target\":{\"@type\":\"EntryPoint\",\"urlTemplate\":\"https:\/\/www.mcsrentalsoftware.com\/se\/?s={search_term_string}\"},\"query-input\":{\"@type\":\"PropertyValueSpecification\",\"valueRequired\":true,\"valueName\":\"search_term_string\"}}],\"inLanguage\":\"sv-SE\"},{\"@type\":\"Organization\",\"@id\":\"https:\/\/www.mcsrentalsoftware.com\/se\/#organization\",\"name\":\"MCS\",\"url\":\"https:\/\/www.mcsrentalsoftware.com\/se\/\",\"logo\":{\"@type\":\"ImageObject\",\"inLanguage\":\"sv-SE\",\"@id\":\"https:\/\/www.mcsrentalsoftware.com\/se\/#\/schema\/logo\/image\/\",\"url\":\"https:\/\/www.mcsrentalsoftware.com\/wp-content\/uploads\/2025\/01\/logo.svg\",\"contentUrl\":\"https:\/\/www.mcsrentalsoftware.com\/wp-content\/uploads\/2025\/01\/logo.svg\",\"width\":113,\"height\":36,\"caption\":\"MCS\"},\"image\":{\"@id\":\"https:\/\/www.mcsrentalsoftware.com\/se\/#\/schema\/logo\/image\/\"},\"sameAs\":[\"https:\/\/www.facebook.com\/mcsrentalsoftware\",\"https:\/\/www.instagram.com\/mcsrentalsoftware\/\",\"https:\/\/www.linkedin.com\/company\/mcs-rental-software\/\",\"https:\/\/www.youtube.com\/@MCSRentalSoftware\"],\"email\":\"hello@mcsrentalsoftware.com\",\"numberOfEmployees\":{\"@type\":\"QuantitativeValue\",\"minValue\":\"51\",\"maxValue\":\"200\"}}]}<\/script>\n<!-- \/ Yoast SEO Premium plugin. -->","yoast_head_json":{"title":"Om oss | MCS","description":"MCS tillhandah\u00e5ller marknadsledande l\u00f6sningar f\u00f6r rental- och byggbranschen. I mer \u00e4n 40 \u00e5r har MCS gjort livet enklare f\u00f6r uthyrningsf\u00f6retag \u00f6ver hela v\u00e4rlden.","robots":{"index":"index","follow":"follow","max-snippet":"max-snippet:-1","max-image-preview":"max-image-preview:large","max-video-preview":"max-video-preview:-1"},"canonical":"https:\/\/www.mcsrentalsoftware.com\/se\/om-oss\/","og_locale":"sv_SE","og_type":"article","og_title":"Om oss","og_description":"MCS tillhandah\u00e5ller marknadsledande l\u00f6sningar f\u00f6r rental- och byggbranschen. I mer \u00e4n 40 \u00e5r har MCS gjort livet enklare f\u00f6r uthyrningsf\u00f6retag \u00f6ver hela v\u00e4rlden.","og_url":"https:\/\/www.mcsrentalsoftware.com\/se\/om-oss\/","og_site_name":"MCS","article_publisher":"https:\/\/www.facebook.com\/mcsrentalsoftware","article_modified_time":"2025-06-10T13:46:18+00:00","og_image":[{"url":"https:\/\/www.mcsrentalsoftware.com\/wp-content\/uploads\/2025\/03\/MCS-web-103-1024x683.jpg","type":"","width":"","height":""}],"twitter_card":"summary_large_image","twitter_misc":{"Ber\u00e4knad l\u00e4stid":"3 minuter"},"schema":{"@context":"https:\/\/schema.org","@graph":[{"@type":"WebPage","@id":"https:\/\/www.mcsrentalsoftware.com\/se\/om-oss\/","url":"https:\/\/www.mcsrentalsoftware.com\/se\/om-oss\/","name":"Om oss | MCS","isPartOf":{"@id":"https:\/\/www.mcsrentalsoftware.com\/se\/#website"},"primaryImageOfPage":{"@id":"https:\/\/www.mcsrentalsoftware.com\/se\/om-oss\/#primaryimage"},"image":{"@id":"https:\/\/www.mcsrentalsoftware.com\/se\/om-oss\/#primaryimage"},"thumbnailUrl":"https:\/\/www.mcsrentalsoftware.com\/wp-content\/uploads\/2025\/03\/MCS-web-103-1024x683.jpg","datePublished":"2025-01-30T14:27:12+00:00","dateModified":"2025-06-10T13:46:18+00:00","description":"MCS tillhandah\u00e5ller marknadsledande l\u00f6sningar f\u00f6r rental- och byggbranschen. I mer \u00e4n 40 \u00e5r har MCS gjort livet enklare f\u00f6r uthyrningsf\u00f6retag \u00f6ver hela v\u00e4rlden.","breadcrumb":{"@id":"https:\/\/www.mcsrentalsoftware.com\/se\/om-oss\/#breadcrumb"},"inLanguage":"sv-SE","potentialAction":[{"@type":"ReadAction","target":["https:\/\/www.mcsrentalsoftware.com\/se\/om-oss\/"]}]},{"@type":"ImageObject","inLanguage":"sv-SE","@id":"https:\/\/www.mcsrentalsoftware.com\/se\/om-oss\/#primaryimage","url":"https:\/\/www.mcsrentalsoftware.com\/wp-content\/uploads\/2025\/03\/MCS-web-103-1024x683.jpg","contentUrl":"https:\/\/www.mcsrentalsoftware.com\/wp-content\/uploads\/2025\/03\/MCS-web-103-1024x683.jpg"},{"@type":"BreadcrumbList","@id":"https:\/\/www.mcsrentalsoftware.com\/se\/om-oss\/#breadcrumb","itemListElement":[{"@type":"ListItem","position":1,"name":"Home","item":"https:\/\/www.mcsrentalsoftware.com\/se\/"},{"@type":"ListItem","position":2,"name":"Om oss"}]},{"@type":"WebSite","@id":"https:\/\/www.mcsrentalsoftware.com\/se\/#website","url":"https:\/\/www.mcsrentalsoftware.com\/se\/","name":"MCS","description":"","publisher":{"@id":"https:\/\/www.mcsrentalsoftware.com\/se\/#organization"},"potentialAction":[{"@type":"SearchAction","target":{"@type":"EntryPoint","urlTemplate":"https:\/\/www.mcsrentalsoftware.com\/se\/?s={search_term_string}"},"query-input":{"@type":"PropertyValueSpecification","valueRequired":true,"valueName":"search_term_string"}}],"inLanguage":"sv-SE"},{"@type":"Organization","@id":"https:\/\/www.mcsrentalsoftware.com\/se\/#organization","name":"MCS","url":"https:\/\/www.mcsrentalsoftware.com\/se\/","logo":{"@type":"ImageObject","inLanguage":"sv-SE","@id":"https:\/\/www.mcsrentalsoftware.com\/se\/#\/schema\/logo\/image\/","url":"https:\/\/www.mcsrentalsoftware.com\/wp-content\/uploads\/2025\/01\/logo.svg","contentUrl":"https:\/\/www.mcsrentalsoftware.com\/wp-content\/uploads\/2025\/01\/logo.svg","width":113,"height":36,"caption":"MCS"},"image":{"@id":"https:\/\/www.mcsrentalsoftware.com\/se\/#\/schema\/logo\/image\/"},"sameAs":["https:\/\/www.facebook.com\/mcsrentalsoftware","https:\/\/www.instagram.com\/mcsrentalsoftware\/","https:\/\/www.linkedin.com\/company\/mcs-rental-software\/","https:\/\/www.youtube.com\/@MCSRentalSoftware"],"email":"hello@mcsrentalsoftware.com","numberOfEmployees":{"@type":"QuantitativeValue","minValue":"51","maxValue":"200"}}]}},"_links":{"self":[{"href":"https:\/\/www.mcsrentalsoftware.com\/se\/wp-json\/wp\/v2\/pages\/3226","targetHints":{"allow":["GET"]}}],"collection":[{"href":"https:\/\/www.mcsrentalsoftware.com\/se\/wp-json\/wp\/v2\/pages"}],"about":[{"href":"https:\/\/www.mcsrentalsoftware.com\/se\/wp-json\/wp\/v2\/types\/page"}],"author":[{"embeddable":true,"href":"https:\/\/www.mcsrentalsoftware.com\/se\/wp-json\/wp\/v2\/users\/8"}],"replies":[{"embeddable":true,"href":"https:\/\/www.mcsrentalsoftware.com\/se\/wp-json\/wp\/v2\/comments?post=3226"}],"version-history":[{"count":2,"href":"https:\/\/www.mcsrentalsoftware.com\/se\/wp-json\/wp\/v2\/pages\/3226\/revisions"}],"predecessor-version":[{"id":17411,"href":"https:\/\/www.mcsrentalsoftware.com\/se\/wp-json\/wp\/v2\/pages\/3226\/revisions\/17411"}],"wp:attachment":[{"href":"https:\/\/www.mcsrentalsoftware.com\/se\/wp-json\/wp\/v2\/media?parent=3226"}],"curies":[{"name":"wp","href":"https:\/\/api.w.org\/{rel}","templated":true}]}}