{"id":10544,"date":"2025-01-07T10:11:09","date_gmt":"2025-01-07T10:11:09","guid":{"rendered":"https:\/\/mcsrentalsoftware.com\/?page_id=10544"},"modified":"2026-03-23T17:19:20","modified_gmt":"2026-03-23T17:19:20","slug":"integritetspolicy","status":"publish","type":"page","link":"https:\/\/www.mcsrentalsoftware.com\/se\/integritetspolicy\/","title":{"rendered":"Integritetspolicy"},"content":{"rendered":"\n<h1 class=\"wp-block-heading\" id=\"h-mcs-integritetspolicy\"><strong>MCS integritetspolicy<\/strong><\/h1>\n\n\n\n<p class=\"\">Er integritet \u00e4r mycket viktig f\u00f6r MCS. Vi arbetar f\u00f6r att behandlingen av personuppgifter som genomf\u00f6rs av eller p\u00e5 uppdrag av MCS Rental Software Ltd ska vara r\u00e4ttvis och rimlig och att era personuppgifter ska vara skyddade, korrekta och aktuella.<\/p>\n\n\n\n<p class=\"\">MCS kan komma att samla in och anv\u00e4nda f\u00f6ljande typer av personuppgifter:<\/p>\n\n\n\n<ul class=\"wp-block-list\">\n<li>Uppgifter som ni ger oss i syfte att behandla en aff\u00e4rstransaktion<\/li>\n\n\n\n<li>Uppgifter som ni ger oss genom att fylla i v\u00e5ra kontaktformul\u00e4r eller genom att anv\u00e4nda v\u00e5ra nedladdningsbara resurser, s\u00e5som namn, e-postadress, telefonnummer, postadress och f\u00f6retag, i syfte att beg\u00e4ra information om v\u00e5r programvara eller v\u00e5ra tj\u00e4nster.<\/li>\n<\/ul>\n\n\n\n<p class=\"\">N\u00e4r det \u00e4r till\u00e5tet enligt lag kan MCS samla in uppgifter som h\u00e4mtas fr\u00e5n tredje part om andra enskilda personer och f\u00f6retag. Detta hj\u00e4lper oss att uppdatera, ut\u00f6ka och analysera v\u00e5ra register, identifiera nya kunder och anpassa de produkter och tj\u00e4nster vi erbjuder som kan vara av intresse f\u00f6r er.<\/p>\n\n\n\n<p class=\"\">MCS kan komma att anv\u00e4nda era personuppgifter f\u00f6r att<\/p>\n\n\n\n<ul class=\"wp-block-list\">\n<li>Svara p\u00e5 en fr\u00e5ga eller f\u00f6r att hj\u00e4lpa till med en programvara eller tj\u00e4nst som ni efterfr\u00e5gar, inklusive nedladdningar av dokument och White Papers.<\/li>\n\n\n\n<li>skicka underlag och fakturor eller f\u00f6r att behandla betalningar fr\u00e5n er<\/li>\n\n\n\n<li>skicka relevant information relaterad till marknadsf\u00f6ring, till exempel nyhetsbrev, marknadsf\u00f6ringsinformation och erbjudanden om MCS programvaror och tj\u00e4nster, men endast p\u00e5 det s\u00e4tt som till\u00e5ts enligt lag eller som ni sj\u00e4lva har efterfr\u00e5gat (se \u201dE-postmeddelanden och nyhetsbrev\u201d nedan).<\/li>\n<\/ul>\n\n\n\n<p class=\"\">Ni har r\u00e4tt att n\u00e4r som helst beg\u00e4ra en kopia av den information som vi har om er, och \u00e4ven att beg\u00e4ra att denna information ska korrigeras om den \u00e4r felaktig. Om ni vill se vilka uppgifter ni har uppgett kontaktar ni: Personuppgiftsansvarig, MCS Global Ltd, Oakwood, Grove Business Park, White Waltham, Berkshire, SL6 3LW, Storbritannien.<\/p>\n\n\n\n<p class=\"\"><strong>E-postmeddelanden och nyhetsbrev<\/strong><\/p>\n\n\n\n<p class=\"\">Vi anv\u00e4nder era uppgifter f\u00f6r att skicka nyhetsbrev och marknadsf\u00f6ringsinformation om MCS programvara och tj\u00e4nster, evenemang, enk\u00e4ter och relevant information. Ni kan n\u00e4r som helst avsluta prenumerationen p\u00e5 dessa meddelanden genom att klicka p\u00e5 knappen \u201dAvsluta prenumerationen\u201d l\u00e4ngst ned i e-postmeddelandet eller genom att kontakta v\u00e5rt kontor p\u00e5 det officiella telefonnumret, eller, om ni redan \u00e4r kund, genom att \u00e4ndra vilka marknadsf\u00f6ringsinst\u00e4llningar ni f\u00f6redrar p\u00e5 MCS Kundklubbs hemsida.<\/p>\n\n\n\n<p class=\"\">Andra hemsidor<\/p>\n\n\n\n<p class=\"\">V\u00e5r hemsida inneh\u00e5ller l\u00e4nkar till andra hemsidor. Dessa kan vara relaterade till v\u00e5ra kunder, samarbetspartner, YouTube eller andra hemsidor som \u00e4r relaterade till MCS. Denna integritetspolicy g\u00e4ller bara f\u00f6r MCS hemsidor, s\u00e5 n\u00e4r ni l\u00e4nkar till andra hemsidor m\u00e5ste ni se till att ni har l\u00e4st och \u00e4r inf\u00f6rst\u00e5dda med deras integritetspolicy.<\/p>\n\n\n\n<p class=\"\"><strong>Cookies<\/strong><\/p>\n\n\n\n<p class=\"\">N\u00e4r ni bes\u00f6ker en av MCS hemsidor placeras en liten fil som kallas f\u00f6r en cookie p\u00e5 datorns h\u00e5rddisk. Med hj\u00e4lp av cookies kan vi g\u00f6ra v\u00e5r hemsida mer anv\u00e4ndarv\u00e4nlig genom att lagra information om era intressen och preferenser. Det g\u00f6r det l\u00e4ttare f\u00f6r er att logga in och anv\u00e4nda hemsidan vid framtida bes\u00f6k. Cookies identifierar inte en internetanv\u00e4ndare personligen. De identifierar dock en anv\u00e4ndares dator.<\/p>\n\n\n\n<p class=\"\">De flesta webbl\u00e4sare godk\u00e4nner cookies automatiskt, men om ni vill kan ni st\u00e4lla in webbl\u00e4saren s\u00e5 att den inte automatiskt godk\u00e4nner cookies. Det flesta webbl\u00e4sare har ett hj\u00e4lpavsnitt som f\u00f6rklarar de olika alternativen f\u00f6r hantering av cookies. Om ni inaktiverar cookies kanske ni inte f\u00e5r tillg\u00e5ng till alla funktioner p\u00e5 MCS hemsidor.<\/p>\n\n\n\n<p class=\"\">MCS hemsidor kan skapa cookies f\u00f6r f\u00f6ljande syften:<\/p>\n\n\n\n<ul class=\"wp-block-list\">\n<li>Analys \u2013 g\u00f6r det m\u00f6jligt f\u00f6r oss att \u00f6vervaka hur bes\u00f6kare anv\u00e4nder hemsidan och optimera hemsidans inneh\u00e5ll i syfte att f\u00f6rb\u00e4ttra anv\u00e4ndarupplevelsen<\/li>\n\n\n\n<li>H\u00e4mta information som ni har angett i formul\u00e4rsf\u00e4lten, s\u00e5 att ni spar tid genom att inte beh\u00f6va skriva in informationen i f\u00e4lten p\u00e5 nytt<\/li>\n\n\n\n<li>Annonsera produkter och tj\u00e4nster p\u00e5 andra platser, s\u00e5 att vi ska kunna visa annonser f\u00f6r er n\u00e4r ni befinner er p\u00e5 andra hemsidor<\/li>\n<\/ul>\n\n\n\n<p class=\"\"><strong>Cookies fr\u00e5n tredje part<\/strong><\/p>\n\n\n\n<p class=\"\"><strong>Sociala medier<\/strong><\/p>\n\n\n\n<p class=\"\">V\u00e5r hemsida har knappar eller widgets f\u00f6r delning via sociala medier som styrs av en tredje part som kallas \u201dAddthis\u201d. Dessa funktioner kan samla in information om er IP-adress, vilken sida ni bes\u00f6ker p\u00e5 v\u00e5r hemsida och kan skapa en cookie s\u00e5 att r\u00e4tt funktioner aktiveras. Er interaktion med dessa funktioner registreras av f\u00f6retaget som tillhandah\u00e5ller dem. Ni kan \u00e4ndra inst\u00e4llningar h\u00e4r&nbsp;<a href=\"http:\/\/www.youronlinechoices.com\/uk\/your-ad-choices\">http:\/\/www.youronlinechoices.com\/uk\/your-ad-choices<\/a>.<\/p>\n\n\n\n<p class=\"\"><strong>Google Analytics<\/strong><\/p>\n\n\n\n<p class=\"\">Vi samlar in data och information genom Google Analytics om de sidor ni bes\u00f6ker. Detta&nbsp; f\u00f6r att \u00f6vervaka hur v\u00e5r hemsida fungerar och se hur vi kan f\u00f6rb\u00e4ttra anv\u00e4ndarupplevelsen. Vi delar inte information med Google, och alla IP-adresser \u00e4r anonymiserade. Googles integritetspolicy finns p\u00e5:&nbsp;<a href=\"http:\/\/www.google.com\/privacypolicy.html\">www.google.com\/privacypolicy.html<\/a>.<\/p>\n\n\n\n<p class=\"\"><strong>Hubspot<\/strong><\/p>\n\n\n\n<p class=\"\">Vi vill uppm\u00e4rksamma er p\u00e5 att vi sp\u00e5rar de sidor ni bes\u00f6ker via Hubspot, f\u00f6r att hj\u00e4lpa oss att f\u00f6rst\u00e5 vad ni \u00e4r intresserade av och f\u00f6r att g\u00f6ra det m\u00f6jligt f\u00f6r oss att ge er r\u00e4tt, relevant information, om ni v\u00e4ljer att ta emot marknadsmaterial.<\/p>\n\n\n\n<p class=\"\"><strong>S\u00e4kerhet<\/strong><\/p>\n\n\n\n<p class=\"\">Alla personuppgifter ni ger oss h\u00e5lls s\u00e4ker och behandlas konfidentiellt. MCS delar inte era uppgifter med andra f\u00f6retag som inte tillh\u00f6r eller samarbetar med MCS. Vi f\u00f6ljer alla standarder i branschen f\u00f6r att skydda informationen som vi f\u00e5r. Vi lagrar all information p\u00e5 ett s\u00e4kert s\u00e4tt b\u00e5de n\u00e4r vi \u00f6verf\u00f6r den och n\u00e4r vi tar emot den. Detta s\u00e4kerst\u00e4ller att era uppgifter inte f\u00f6rloras eller missbrukas, och att obeh\u00f6riga inte f\u00e5r tillg\u00e5ng till dem, avsl\u00f6jar, \u00e4ndrar eller f\u00f6rst\u00f6r dem. Vi kan dock inte garantera att vi kan eliminera all risk f\u00f6r missbruk av era personuppgifter fr\u00e5n ont upps\u00e5t. Skydda era inloggningsuppgifter och kontakta oss omedelbart om ni uppt\u00e4cker obeh\u00f6rig anv\u00e4ndning av ert l\u00f6senord eller andra s\u00e4kerhetsbrister.<\/p>\n\n\n\n<p class=\"\">Vi kan offentligg\u00f6ra era personuppgifter och\/eller anv\u00e4ndaruppgifter om vi ombeds att g\u00f6ra detta av polisen eller andra juridiska eller statliga myndigheter som utreder misst\u00e4nkt olaglig aktivitet.<\/p>\n\n\n\n<p class=\"\"><strong>Uppdatering av denna policy<\/strong><\/p>\n\n\n\n<p class=\"\">MCS kan uppdatera denna integritetspolicy genom att l\u00e4gga upp en ny version p\u00e5 den h\u00e4r hemsidan.<\/p>\n\n\n\n<p class=\"\"><strong>MCS appar: Transport mobil och Mobil verkstad<\/strong><\/p>\n\n\n\n<p class=\"\">Om GPS-sp\u00e5rning i bakgrunden &#8211; Baserat p\u00e5 inst\u00e4llningarna i MCS-rm (er backend-applikation), kommer apparna i bakgrunden bekr\u00e4fta GPS-positioner. Denna information lagras i huvudsystemet s\u00e5 att transportplanerare kan se var olika f\u00f6rare befinner sig.<\/p>\n\n\n\n<p class=\"\">Om fel uppst\u00e5r i applikationen skickas information och data till MCS f\u00f6r att underl\u00e4tta fels\u00f6kning och f\u00f6r att s\u00e4kerst\u00e4lla applikationens stabilitet.<\/p>\n\n\n\n<p class=\"\">All information som knappas in, och bilder som laddas upp via apparna, skickas tillbaka till huvudsystemet MCS-rm.<\/p>\n\n\n\n<p class=\"\"><strong>Kontakt<\/strong><\/p>\n\n\n\n<p class=\"\">Ni \u00e4r v\u00e4lkomna att kontakta MCS ang\u00e5ende v\u00e5r integritetspolicy om ni har fr\u00e5gor:<\/p>\n\n\n\n<p class=\"\">Personuppgiftsansvarig<br>MCS Rental Software Ltd<br>Oakwood<br>Grove Business Park<br>White Waltham<br>Berkshire<br>SL6 3LW, Storbritannien<\/p>\n\n\n\n<p class=\"\">Tfn: +44(0)1628 828000<br>E-post: hej@mcsrentalsoftware.com<\/p>\n","protected":false},"excerpt":{"rendered":"<p>MCS integritetspolicy Er integritet \u00e4r mycket viktig f\u00f6r MCS. Vi arbetar f\u00f6r att behandlingen av personuppgifter som genomf\u00f6rs av eller p\u00e5 uppdrag av MCS Rental Software Ltd ska vara r\u00e4ttvis och rimlig och att era personuppgifter ska vara skyddade, korrekta och aktuella. MCS kan&#8230;<\/p>\n","protected":false},"author":8,"featured_media":0,"parent":0,"menu_order":325,"comment_status":"closed","ping_status":"closed","template":"","meta":{"_acf_changed":false,"content-type":"","footnotes":""},"class_list":["post-10544","page","type-page","status-publish","hentry"],"acf":[],"yoast_head":"<!-- This site is optimized with the Yoast SEO Premium plugin v26.5 (Yoast SEO v27.2) - https:\/\/yoast.com\/product\/yoast-seo-premium-wordpress\/ -->\n<title>Integritetspolicy | MCS<\/title>\n<meta name=\"description\" content=\"Vi arbetar f\u00f6r att behandlingen av personuppgifter som genomf\u00f6rs ska vara r\u00e4ttvis och rimlig och att era personuppgifter ska vara skyddade, korrekta och aktuella.\" \/>\n<meta name=\"robots\" content=\"index, follow, max-snippet:-1, max-image-preview:large, max-video-preview:-1\" \/>\n<link rel=\"canonical\" href=\"https:\/\/www.mcsrentalsoftware.com\/se\/integritetspolicy\/\" \/>\n<meta property=\"og:locale\" content=\"sv_SE\" \/>\n<meta property=\"og:type\" content=\"article\" \/>\n<meta property=\"og:title\" content=\"Integritetspolicy\" \/>\n<meta property=\"og:description\" content=\"Vi arbetar f\u00f6r att behandlingen av personuppgifter som genomf\u00f6rs ska vara r\u00e4ttvis och rimlig och att era personuppgifter ska vara skyddade, korrekta och aktuella.\" \/>\n<meta property=\"og:url\" content=\"https:\/\/www.mcsrentalsoftware.com\/se\/integritetspolicy\/\" \/>\n<meta property=\"og:site_name\" content=\"MCS\" \/>\n<meta property=\"article:publisher\" content=\"https:\/\/www.facebook.com\/mcsrentalsoftware\" \/>\n<meta property=\"article:modified_time\" content=\"2026-03-23T17:19:20+00:00\" \/>\n<meta name=\"twitter:card\" content=\"summary_large_image\" \/>\n<meta name=\"twitter:label1\" content=\"Ber\u00e4knad l\u00e4stid\" \/>\n\t<meta name=\"twitter:data1\" content=\"5 minuter\" \/>\n<script type=\"application\/ld+json\" class=\"yoast-schema-graph\">{\"@context\":\"https:\/\/schema.org\",\"@graph\":[{\"@type\":\"WebPage\",\"@id\":\"https:\/\/www.mcsrentalsoftware.com\/se\/integritetspolicy\/\",\"url\":\"https:\/\/www.mcsrentalsoftware.com\/se\/integritetspolicy\/\",\"name\":\"Integritetspolicy | MCS\",\"isPartOf\":{\"@id\":\"https:\/\/www.mcsrentalsoftware.com\/se\/#website\"},\"datePublished\":\"2025-01-07T10:11:09+00:00\",\"dateModified\":\"2026-03-23T17:19:20+00:00\",\"description\":\"Vi arbetar f\u00f6r att behandlingen av personuppgifter som genomf\u00f6rs ska vara r\u00e4ttvis och rimlig och att era personuppgifter ska vara skyddade, korrekta och aktuella.\",\"breadcrumb\":{\"@id\":\"https:\/\/www.mcsrentalsoftware.com\/se\/integritetspolicy\/#breadcrumb\"},\"inLanguage\":\"sv-SE\",\"potentialAction\":[{\"@type\":\"ReadAction\",\"target\":[\"https:\/\/www.mcsrentalsoftware.com\/se\/integritetspolicy\/\"]}]},{\"@type\":\"BreadcrumbList\",\"@id\":\"https:\/\/www.mcsrentalsoftware.com\/se\/integritetspolicy\/#breadcrumb\",\"itemListElement\":[{\"@type\":\"ListItem\",\"position\":1,\"name\":\"Home\",\"item\":\"https:\/\/www.mcsrentalsoftware.com\/se\/\"},{\"@type\":\"ListItem\",\"position\":2,\"name\":\"Integritetspolicy\"}]},{\"@type\":\"WebSite\",\"@id\":\"https:\/\/www.mcsrentalsoftware.com\/se\/#website\",\"url\":\"https:\/\/www.mcsrentalsoftware.com\/se\/\",\"name\":\"MCS\",\"description\":\"\",\"publisher\":{\"@id\":\"https:\/\/www.mcsrentalsoftware.com\/se\/#organization\"},\"potentialAction\":[{\"@type\":\"SearchAction\",\"target\":{\"@type\":\"EntryPoint\",\"urlTemplate\":\"https:\/\/www.mcsrentalsoftware.com\/se\/?s={search_term_string}\"},\"query-input\":{\"@type\":\"PropertyValueSpecification\",\"valueRequired\":true,\"valueName\":\"search_term_string\"}}],\"inLanguage\":\"sv-SE\"},{\"@type\":\"Organization\",\"@id\":\"https:\/\/www.mcsrentalsoftware.com\/se\/#organization\",\"name\":\"MCS\",\"url\":\"https:\/\/www.mcsrentalsoftware.com\/se\/\",\"logo\":{\"@type\":\"ImageObject\",\"inLanguage\":\"sv-SE\",\"@id\":\"https:\/\/www.mcsrentalsoftware.com\/se\/#\/schema\/logo\/image\/\",\"url\":\"https:\/\/www.mcsrentalsoftware.com\/wp-content\/uploads\/2025\/01\/logo.svg\",\"contentUrl\":\"https:\/\/www.mcsrentalsoftware.com\/wp-content\/uploads\/2025\/01\/logo.svg\",\"width\":113,\"height\":36,\"caption\":\"MCS\"},\"image\":{\"@id\":\"https:\/\/www.mcsrentalsoftware.com\/se\/#\/schema\/logo\/image\/\"},\"sameAs\":[\"https:\/\/www.facebook.com\/mcsrentalsoftware\",\"https:\/\/www.instagram.com\/mcsrentalsoftware\/\",\"https:\/\/www.linkedin.com\/company\/mcs-rental-software\/\",\"https:\/\/www.youtube.com\/@MCSRentalSoftware\"],\"email\":\"hello@mcsrentalsoftware.com\",\"numberOfEmployees\":{\"@type\":\"QuantitativeValue\",\"minValue\":\"51\",\"maxValue\":\"200\"}}]}<\/script>\n<!-- \/ Yoast SEO Premium plugin. -->","yoast_head_json":{"title":"Integritetspolicy | MCS","description":"Vi arbetar f\u00f6r att behandlingen av personuppgifter som genomf\u00f6rs ska vara r\u00e4ttvis och rimlig och att era personuppgifter ska vara skyddade, korrekta och aktuella.","robots":{"index":"index","follow":"follow","max-snippet":"max-snippet:-1","max-image-preview":"max-image-preview:large","max-video-preview":"max-video-preview:-1"},"canonical":"https:\/\/www.mcsrentalsoftware.com\/se\/integritetspolicy\/","og_locale":"sv_SE","og_type":"article","og_title":"Integritetspolicy","og_description":"Vi arbetar f\u00f6r att behandlingen av personuppgifter som genomf\u00f6rs ska vara r\u00e4ttvis och rimlig och att era personuppgifter ska vara skyddade, korrekta och aktuella.","og_url":"https:\/\/www.mcsrentalsoftware.com\/se\/integritetspolicy\/","og_site_name":"MCS","article_publisher":"https:\/\/www.facebook.com\/mcsrentalsoftware","article_modified_time":"2026-03-23T17:19:20+00:00","twitter_card":"summary_large_image","twitter_misc":{"Ber\u00e4knad l\u00e4stid":"5 minuter"},"schema":{"@context":"https:\/\/schema.org","@graph":[{"@type":"WebPage","@id":"https:\/\/www.mcsrentalsoftware.com\/se\/integritetspolicy\/","url":"https:\/\/www.mcsrentalsoftware.com\/se\/integritetspolicy\/","name":"Integritetspolicy | MCS","isPartOf":{"@id":"https:\/\/www.mcsrentalsoftware.com\/se\/#website"},"datePublished":"2025-01-07T10:11:09+00:00","dateModified":"2026-03-23T17:19:20+00:00","description":"Vi arbetar f\u00f6r att behandlingen av personuppgifter som genomf\u00f6rs ska vara r\u00e4ttvis och rimlig och att era personuppgifter ska vara skyddade, korrekta och aktuella.","breadcrumb":{"@id":"https:\/\/www.mcsrentalsoftware.com\/se\/integritetspolicy\/#breadcrumb"},"inLanguage":"sv-SE","potentialAction":[{"@type":"ReadAction","target":["https:\/\/www.mcsrentalsoftware.com\/se\/integritetspolicy\/"]}]},{"@type":"BreadcrumbList","@id":"https:\/\/www.mcsrentalsoftware.com\/se\/integritetspolicy\/#breadcrumb","itemListElement":[{"@type":"ListItem","position":1,"name":"Home","item":"https:\/\/www.mcsrentalsoftware.com\/se\/"},{"@type":"ListItem","position":2,"name":"Integritetspolicy"}]},{"@type":"WebSite","@id":"https:\/\/www.mcsrentalsoftware.com\/se\/#website","url":"https:\/\/www.mcsrentalsoftware.com\/se\/","name":"MCS","description":"","publisher":{"@id":"https:\/\/www.mcsrentalsoftware.com\/se\/#organization"},"potentialAction":[{"@type":"SearchAction","target":{"@type":"EntryPoint","urlTemplate":"https:\/\/www.mcsrentalsoftware.com\/se\/?s={search_term_string}"},"query-input":{"@type":"PropertyValueSpecification","valueRequired":true,"valueName":"search_term_string"}}],"inLanguage":"sv-SE"},{"@type":"Organization","@id":"https:\/\/www.mcsrentalsoftware.com\/se\/#organization","name":"MCS","url":"https:\/\/www.mcsrentalsoftware.com\/se\/","logo":{"@type":"ImageObject","inLanguage":"sv-SE","@id":"https:\/\/www.mcsrentalsoftware.com\/se\/#\/schema\/logo\/image\/","url":"https:\/\/www.mcsrentalsoftware.com\/wp-content\/uploads\/2025\/01\/logo.svg","contentUrl":"https:\/\/www.mcsrentalsoftware.com\/wp-content\/uploads\/2025\/01\/logo.svg","width":113,"height":36,"caption":"MCS"},"image":{"@id":"https:\/\/www.mcsrentalsoftware.com\/se\/#\/schema\/logo\/image\/"},"sameAs":["https:\/\/www.facebook.com\/mcsrentalsoftware","https:\/\/www.instagram.com\/mcsrentalsoftware\/","https:\/\/www.linkedin.com\/company\/mcs-rental-software\/","https:\/\/www.youtube.com\/@MCSRentalSoftware"],"email":"hello@mcsrentalsoftware.com","numberOfEmployees":{"@type":"QuantitativeValue","minValue":"51","maxValue":"200"}}]}},"_links":{"self":[{"href":"https:\/\/www.mcsrentalsoftware.com\/se\/wp-json\/wp\/v2\/pages\/10544","targetHints":{"allow":["GET"]}}],"collection":[{"href":"https:\/\/www.mcsrentalsoftware.com\/se\/wp-json\/wp\/v2\/pages"}],"about":[{"href":"https:\/\/www.mcsrentalsoftware.com\/se\/wp-json\/wp\/v2\/types\/page"}],"author":[{"embeddable":true,"href":"https:\/\/www.mcsrentalsoftware.com\/se\/wp-json\/wp\/v2\/users\/8"}],"replies":[{"embeddable":true,"href":"https:\/\/www.mcsrentalsoftware.com\/se\/wp-json\/wp\/v2\/comments?post=10544"}],"version-history":[{"count":2,"href":"https:\/\/www.mcsrentalsoftware.com\/se\/wp-json\/wp\/v2\/pages\/10544\/revisions"}],"predecessor-version":[{"id":36187,"href":"https:\/\/www.mcsrentalsoftware.com\/se\/wp-json\/wp\/v2\/pages\/10544\/revisions\/36187"}],"wp:attachment":[{"href":"https:\/\/www.mcsrentalsoftware.com\/se\/wp-json\/wp\/v2\/media?parent=10544"}],"curies":[{"name":"wp","href":"https:\/\/api.w.org\/{rel}","templated":true}]}}