{"id":10494,"date":"2025-02-17T15:37:07","date_gmt":"2025-02-17T15:37:07","guid":{"rendered":"https:\/\/mcsrentalsoftware.com\/?page_id=10494"},"modified":"2025-08-06T14:08:20","modified_gmt":"2025-08-06T13:08:20","slug":"mcs-hallbarhetspolicy","status":"publish","type":"page","link":"https:\/\/www.mcsrentalsoftware.com\/se\/om-oss\/mcs-hallbarhetspolicy\/","title":{"rendered":"MCS H\u00e5llbarhetspolicy"},"content":{"rendered":"\n<div class=\"wp-block-group alignfull is-layout-constrained wp-block-group-is-layout-constrained\">\n<div class=\"wp-block-group alignwide is-style-hero-text is-layout-flow wp-block-group-is-layout-flow\">\n<h1 class=\"wp-block-heading\" id=\"h-mcs-hallbarhetspolicy\">MCS H\u00e5llbarhetspolicy<\/h1>\n\n\n\n<p class=\"\">P\u00e5 MCS anser vi att vi har en skyldighet &#8211; gentemot v\u00e5ra kunder, v\u00e5ra anst\u00e4llda, v\u00e5rt samh\u00e4lle och milj\u00f6n &#8211; att bedriva v\u00e5r verksamhet p\u00e5 ett h\u00e5llbart s\u00e4tt.<\/p>\n\n\n\n<div class=\"wp-block-buttons is-layout-flex wp-block-buttons-is-layout-flex\">\n<div class=\"wp-block-button\"><a class=\"wp-block-button__link wp-element-button\" href=\"https:\/\/www.mcsrentalsoftware.com\/se\/kontakt\/\">Kontakt<\/a><\/div>\n<\/div>\n<\/div>\n<\/div>\n\n\n\n<div class=\"wp-block-group alignwide is-layout-constrained wp-block-group-is-layout-constrained\">\n<p class=\"\">MCS h\u00e5llbarhetspolicy baseras p\u00e5 effektiv hantering av s\u00e4kerhet, h\u00e4lsa, milj\u00f6, kvalitet, energi och minskning av koldioxidutsl\u00e4pp. I enlighet med v\u00e5r ISO-ackreditering ses v\u00e5r h\u00e5llbarhetspolicy regelbundet \u00f6ver, uppdateras och kommuniceras.<\/p>\n\n\n\n<p class=\"\">&#8221;P\u00e5 MCS \u00e4r min roll som VD att se till att v\u00e5r verksamhet bedrivs p\u00e5 ett h\u00e5llbart s\u00e4tt, inte bara f\u00f6r milj\u00f6ns och samh\u00e4llets skull, utan \u00e4ven f\u00f6r att det \u00e4r aff\u00e4rsm\u00e4ssigt f\u00f6rdelaktigt att g\u00f6ra det. Vi \u00e5tar oss att ta hand om v\u00e5ra medarbetare, v\u00e5r planet och dess resurser och se till att v\u00e5r verksamhet drivs p\u00e5 ett ansvarsfullt s\u00e4tt.&#8221;<br><strong>Guy van der Knaap, verkst\u00e4llande direkt\u00f6r<\/strong><\/p>\n\n\n\n<h2 class=\"wp-block-heading is-style-h5\" id=\"h-omsorg-om-vart-team\">Omsorg om v\u00e5rt team<\/h2>\n\n\n\n<p class=\"\">P\u00e5 MCS str\u00e4var vi efter att skapa en engagerande och st\u00e4rkande milj\u00f6 d\u00e4r alla v\u00e5ra anst\u00e4llda har m\u00f6jlighet att v\u00e4xa och trivas. Vi visar respekt f\u00f6r v\u00e5ra kollegor och kunder, och v\u00e5rdar en kultur som pr\u00e4glas av delaktighet, m\u00e5ngfald och st\u00f6d. V\u00e5rt team arbetar kontinuerligt med att f\u00f6rb\u00e4ttra v\u00e5ra processer, och tr\u00e4ning\/utbildning tillhandah\u00e5lls vid behov.<\/p>\n\n\n\n<h2 class=\"wp-block-heading is-style-h5\" id=\"h-innovation-och-kundfokus\">Innovation och kundfokus<\/h2>\n\n\n\n<p class=\"\">Som en del av v\u00e5rt n\u00e4ra samarbete med v\u00e5ra kunder utvecklas v\u00e5rt huvudsystem, webbaserade och mobila mjukvarul\u00f6sningar kontinuerligt f\u00f6r att m\u00f6ta kundernas och branschens skiftande behov.<\/p>\n\n\n\n<h2 class=\"wp-block-heading is-style-h5\" id=\"h-halsa-och-sakerhet\">H\u00e4lsa och s\u00e4kerhet<\/h2>\n\n\n\n<p class=\"\">Vi anser att alla har r\u00e4tt till en s\u00e4ker och h\u00e4lsosam arbetsmilj\u00f6. Vi str\u00e4var efter att ta itu med h\u00e4lso- och s\u00e4kerhetsrisker, identifiera brister i kompetens och fr\u00e4mja en s\u00e4ker organisationskultur. F\u00f6retaget uppmuntrar aktivt en balans mellan arbete och privatliv genom flexibelt arbete och tillg\u00e5ng till v\u00e4lf\u00e4rds- och st\u00f6dtj\u00e4nster.<\/p>\n\n\n\n<h2 class=\"wp-block-heading is-style-h5\" id=\"h-miljoansvar-och-samhalle\">Milj\u00f6ansvar och samh\u00e4lle<\/h2>\n\n\n\n<p class=\"\">MCS bidrar till lokala samh\u00e4llsprojekt och donerar 10 % av sin vinst till v\u00e4lg\u00f6renhetsorganisationer varje \u00e5r. F\u00f6r att minska v\u00e5r milj\u00f6p\u00e5verkan str\u00e4var vi efter att uppn\u00e5 f\u00f6ljande:<\/p>\n\n\n\n<ul class=\"wp-block-list\">\n<li>Minimera koldioxidutsl\u00e4ppen genom effektiv energi- och transporthantering<\/li>\n<\/ul>\n\n\n\n<ul class=\"wp-block-list\">\n<li>Uppmuntra anv\u00e4ndningen av kollektivtrafik, g\u00e5ng- och cykeltrafik samt delning av fordon<\/li>\n<\/ul>\n\n\n\n<ul class=\"wp-block-list\">\n<li>Att minimera milj\u00f6p\u00e5verkan fr\u00e5n avfall genom l\u00e4mplig \u00e5teranv\u00e4ndning och \u00e5tervinning<\/li>\n<\/ul>\n\n\n\n<ul class=\"wp-block-list\">\n<li>Utveckla arbetsmetoder f\u00f6r att minska avfall och f\u00f6rebygga f\u00f6roreningarn<\/li>\n<\/ul>\n\n\n\n<ul class=\"wp-block-list\">\n<li>Att till\u00e5ta flexibelt arbete f\u00f6r att minska restiden och br\u00e4nslef\u00f6rbrukningen<\/li>\n<\/ul>\n<\/div>\n\n\n\n<div class=\"wp-block-media-text alignwide is-stacked-on-mobile is-image-fill-element has-green-gradient-background has-background\" style=\"grid-template-columns:55% auto\"><figure class=\"wp-block-media-text__media\"><img loading=\"lazy\" decoding=\"async\" width=\"717\" height=\"386\" src=\"https:\/\/www.mcsrentalsoftware.com\/wp-content\/uploads\/2025\/03\/5-3.png\" alt=\"\" class=\"wp-image-5809 size-full\" style=\"object-position:50% 50%\" srcset=\"https:\/\/www.mcsrentalsoftware.com\/wp-content\/uploads\/2025\/03\/5-3.png 717w, https:\/\/www.mcsrentalsoftware.com\/wp-content\/uploads\/2025\/03\/5-3-300x162.png 300w\" sizes=\"auto, (max-width: 717px) 100vw, 717px\" \/><\/figure><div class=\"wp-block-media-text__content\">\n<h2 class=\"wp-block-heading\" id=\"h-en-koldioxidneutral-verksamhet\"><strong><strong><strong>En koldioxidneutral verksamhet<\/strong><\/strong><\/strong><\/h2>\n\n\n\n<p class=\"\">P\u00e5 MCS \u00e4r vi stolta \u00f6ver att vara ett koldioxidneutralt f\u00f6retag som leder v\u00e4gen f\u00f6r h\u00e5llbarhet inom uthyrningsbranschen. Genom att kompensera f\u00f6r v\u00e5ra utsl\u00e4pp och minska v\u00e5r milj\u00f6p\u00e5verkan bidrar vi till att skapa en gr\u00f6nare framtid f\u00f6r v\u00e5r planet.<\/p>\n\n\n\n<div class=\"wp-block-buttons is-layout-flex wp-block-buttons-is-layout-flex\">\n<div class=\"wp-block-button\"><a class=\"wp-block-button__link wp-element-button\" href=\"https:\/\/www.mcsrentalsoftware.com\/se\/om-oss\/mcs-hallbarhetspolicy\/\">L\u00e4s v\u00e5r h\u00e5llbarhetspolicy<\/a><\/div>\n<\/div>\n<\/div><\/div>\n\n\n\n<div class=\"wp-block-group alignwide is-layout-flow wp-block-group-is-layout-flow\">\n<div class=\"wp-block-media-text alignwide has-media-on-the-right is-stacked-on-mobile is-image-fill-element has-white-color has-tertiary-background-color has-text-color has-background has-link-color wp-elements-8174556ffe72e834a273eb46a9c9abef\"><div class=\"wp-block-media-text__content\">\n<h2 class=\"wp-block-heading\" id=\"h-ar-ni-redo-att-ta-er-uthyrningsverksamhet-till-nasta-niva\">\u00c4r ni redo att ta er uthyrningsverksamhet till n\u00e4sta niv\u00e5?<\/h2>\n\n\n\n<p class=\"\">MCS trevliga och kunniga produktexperter finns h\u00e4r f\u00f6r att v\u00e4gleda er och hitta den perfekta l\u00f6sningen f\u00f6r just era behov, f\u00f6r att hj\u00e4lpa er v\u00e4xa och blomstra.<\/p>\n\n\n\n<div class=\"wp-block-buttons is-layout-flex wp-block-buttons-is-layout-flex\">\n<div class=\"wp-block-button\"><a class=\"wp-block-button__link wp-element-button\" href=\"https:\/\/www.mcsrentalsoftware.com\/se\/kontakt\/\">Kontakta oss idag<\/a><\/div>\n<\/div>\n<\/div><figure class=\"wp-block-media-text__media\"><img loading=\"lazy\" decoding=\"async\" width=\"1024\" height=\"639\" src=\"https:\/\/www.mcsrentalsoftware.com\/wp-content\/uploads\/2026\/03\/mcs-team-1-1024x639.png\" alt=\"\" class=\"wp-image-35993 size-full\" style=\"object-position:50% 50%\" srcset=\"https:\/\/www.mcsrentalsoftware.com\/wp-content\/uploads\/2026\/03\/mcs-team-1-1024x639.png 1024w, https:\/\/www.mcsrentalsoftware.com\/wp-content\/uploads\/2026\/03\/mcs-team-1-300x187.png 300w, https:\/\/www.mcsrentalsoftware.com\/wp-content\/uploads\/2026\/03\/mcs-team-1-768x479.png 768w, https:\/\/www.mcsrentalsoftware.com\/wp-content\/uploads\/2026\/03\/mcs-team-1-474x296.png 474w, https:\/\/www.mcsrentalsoftware.com\/wp-content\/uploads\/2026\/03\/mcs-team-1.png 1420w\" sizes=\"auto, (max-width: 1024px) 100vw, 1024px\" \/><\/figure><\/div>\n<\/div>\n","protected":false},"excerpt":{"rendered":"<p>MCS H\u00e5llbarhetspolicy P\u00e5 MCS anser vi att vi har en skyldighet &#8211; gentemot v\u00e5ra kunder, v\u00e5ra anst\u00e4llda, v\u00e5rt samh\u00e4lle och milj\u00f6n &#8211; att bedriva v\u00e5r verksamhet p\u00e5 ett h\u00e5llbart s\u00e4tt. MCS h\u00e5llbarhetspolicy baseras p\u00e5 effektiv hantering av s\u00e4kerhet, h\u00e4lsa, milj\u00f6, kvalitet, energi och minskning&#8230;<\/p>\n","protected":false},"author":8,"featured_media":0,"parent":3226,"menu_order":230,"comment_status":"closed","ping_status":"closed","template":"","meta":{"_acf_changed":false,"content-type":"","footnotes":""},"class_list":["post-10494","page","type-page","status-publish","hentry"],"acf":[],"yoast_head":"<!-- This site is optimized with the Yoast SEO Premium plugin v26.5 (Yoast SEO v27.3) - https:\/\/yoast.com\/product\/yoast-seo-premium-wordpress\/ -->\n<title>MCS H\u00e5llbarhetspolicy | MCS<\/title>\n<meta name=\"robots\" content=\"index, follow, max-snippet:-1, max-image-preview:large, max-video-preview:-1\" \/>\n<link rel=\"canonical\" href=\"https:\/\/www.mcsrentalsoftware.com\/se\/om-oss\/mcs-hallbarhetspolicy\/\" \/>\n<meta property=\"og:locale\" content=\"sv_SE\" \/>\n<meta property=\"og:type\" content=\"article\" \/>\n<meta property=\"og:title\" content=\"MCS H\u00e5llbarhetspolicy\" \/>\n<meta property=\"og:description\" content=\"MCS H\u00e5llbarhetspolicy P\u00e5 MCS anser vi att vi har en skyldighet &#8211; gentemot v\u00e5ra kunder, v\u00e5ra anst\u00e4llda, v\u00e5rt samh\u00e4lle och milj\u00f6n &#8211; att bedriva v\u00e5r verksamhet p\u00e5 ett h\u00e5llbart s\u00e4tt. MCS h\u00e5llbarhetspolicy baseras p\u00e5 effektiv hantering av s\u00e4kerhet, h\u00e4lsa, milj\u00f6, kvalitet, energi och minskning...\" \/>\n<meta property=\"og:url\" content=\"https:\/\/www.mcsrentalsoftware.com\/se\/om-oss\/mcs-hallbarhetspolicy\/\" \/>\n<meta property=\"og:site_name\" content=\"MCS\" \/>\n<meta property=\"article:publisher\" content=\"https:\/\/www.facebook.com\/mcsrentalsoftware\" \/>\n<meta property=\"article:modified_time\" content=\"2025-08-06T13:08:20+00:00\" \/>\n<meta name=\"twitter:card\" content=\"summary_large_image\" \/>\n<meta name=\"twitter:label1\" content=\"Ber\u00e4knad l\u00e4stid\" \/>\n\t<meta name=\"twitter:data1\" content=\"3 minuter\" \/>\n<script type=\"application\/ld+json\" class=\"yoast-schema-graph\">{\"@context\":\"https:\\\/\\\/schema.org\",\"@graph\":[{\"@type\":\"WebPage\",\"@id\":\"https:\\\/\\\/www.mcsrentalsoftware.com\\\/se\\\/om-oss\\\/mcs-hallbarhetspolicy\\\/\",\"url\":\"https:\\\/\\\/www.mcsrentalsoftware.com\\\/se\\\/om-oss\\\/mcs-hallbarhetspolicy\\\/\",\"name\":\"MCS H\u00e5llbarhetspolicy | MCS\",\"isPartOf\":{\"@id\":\"https:\\\/\\\/www.mcsrentalsoftware.com\\\/se\\\/#website\"},\"datePublished\":\"2025-02-17T15:37:07+00:00\",\"dateModified\":\"2025-08-06T13:08:20+00:00\",\"breadcrumb\":{\"@id\":\"https:\\\/\\\/www.mcsrentalsoftware.com\\\/se\\\/om-oss\\\/mcs-hallbarhetspolicy\\\/#breadcrumb\"},\"inLanguage\":\"sv-SE\",\"potentialAction\":[{\"@type\":\"ReadAction\",\"target\":[\"https:\\\/\\\/www.mcsrentalsoftware.com\\\/se\\\/om-oss\\\/mcs-hallbarhetspolicy\\\/\"]}]},{\"@type\":\"BreadcrumbList\",\"@id\":\"https:\\\/\\\/www.mcsrentalsoftware.com\\\/se\\\/om-oss\\\/mcs-hallbarhetspolicy\\\/#breadcrumb\",\"itemListElement\":[{\"@type\":\"ListItem\",\"position\":1,\"name\":\"Home\",\"item\":\"https:\\\/\\\/www.mcsrentalsoftware.com\\\/se\\\/\"},{\"@type\":\"ListItem\",\"position\":2,\"name\":\"Om oss\",\"item\":\"https:\\\/\\\/www.mcsrentalsoftware.com\\\/se\\\/about-us\\\/\"},{\"@type\":\"ListItem\",\"position\":3,\"name\":\"MCS H\u00e5llbarhetspolicy\"}]},{\"@type\":\"WebSite\",\"@id\":\"https:\\\/\\\/www.mcsrentalsoftware.com\\\/se\\\/#website\",\"url\":\"https:\\\/\\\/www.mcsrentalsoftware.com\\\/se\\\/\",\"name\":\"MCS\",\"description\":\"\",\"publisher\":{\"@id\":\"https:\\\/\\\/www.mcsrentalsoftware.com\\\/se\\\/#organization\"},\"potentialAction\":[{\"@type\":\"SearchAction\",\"target\":{\"@type\":\"EntryPoint\",\"urlTemplate\":\"https:\\\/\\\/www.mcsrentalsoftware.com\\\/se\\\/?s={search_term_string}\"},\"query-input\":{\"@type\":\"PropertyValueSpecification\",\"valueRequired\":true,\"valueName\":\"search_term_string\"}}],\"inLanguage\":\"sv-SE\"},{\"@type\":\"Organization\",\"@id\":\"https:\\\/\\\/www.mcsrentalsoftware.com\\\/se\\\/#organization\",\"name\":\"MCS\",\"url\":\"https:\\\/\\\/www.mcsrentalsoftware.com\\\/se\\\/\",\"logo\":{\"@type\":\"ImageObject\",\"inLanguage\":\"sv-SE\",\"@id\":\"https:\\\/\\\/www.mcsrentalsoftware.com\\\/se\\\/#\\\/schema\\\/logo\\\/image\\\/\",\"url\":\"https:\\\/\\\/www.mcsrentalsoftware.com\\\/wp-content\\\/uploads\\\/2025\\\/01\\\/logo.svg\",\"contentUrl\":\"https:\\\/\\\/www.mcsrentalsoftware.com\\\/wp-content\\\/uploads\\\/2025\\\/01\\\/logo.svg\",\"width\":113,\"height\":36,\"caption\":\"MCS\"},\"image\":{\"@id\":\"https:\\\/\\\/www.mcsrentalsoftware.com\\\/se\\\/#\\\/schema\\\/logo\\\/image\\\/\"},\"sameAs\":[\"https:\\\/\\\/www.facebook.com\\\/mcsrentalsoftware\",\"https:\\\/\\\/www.instagram.com\\\/mcsrentalsoftware\\\/\",\"https:\\\/\\\/www.linkedin.com\\\/company\\\/mcs-rental-software\\\/\",\"https:\\\/\\\/www.youtube.com\\\/@MCSRentalSoftware\"],\"email\":\"hello@mcsrentalsoftware.com\",\"numberOfEmployees\":{\"@type\":\"QuantitativeValue\",\"minValue\":\"51\",\"maxValue\":\"200\"}}]}<\/script>\n<!-- \/ Yoast SEO Premium plugin. -->","yoast_head_json":{"title":"MCS H\u00e5llbarhetspolicy | MCS","robots":{"index":"index","follow":"follow","max-snippet":"max-snippet:-1","max-image-preview":"max-image-preview:large","max-video-preview":"max-video-preview:-1"},"canonical":"https:\/\/www.mcsrentalsoftware.com\/se\/om-oss\/mcs-hallbarhetspolicy\/","og_locale":"sv_SE","og_type":"article","og_title":"MCS H\u00e5llbarhetspolicy","og_description":"MCS H\u00e5llbarhetspolicy P\u00e5 MCS anser vi att vi har en skyldighet &#8211; gentemot v\u00e5ra kunder, v\u00e5ra anst\u00e4llda, v\u00e5rt samh\u00e4lle och milj\u00f6n &#8211; att bedriva v\u00e5r verksamhet p\u00e5 ett h\u00e5llbart s\u00e4tt. MCS h\u00e5llbarhetspolicy baseras p\u00e5 effektiv hantering av s\u00e4kerhet, h\u00e4lsa, milj\u00f6, kvalitet, energi och minskning...","og_url":"https:\/\/www.mcsrentalsoftware.com\/se\/om-oss\/mcs-hallbarhetspolicy\/","og_site_name":"MCS","article_publisher":"https:\/\/www.facebook.com\/mcsrentalsoftware","article_modified_time":"2025-08-06T13:08:20+00:00","twitter_card":"summary_large_image","twitter_misc":{"Ber\u00e4knad l\u00e4stid":"3 minuter"},"schema":{"@context":"https:\/\/schema.org","@graph":[{"@type":"WebPage","@id":"https:\/\/www.mcsrentalsoftware.com\/se\/om-oss\/mcs-hallbarhetspolicy\/","url":"https:\/\/www.mcsrentalsoftware.com\/se\/om-oss\/mcs-hallbarhetspolicy\/","name":"MCS H\u00e5llbarhetspolicy | MCS","isPartOf":{"@id":"https:\/\/www.mcsrentalsoftware.com\/se\/#website"},"datePublished":"2025-02-17T15:37:07+00:00","dateModified":"2025-08-06T13:08:20+00:00","breadcrumb":{"@id":"https:\/\/www.mcsrentalsoftware.com\/se\/om-oss\/mcs-hallbarhetspolicy\/#breadcrumb"},"inLanguage":"sv-SE","potentialAction":[{"@type":"ReadAction","target":["https:\/\/www.mcsrentalsoftware.com\/se\/om-oss\/mcs-hallbarhetspolicy\/"]}]},{"@type":"BreadcrumbList","@id":"https:\/\/www.mcsrentalsoftware.com\/se\/om-oss\/mcs-hallbarhetspolicy\/#breadcrumb","itemListElement":[{"@type":"ListItem","position":1,"name":"Home","item":"https:\/\/www.mcsrentalsoftware.com\/se\/"},{"@type":"ListItem","position":2,"name":"Om oss","item":"https:\/\/www.mcsrentalsoftware.com\/se\/about-us\/"},{"@type":"ListItem","position":3,"name":"MCS H\u00e5llbarhetspolicy"}]},{"@type":"WebSite","@id":"https:\/\/www.mcsrentalsoftware.com\/se\/#website","url":"https:\/\/www.mcsrentalsoftware.com\/se\/","name":"MCS","description":"","publisher":{"@id":"https:\/\/www.mcsrentalsoftware.com\/se\/#organization"},"potentialAction":[{"@type":"SearchAction","target":{"@type":"EntryPoint","urlTemplate":"https:\/\/www.mcsrentalsoftware.com\/se\/?s={search_term_string}"},"query-input":{"@type":"PropertyValueSpecification","valueRequired":true,"valueName":"search_term_string"}}],"inLanguage":"sv-SE"},{"@type":"Organization","@id":"https:\/\/www.mcsrentalsoftware.com\/se\/#organization","name":"MCS","url":"https:\/\/www.mcsrentalsoftware.com\/se\/","logo":{"@type":"ImageObject","inLanguage":"sv-SE","@id":"https:\/\/www.mcsrentalsoftware.com\/se\/#\/schema\/logo\/image\/","url":"https:\/\/www.mcsrentalsoftware.com\/wp-content\/uploads\/2025\/01\/logo.svg","contentUrl":"https:\/\/www.mcsrentalsoftware.com\/wp-content\/uploads\/2025\/01\/logo.svg","width":113,"height":36,"caption":"MCS"},"image":{"@id":"https:\/\/www.mcsrentalsoftware.com\/se\/#\/schema\/logo\/image\/"},"sameAs":["https:\/\/www.facebook.com\/mcsrentalsoftware","https:\/\/www.instagram.com\/mcsrentalsoftware\/","https:\/\/www.linkedin.com\/company\/mcs-rental-software\/","https:\/\/www.youtube.com\/@MCSRentalSoftware"],"email":"hello@mcsrentalsoftware.com","numberOfEmployees":{"@type":"QuantitativeValue","minValue":"51","maxValue":"200"}}]}},"_links":{"self":[{"href":"https:\/\/www.mcsrentalsoftware.com\/se\/wp-json\/wp\/v2\/pages\/10494","targetHints":{"allow":["GET"]}}],"collection":[{"href":"https:\/\/www.mcsrentalsoftware.com\/se\/wp-json\/wp\/v2\/pages"}],"about":[{"href":"https:\/\/www.mcsrentalsoftware.com\/se\/wp-json\/wp\/v2\/types\/page"}],"author":[{"embeddable":true,"href":"https:\/\/www.mcsrentalsoftware.com\/se\/wp-json\/wp\/v2\/users\/8"}],"replies":[{"embeddable":true,"href":"https:\/\/www.mcsrentalsoftware.com\/se\/wp-json\/wp\/v2\/comments?post=10494"}],"version-history":[{"count":3,"href":"https:\/\/www.mcsrentalsoftware.com\/se\/wp-json\/wp\/v2\/pages\/10494\/revisions"}],"predecessor-version":[{"id":25973,"href":"https:\/\/www.mcsrentalsoftware.com\/se\/wp-json\/wp\/v2\/pages\/10494\/revisions\/25973"}],"up":[{"embeddable":true,"href":"https:\/\/www.mcsrentalsoftware.com\/se\/wp-json\/wp\/v2\/pages\/3226"}],"wp:attachment":[{"href":"https:\/\/www.mcsrentalsoftware.com\/se\/wp-json\/wp\/v2\/media?parent=10494"}],"curies":[{"name":"wp","href":"https:\/\/api.w.org\/{rel}","templated":true}]}}