{"id":9387,"date":"2025-03-07T13:31:05","date_gmt":"2025-03-07T13:31:05","guid":{"rendered":"https:\/\/mcsrentalstg.wpenginepowered.com\/?page_id=9387"},"modified":"2025-06-03T13:11:38","modified_gmt":"2025-06-03T12:11:38","slug":"webinaires","status":"publish","type":"page","link":"https:\/\/www.mcsrentalsoftware.com\/fr\/ressources\/webinaires\/","title":{"rendered":"Webinaires"},"content":{"rendered":"\n<div class=\"wp-block-group alignfull is-layout-constrained wp-block-group-is-layout-constrained\">\n<div class=\"wp-block-group alignwide is-style-hero-text is-layout-flow wp-block-group-is-layout-flow\">\n<h1 class=\"wp-block-heading\" id=\"h-webinaires\">Webinaires<\/h1>\n\n\n\n<p style=\"margin-top:var(--wp--preset--spacing--filter-sm)\" class=\"\">Enregistrez-vous \u00e0 un de nos webinars ou \u00e9coutez le replay pour d\u00e9couvrir des fonctionnalit\u00e9s sp\u00e9cifiques.<\/p>\n<\/div>\n<\/div>\n\n\n\n<div class=\"wp-block-group alignwide is-style-group-with-title is-layout-flow wp-block-group-is-layout-flow\">\n<div class=\"wp-block-filter-latest-posts\">\n\t\t\n\t\t\t\n\t\t<div class=\"grid list-wrapper archive-type-webinars\">\n\t\t\t\n<article id=\"post-13940\" class=\"wp-block-group is-style-card has-white-background-color has-background is-layout-constrained wp-block-group-is-layout-constrained filter-cards swiper-slide post-13940 webinars type-webinars status-publish has-post-thumbnail hentry\"  data-template=\"content-excerpt-post.php\">\n\n    <!-- Featured Image -->\n    <figure class=\"post-thumbnail\">\n        <img loading=\"lazy\" decoding=\"async\" width=\"474\" height=\"274\" src=\"https:\/\/www.mcsrentalsoftware.com\/wp-content\/uploads\/2025\/05\/CRMFRTitleOnly-474x274.webp\" class=\"attachment-archive-featured size-archive-featured wp-post-image\" alt=\"\" \/>    <\/figure>\n\n    <div class=\"card-text flow\">\n        <header class=\"entry-header\">\n            <p class=\"heading-sub\">\n                Webinaire                            <\/p>\n\t\t\t<h3 class=\"h4 wp-block-heading\">Am\u00e9liorez l&rsquo;Efficacit\u00e9 de votre Equipe Commerciale avec un CRM pour la location<\/h3>\n\t\t<\/header><!-- .entry-header -->\n\n        <!-- Read More Button -->\n        <div class=\"wp-block-buttons is-layout-flex wp-block-buttons-is-layout-flex\">\n            <div class=\"wp-block-button is-style-plain\">\n                <a class=\"wp-block-button__link wp-element-button\" href=\"https:\/\/www.mcsrentalsoftware.com\/fr\/ressources\/webinaires\/optimisation-crm-commercial\/\">\n                    Regarder le webinaire                    <span class=\"visually-hidden\">on Am\u00e9liorez l&rsquo;Efficacit\u00e9 de votre Equipe Commerciale avec un CRM pour la location<\/span>                <\/a>\n            <\/div>\n        <\/div>\n\n    <\/div>\n<\/article>\n\n<article id=\"post-13929\" class=\"wp-block-group is-style-card has-white-background-color has-background is-layout-constrained wp-block-group-is-layout-constrained filter-cards swiper-slide post-13929 webinars type-webinars status-publish has-post-thumbnail hentry\"  data-template=\"content-excerpt-post.php\">\n\n    <!-- Featured Image -->\n    <figure class=\"post-thumbnail\">\n        <img loading=\"lazy\" decoding=\"async\" width=\"474\" height=\"274\" src=\"https:\/\/www.mcsrentalsoftware.com\/wp-content\/uploads\/2025\/05\/PortableAccommodationTitleOnly-474x274.webp\" class=\"attachment-archive-featured size-archive-featured wp-post-image\" alt=\"\" \/>    <\/figure>\n\n    <div class=\"card-text flow\">\n        <header class=\"entry-header\">\n            <p class=\"heading-sub\">\n                Webinaire                            <\/p>\n\t\t\t<h3 class=\"h4 wp-block-heading\">Digitalisation de la location modulaire<\/h3>\n\t\t<\/header><!-- .entry-header -->\n\n        <!-- Read More Button -->\n        <div class=\"wp-block-buttons is-layout-flex wp-block-buttons-is-layout-flex\">\n            <div class=\"wp-block-button is-style-plain\">\n                <a class=\"wp-block-button__link wp-element-button\" href=\"https:\/\/www.mcsrentalsoftware.com\/fr\/ressources\/webinaires\/digitalisation-location-modulaire\/\">\n                    Regarder le webinaire                    <span class=\"visually-hidden\">on Digitalisation de la location modulaire<\/span>                <\/a>\n            <\/div>\n        <\/div>\n\n    <\/div>\n<\/article>\n\n<article id=\"post-13918\" class=\"wp-block-group is-style-card has-white-background-color has-background is-layout-constrained wp-block-group-is-layout-constrained filter-cards swiper-slide post-13918 webinars type-webinars status-publish has-post-thumbnail hentry\"  data-template=\"content-excerpt-post.php\">\n\n    <!-- Featured Image -->\n    <figure class=\"post-thumbnail\">\n        <img loading=\"lazy\" decoding=\"async\" width=\"474\" height=\"274\" src=\"https:\/\/www.mcsrentalsoftware.com\/wp-content\/uploads\/2025\/05\/FRResourcePlannerWebinar-474x274.webp\" class=\"attachment-archive-featured size-archive-featured wp-post-image\" alt=\"\" \/>    <\/figure>\n\n    <div class=\"card-text flow\">\n        <header class=\"entry-header\">\n            <p class=\"heading-sub\">\n                Webinaire                            <\/p>\n\t\t\t<h3 class=\"h4 wp-block-heading\">Planificateur de Ressources<\/h3>\n\t\t<\/header><!-- .entry-header -->\n\n        <!-- Read More Button -->\n        <div class=\"wp-block-buttons is-layout-flex wp-block-buttons-is-layout-flex\">\n            <div class=\"wp-block-button is-style-plain\">\n                <a class=\"wp-block-button__link wp-element-button\" href=\"https:\/\/www.mcsrentalsoftware.com\/fr\/ressources\/webinaires\/planificateur-ressources-location\/\">\n                    Regarder le webinaire                    <span class=\"visually-hidden\">on Planificateur de Ressources<\/span>                <\/a>\n            <\/div>\n        <\/div>\n\n    <\/div>\n<\/article>\n\n<article id=\"post-13907\" class=\"wp-block-group is-style-card has-white-background-color has-background is-layout-constrained wp-block-group-is-layout-constrained filter-cards swiper-slide post-13907 webinars type-webinars status-publish has-post-thumbnail hentry\"  data-template=\"content-excerpt-post.php\">\n\n    <!-- Featured Image -->\n    <figure class=\"post-thumbnail\">\n        <img loading=\"lazy\" decoding=\"async\" width=\"474\" height=\"274\" src=\"https:\/\/www.mcsrentalsoftware.com\/wp-content\/uploads\/2025\/05\/FRInvoicingtitleonly-474x274.webp\" class=\"attachment-archive-featured size-archive-featured wp-post-image\" alt=\"\" \/>    <\/figure>\n\n    <div class=\"card-text flow\">\n        <header class=\"entry-header\">\n            <p class=\"heading-sub\">\n                Webinaire                            <\/p>\n\t\t\t<h3 class=\"h4 wp-block-heading\">D\u00e9mat\u00e9rialisation des factures\u00a0<\/h3>\n\t\t<\/header><!-- .entry-header -->\n\n        <!-- Read More Button -->\n        <div class=\"wp-block-buttons is-layout-flex wp-block-buttons-is-layout-flex\">\n            <div class=\"wp-block-button is-style-plain\">\n                <a class=\"wp-block-button__link wp-element-button\" href=\"https:\/\/www.mcsrentalsoftware.com\/fr\/ressources\/webinaires\/dematerialisation-factures\/\">\n                    Regarder le webinaire                    <span class=\"visually-hidden\">on D\u00e9mat\u00e9rialisation des factures\u00a0<\/span>                <\/a>\n            <\/div>\n        <\/div>\n\n    <\/div>\n<\/article>\n\n<article id=\"post-13895\" class=\"wp-block-group is-style-card has-white-background-color has-background is-layout-constrained wp-block-group-is-layout-constrained filter-cards swiper-slide post-13895 webinars type-webinars status-publish has-post-thumbnail hentry\"  data-template=\"content-excerpt-post.php\">\n\n    <!-- Featured Image -->\n    <figure class=\"post-thumbnail\">\n        <img loading=\"lazy\" decoding=\"async\" width=\"474\" height=\"274\" src=\"https:\/\/www.mcsrentalsoftware.com\/wp-content\/uploads\/2025\/05\/FRContactlessTitleOnly-474x274.webp\" class=\"attachment-archive-featured size-archive-featured wp-post-image\" alt=\"\" \/>    <\/figure>\n\n    <div class=\"card-text flow\">\n        <header class=\"entry-header\">\n            <p class=\"heading-sub\">\n                Webinaire                            <\/p>\n\t\t\t<h3 class=\"h4 wp-block-heading\">Travailler sans contact dans le milieu de la location<\/h3>\n\t\t<\/header><!-- .entry-header -->\n\n        <!-- Read More Button -->\n        <div class=\"wp-block-buttons is-layout-flex wp-block-buttons-is-layout-flex\">\n            <div class=\"wp-block-button is-style-plain\">\n                <a class=\"wp-block-button__link wp-element-button\" href=\"https:\/\/www.mcsrentalsoftware.com\/fr\/ressources\/webinaires\/location-sans-contact\/\">\n                    Regarder le webinaire                    <span class=\"visually-hidden\">on Travailler sans contact dans le milieu de la location<\/span>                <\/a>\n            <\/div>\n        <\/div>\n\n    <\/div>\n<\/article>\n\n<article id=\"post-13884\" class=\"wp-block-group is-style-card has-white-background-color has-background is-layout-constrained wp-block-group-is-layout-constrained filter-cards swiper-slide post-13884 webinars type-webinars status-publish has-post-thumbnail hentry\"  data-template=\"content-excerpt-post.php\">\n\n    <!-- Featured Image -->\n    <figure class=\"post-thumbnail\">\n        <img loading=\"lazy\" decoding=\"async\" width=\"474\" height=\"274\" src=\"https:\/\/www.mcsrentalsoftware.com\/wp-content\/uploads\/2025\/05\/FR-Mobile-Journey-Title2-474x274.webp\" class=\"attachment-archive-featured size-archive-featured wp-post-image\" alt=\"\" \/>    <\/figure>\n\n    <div class=\"card-text flow\">\n        <header class=\"entry-header\">\n            <p class=\"heading-sub\">\n                Webinaire                            <\/p>\n\t\t\t<h3 class=\"h4 wp-block-heading\">Des Applications Mobiles pour la Location<\/h3>\n\t\t<\/header><!-- .entry-header -->\n\n        <!-- Read More Button -->\n        <div class=\"wp-block-buttons is-layout-flex wp-block-buttons-is-layout-flex\">\n            <div class=\"wp-block-button is-style-plain\">\n                <a class=\"wp-block-button__link wp-element-button\" href=\"https:\/\/www.mcsrentalsoftware.com\/fr\/ressources\/webinaires\/applications-mobiles-location\/\">\n                    Regarder le webinaire                    <span class=\"visually-hidden\">on Des Applications Mobiles pour la Location<\/span>                <\/a>\n            <\/div>\n        <\/div>\n\n    <\/div>\n<\/article>\n\t\t<\/div>\n\n\t\t\n\t\t\t<\/div>\n\n<\/div>\n\n\n\n<div class=\"wp-block-group alignwide is-layout-flow wp-block-group-is-layout-flow\">\n<div class=\"wp-block-media-text alignwide has-media-on-the-right is-stacked-on-mobile is-image-fill-element has-white-color has-tertiary-background-color has-text-color has-background has-link-color wp-elements-2617f9f5c6516789819a5cb6f2cde424\"><div class=\"wp-block-media-text__content\">\n<h2 class=\"wp-block-heading\" id=\"h-pret-a-transformer-la-gestion-de-votre-parc-materiel-nbsp\">Pr\u00eat \u00e0 transformer <strong>la gestion de votre parc mat\u00e9riel&nbsp;?<\/strong><\/h2>\n\n\n\n<p class=\"\">Contactez notre \u00e9quipe d\u00e8s aujourd&rsquo;hui pour d\u00e9couvrir comment notre<strong> logiciel de location de mat\u00e9riel MCS <\/strong>peut transformer votre activit\u00e9. Nous sommes \u00e0 votre disposition pour vous proposer la solution la plus adapt\u00e9e \u00e0 vos besoins.<\/p>\n\n\n\n<div class=\"wp-block-buttons is-layout-flex wp-block-buttons-is-layout-flex\">\n<div class=\"wp-block-button\"><a class=\"wp-block-button__link wp-element-button\" href=\"https:\/\/www.mcsrentalsoftware.com\/fr\/contact\/\"><strong>Nous contacter<\/strong><\/a><\/div>\n<\/div>\n<\/div><figure class=\"wp-block-media-text__media\"><img loading=\"lazy\" decoding=\"async\" width=\"1024\" height=\"639\" src=\"https:\/\/www.mcsrentalsoftware.com\/wp-content\/uploads\/2026\/03\/mcs-team-1-1024x639.png\" alt=\"\" class=\"wp-image-35990 size-full\" style=\"object-position:50% 50%\" srcset=\"https:\/\/www.mcsrentalsoftware.com\/wp-content\/uploads\/2026\/03\/mcs-team-1-1024x639.png 1024w, https:\/\/www.mcsrentalsoftware.com\/wp-content\/uploads\/2026\/03\/mcs-team-1-300x187.png 300w, https:\/\/www.mcsrentalsoftware.com\/wp-content\/uploads\/2026\/03\/mcs-team-1-768x479.png 768w, https:\/\/www.mcsrentalsoftware.com\/wp-content\/uploads\/2026\/03\/mcs-team-1-474x296.png 474w, https:\/\/www.mcsrentalsoftware.com\/wp-content\/uploads\/2026\/03\/mcs-team-1.png 1420w\" sizes=\"auto, (max-width: 1024px) 100vw, 1024px\" \/><\/figure><\/div>\n<\/div>\n","protected":false},"excerpt":{"rendered":"<p>Webinaires Enregistrez-vous \u00e0 un de nos webinars ou \u00e9coutez le replay pour d\u00e9couvrir des fonctionnalit\u00e9s sp\u00e9cifiques.<\/p>\n","protected":false},"author":8,"featured_media":0,"parent":3049,"menu_order":207,"comment_status":"closed","ping_status":"closed","template":"","meta":{"_acf_changed":false,"content-type":"","footnotes":""},"class_list":["post-9387","page","type-page","status-publish","hentry"],"acf":[],"yoast_head":"<!-- This site is optimized with the Yoast SEO Premium plugin v26.5 (Yoast SEO v27.2) - https:\/\/yoast.com\/product\/yoast-seo-premium-wordpress\/ -->\n<title>Webinaires | MCS<\/title>\n<meta name=\"description\" content=\"En savoir plus sur nos webinars. Inscrivez-vous aux prochains webinars ou \u00e9coutez le replay des pr\u00e9c\u00e9dents. Pour rester inform\u00e9 sur les nouveaut\u00e9s chez MCS.\" \/>\n<meta name=\"robots\" content=\"index, follow, max-snippet:-1, max-image-preview:large, max-video-preview:-1\" \/>\n<link rel=\"canonical\" href=\"https:\/\/www.mcsrentalsoftware.com\/fr\/ressources\/webinaires\/\" \/>\n<meta property=\"og:locale\" content=\"fr_FR\" \/>\n<meta property=\"og:type\" content=\"article\" \/>\n<meta property=\"og:title\" content=\"Webinaires\" \/>\n<meta property=\"og:description\" content=\"En savoir plus sur nos webinars. Inscrivez-vous aux prochains webinars ou \u00e9coutez le replay des pr\u00e9c\u00e9dents. Pour rester inform\u00e9 sur les nouveaut\u00e9s chez MCS.\" \/>\n<meta property=\"og:url\" content=\"https:\/\/www.mcsrentalsoftware.com\/fr\/ressources\/webinaires\/\" \/>\n<meta property=\"og:site_name\" content=\"MCS\" \/>\n<meta property=\"article:publisher\" content=\"https:\/\/www.facebook.com\/mcsrentalsoftware\" \/>\n<meta property=\"article:modified_time\" content=\"2025-06-03T12:11:38+00:00\" \/>\n<meta name=\"twitter:card\" content=\"summary_large_image\" \/>\n<meta name=\"twitter:label1\" content=\"Dur\u00e9e de lecture estim\u00e9e\" \/>\n\t<meta name=\"twitter:data1\" content=\"1 minute\" \/>\n<script type=\"application\/ld+json\" class=\"yoast-schema-graph\">{\"@context\":\"https:\/\/schema.org\",\"@graph\":[{\"@type\":\"WebPage\",\"@id\":\"https:\/\/www.mcsrentalsoftware.com\/fr\/ressources\/webinaires\/\",\"url\":\"https:\/\/www.mcsrentalsoftware.com\/fr\/ressources\/webinaires\/\",\"name\":\"Webinaires | MCS\",\"isPartOf\":{\"@id\":\"https:\/\/www.mcsrentalsoftware.com\/fr\/#website\"},\"datePublished\":\"2025-03-07T13:31:05+00:00\",\"dateModified\":\"2025-06-03T12:11:38+00:00\",\"description\":\"En savoir plus sur nos webinars. Inscrivez-vous aux prochains webinars ou \u00e9coutez le replay des pr\u00e9c\u00e9dents. Pour rester inform\u00e9 sur les nouveaut\u00e9s chez MCS.\",\"breadcrumb\":{\"@id\":\"https:\/\/www.mcsrentalsoftware.com\/fr\/ressources\/webinaires\/#breadcrumb\"},\"inLanguage\":\"fr-FR\",\"potentialAction\":[{\"@type\":\"ReadAction\",\"target\":[\"https:\/\/www.mcsrentalsoftware.com\/fr\/ressources\/webinaires\/\"]}]},{\"@type\":\"BreadcrumbList\",\"@id\":\"https:\/\/www.mcsrentalsoftware.com\/fr\/ressources\/webinaires\/#breadcrumb\",\"itemListElement\":[{\"@type\":\"ListItem\",\"position\":1,\"name\":\"Home\",\"item\":\"https:\/\/www.mcsrentalsoftware.com\/fr\/\"},{\"@type\":\"ListItem\",\"position\":2,\"name\":\"Ressources\",\"item\":\"https:\/\/www.mcsrentalsoftware.com\/fr\/ressources\/\"},{\"@type\":\"ListItem\",\"position\":3,\"name\":\"Webinaires\"}]},{\"@type\":\"WebSite\",\"@id\":\"https:\/\/www.mcsrentalsoftware.com\/fr\/#website\",\"url\":\"https:\/\/www.mcsrentalsoftware.com\/fr\/\",\"name\":\"MCS\",\"description\":\"\",\"publisher\":{\"@id\":\"https:\/\/www.mcsrentalsoftware.com\/fr\/#organization\"},\"potentialAction\":[{\"@type\":\"SearchAction\",\"target\":{\"@type\":\"EntryPoint\",\"urlTemplate\":\"https:\/\/www.mcsrentalsoftware.com\/fr\/?s={search_term_string}\"},\"query-input\":{\"@type\":\"PropertyValueSpecification\",\"valueRequired\":true,\"valueName\":\"search_term_string\"}}],\"inLanguage\":\"fr-FR\"},{\"@type\":\"Organization\",\"@id\":\"https:\/\/www.mcsrentalsoftware.com\/fr\/#organization\",\"name\":\"MCS\",\"url\":\"https:\/\/www.mcsrentalsoftware.com\/fr\/\",\"logo\":{\"@type\":\"ImageObject\",\"inLanguage\":\"fr-FR\",\"@id\":\"https:\/\/www.mcsrentalsoftware.com\/fr\/#\/schema\/logo\/image\/\",\"url\":\"https:\/\/www.mcsrentalsoftware.com\/wp-content\/uploads\/2025\/01\/logo.svg\",\"contentUrl\":\"https:\/\/www.mcsrentalsoftware.com\/wp-content\/uploads\/2025\/01\/logo.svg\",\"width\":113,\"height\":36,\"caption\":\"MCS\"},\"image\":{\"@id\":\"https:\/\/www.mcsrentalsoftware.com\/fr\/#\/schema\/logo\/image\/\"},\"sameAs\":[\"https:\/\/www.facebook.com\/mcsrentalsoftware\",\"https:\/\/www.instagram.com\/mcsrentalsoftware\/\",\"https:\/\/www.linkedin.com\/company\/mcs-rental-software\/\",\"https:\/\/www.youtube.com\/@MCSRentalSoftware\"],\"email\":\"hello@mcsrentalsoftware.com\",\"numberOfEmployees\":{\"@type\":\"QuantitativeValue\",\"minValue\":\"51\",\"maxValue\":\"200\"}}]}<\/script>\n<!-- \/ Yoast SEO Premium plugin. -->","yoast_head_json":{"title":"Webinaires | MCS","description":"En savoir plus sur nos webinars. Inscrivez-vous aux prochains webinars ou \u00e9coutez le replay des pr\u00e9c\u00e9dents. Pour rester inform\u00e9 sur les nouveaut\u00e9s chez MCS.","robots":{"index":"index","follow":"follow","max-snippet":"max-snippet:-1","max-image-preview":"max-image-preview:large","max-video-preview":"max-video-preview:-1"},"canonical":"https:\/\/www.mcsrentalsoftware.com\/fr\/ressources\/webinaires\/","og_locale":"fr_FR","og_type":"article","og_title":"Webinaires","og_description":"En savoir plus sur nos webinars. Inscrivez-vous aux prochains webinars ou \u00e9coutez le replay des pr\u00e9c\u00e9dents. Pour rester inform\u00e9 sur les nouveaut\u00e9s chez MCS.","og_url":"https:\/\/www.mcsrentalsoftware.com\/fr\/ressources\/webinaires\/","og_site_name":"MCS","article_publisher":"https:\/\/www.facebook.com\/mcsrentalsoftware","article_modified_time":"2025-06-03T12:11:38+00:00","twitter_card":"summary_large_image","twitter_misc":{"Dur\u00e9e de lecture estim\u00e9e":"1 minute"},"schema":{"@context":"https:\/\/schema.org","@graph":[{"@type":"WebPage","@id":"https:\/\/www.mcsrentalsoftware.com\/fr\/ressources\/webinaires\/","url":"https:\/\/www.mcsrentalsoftware.com\/fr\/ressources\/webinaires\/","name":"Webinaires | MCS","isPartOf":{"@id":"https:\/\/www.mcsrentalsoftware.com\/fr\/#website"},"datePublished":"2025-03-07T13:31:05+00:00","dateModified":"2025-06-03T12:11:38+00:00","description":"En savoir plus sur nos webinars. Inscrivez-vous aux prochains webinars ou \u00e9coutez le replay des pr\u00e9c\u00e9dents. Pour rester inform\u00e9 sur les nouveaut\u00e9s chez MCS.","breadcrumb":{"@id":"https:\/\/www.mcsrentalsoftware.com\/fr\/ressources\/webinaires\/#breadcrumb"},"inLanguage":"fr-FR","potentialAction":[{"@type":"ReadAction","target":["https:\/\/www.mcsrentalsoftware.com\/fr\/ressources\/webinaires\/"]}]},{"@type":"BreadcrumbList","@id":"https:\/\/www.mcsrentalsoftware.com\/fr\/ressources\/webinaires\/#breadcrumb","itemListElement":[{"@type":"ListItem","position":1,"name":"Home","item":"https:\/\/www.mcsrentalsoftware.com\/fr\/"},{"@type":"ListItem","position":2,"name":"Ressources","item":"https:\/\/www.mcsrentalsoftware.com\/fr\/ressources\/"},{"@type":"ListItem","position":3,"name":"Webinaires"}]},{"@type":"WebSite","@id":"https:\/\/www.mcsrentalsoftware.com\/fr\/#website","url":"https:\/\/www.mcsrentalsoftware.com\/fr\/","name":"MCS","description":"","publisher":{"@id":"https:\/\/www.mcsrentalsoftware.com\/fr\/#organization"},"potentialAction":[{"@type":"SearchAction","target":{"@type":"EntryPoint","urlTemplate":"https:\/\/www.mcsrentalsoftware.com\/fr\/?s={search_term_string}"},"query-input":{"@type":"PropertyValueSpecification","valueRequired":true,"valueName":"search_term_string"}}],"inLanguage":"fr-FR"},{"@type":"Organization","@id":"https:\/\/www.mcsrentalsoftware.com\/fr\/#organization","name":"MCS","url":"https:\/\/www.mcsrentalsoftware.com\/fr\/","logo":{"@type":"ImageObject","inLanguage":"fr-FR","@id":"https:\/\/www.mcsrentalsoftware.com\/fr\/#\/schema\/logo\/image\/","url":"https:\/\/www.mcsrentalsoftware.com\/wp-content\/uploads\/2025\/01\/logo.svg","contentUrl":"https:\/\/www.mcsrentalsoftware.com\/wp-content\/uploads\/2025\/01\/logo.svg","width":113,"height":36,"caption":"MCS"},"image":{"@id":"https:\/\/www.mcsrentalsoftware.com\/fr\/#\/schema\/logo\/image\/"},"sameAs":["https:\/\/www.facebook.com\/mcsrentalsoftware","https:\/\/www.instagram.com\/mcsrentalsoftware\/","https:\/\/www.linkedin.com\/company\/mcs-rental-software\/","https:\/\/www.youtube.com\/@MCSRentalSoftware"],"email":"hello@mcsrentalsoftware.com","numberOfEmployees":{"@type":"QuantitativeValue","minValue":"51","maxValue":"200"}}]}},"_links":{"self":[{"href":"https:\/\/www.mcsrentalsoftware.com\/fr\/wp-json\/wp\/v2\/pages\/9387","targetHints":{"allow":["GET"]}}],"collection":[{"href":"https:\/\/www.mcsrentalsoftware.com\/fr\/wp-json\/wp\/v2\/pages"}],"about":[{"href":"https:\/\/www.mcsrentalsoftware.com\/fr\/wp-json\/wp\/v2\/types\/page"}],"author":[{"embeddable":true,"href":"https:\/\/www.mcsrentalsoftware.com\/fr\/wp-json\/wp\/v2\/users\/8"}],"replies":[{"embeddable":true,"href":"https:\/\/www.mcsrentalsoftware.com\/fr\/wp-json\/wp\/v2\/comments?post=9387"}],"version-history":[{"count":1,"href":"https:\/\/www.mcsrentalsoftware.com\/fr\/wp-json\/wp\/v2\/pages\/9387\/revisions"}],"predecessor-version":[{"id":11932,"href":"https:\/\/www.mcsrentalsoftware.com\/fr\/wp-json\/wp\/v2\/pages\/9387\/revisions\/11932"}],"up":[{"embeddable":true,"href":"https:\/\/www.mcsrentalsoftware.com\/fr\/wp-json\/wp\/v2\/pages\/3049"}],"wp:attachment":[{"href":"https:\/\/www.mcsrentalsoftware.com\/fr\/wp-json\/wp\/v2\/media?parent=9387"}],"curies":[{"name":"wp","href":"https:\/\/api.w.org\/{rel}","templated":true}]}}