{"id":21924,"date":"2025-07-08T15:55:46","date_gmt":"2025-07-08T14:55:46","guid":{"rendered":"https:\/\/www.mcsrentalsoftware.com\/?page_id=21924"},"modified":"2025-07-08T15:56:21","modified_gmt":"2025-07-08T14:56:21","slug":"des-applications-mobiles-watch","status":"publish","type":"page","link":"https:\/\/www.mcsrentalsoftware.com\/fr\/ressources\/webinaires\/des-applications-mobiles-watch\/","title":{"rendered":"Des Applications Mobiles &#8211; webinar video"},"content":{"rendered":"\n<div class=\"wp-block-group alignfull is-layout-constrained wp-block-group-is-layout-constrained\">\n<div class=\"wp-block-group alignwide is-style-hero-text is-layout-flow wp-block-group-is-layout-flow\">\n<h1 class=\"wp-block-heading has-text-align-center\" id=\"h-des-applications-mobiles\"><strong>Des Applications Mobiles<\/strong><\/h1>\n\n\n\n<p class=\"has-text-align-center\">L\u2019univers du digital au bout du doigt ! Comment utiliser votre portable pour g\u00e9rer toutes les facettes de votre entreprise. La d\u00e9mat\u00e9rialisation et la num\u00e9risation de votre activit\u00e9 de location sont accessibles gr\u00e2ce \u00e0 nos solutions mobiles ou web qui ont \u00e9t\u00e9 test\u00e9es par nos nombreux utilisateurs dans tous leurs services. Vous gagnerez du temps.<\/p>\n<\/div>\n<\/div>\n\n\n\n<figure class=\"wp-block-embed is-type-video is-provider-vimeo wp-block-embed-vimeo wp-embed-aspect-16-9 wp-has-aspect-ratio\"><div class=\"wp-block-embed__wrapper\">\n<iframe loading=\"lazy\" title=\"Webinar - RM Mobile FR\" src=\"https:\/\/player.vimeo.com\/video\/405783405?dnt=1&amp;app_id=122963\" width=\"500\" height=\"281\" frameborder=\"0\" allow=\"autoplay; fullscreen; picture-in-picture; clipboard-write; encrypted-media; web-share\"><\/iframe>\n<\/div><\/figure>\n\n\n\n<div class=\"wp-block-group alignwide is-layout-flow wp-block-group-is-layout-flow\">\n<div class=\"wp-block-media-text alignwide has-media-on-the-right is-stacked-on-mobile is-image-fill-element has-white-color has-tertiary-background-color has-text-color has-background has-link-color wp-elements-2617f9f5c6516789819a5cb6f2cde424\"><div class=\"wp-block-media-text__content\">\n<h2 class=\"wp-block-heading\" id=\"h-pret-a-transformer-la-gestion-de-votre-parc-materiel-nbsp\">Pr\u00eat \u00e0 transformer <strong>la gestion de votre parc mat\u00e9riel&nbsp;?<\/strong><\/h2>\n\n\n\n<p class=\"\">Contactez notre \u00e9quipe d\u00e8s aujourd&rsquo;hui pour d\u00e9couvrir comment notre<strong> logiciel de location de mat\u00e9riel MCS <\/strong>peut transformer votre activit\u00e9. Nous sommes \u00e0 votre disposition pour vous proposer la solution la plus adapt\u00e9e \u00e0 vos besoins.<\/p>\n\n\n\n<div class=\"wp-block-buttons is-layout-flex wp-block-buttons-is-layout-flex\">\n<div class=\"wp-block-button\"><a class=\"wp-block-button__link wp-element-button\" href=\"https:\/\/www.mcsrentalsoftware.com\/fr\/contact\/\"><strong>Nous contacter<\/strong><\/a><\/div>\n<\/div>\n<\/div><figure class=\"wp-block-media-text__media\"><img loading=\"lazy\" decoding=\"async\" width=\"1024\" height=\"639\" src=\"https:\/\/www.mcsrentalsoftware.com\/wp-content\/uploads\/2026\/03\/mcs-team-1-1024x639.png\" alt=\"\" class=\"wp-image-35990 size-full\" style=\"object-position:50% 50%\" srcset=\"https:\/\/www.mcsrentalsoftware.com\/wp-content\/uploads\/2026\/03\/mcs-team-1-1024x639.png 1024w, https:\/\/www.mcsrentalsoftware.com\/wp-content\/uploads\/2026\/03\/mcs-team-1-300x187.png 300w, https:\/\/www.mcsrentalsoftware.com\/wp-content\/uploads\/2026\/03\/mcs-team-1-768x479.png 768w, https:\/\/www.mcsrentalsoftware.com\/wp-content\/uploads\/2026\/03\/mcs-team-1-474x296.png 474w, https:\/\/www.mcsrentalsoftware.com\/wp-content\/uploads\/2026\/03\/mcs-team-1.png 1420w\" sizes=\"auto, (max-width: 1024px) 100vw, 1024px\" \/><\/figure><\/div>\n<\/div>\n","protected":false},"excerpt":{"rendered":"<p>Des Applications Mobiles L\u2019univers du digital au bout du doigt ! Comment utiliser votre portable pour g\u00e9rer toutes les facettes de votre entreprise. La d\u00e9mat\u00e9rialisation et la num\u00e9risation de votre activit\u00e9 de location sont accessibles gr\u00e2ce \u00e0 nos solutions mobiles ou web qui ont&#8230;<\/p>\n","protected":false},"author":8,"featured_media":0,"parent":0,"menu_order":0,"comment_status":"closed","ping_status":"closed","template":"","meta":{"_acf_changed":false,"content-type":"","footnotes":""},"class_list":["post-21924","page","type-page","status-publish","hentry"],"acf":[],"yoast_head":"<!-- This site is optimized with the Yoast SEO Premium plugin v26.5 (Yoast SEO v27.3) - https:\/\/yoast.com\/product\/yoast-seo-premium-wordpress\/ -->\n<title>Des Applications Mobiles - webinar video | MCS<\/title>\n<meta name=\"robots\" content=\"index, follow, max-snippet:-1, max-image-preview:large, max-video-preview:-1\" \/>\n<link rel=\"canonical\" href=\"https:\/\/www.mcsrentalsoftware.com\/fr\/ressources\/webinaires\/des-applications-mobiles-watch\/\" \/>\n<meta property=\"og:locale\" content=\"fr_FR\" \/>\n<meta property=\"og:type\" content=\"article\" \/>\n<meta property=\"og:title\" content=\"Des Applications Mobiles - webinar video\" \/>\n<meta property=\"og:description\" content=\"Des Applications Mobiles L\u2019univers du digital au bout du doigt ! Comment utiliser votre portable pour g\u00e9rer toutes les facettes de votre entreprise. La d\u00e9mat\u00e9rialisation et la num\u00e9risation de votre activit\u00e9 de location sont accessibles gr\u00e2ce \u00e0 nos solutions mobiles ou web qui ont...\" \/>\n<meta property=\"og:url\" content=\"https:\/\/www.mcsrentalsoftware.com\/fr\/ressources\/webinaires\/des-applications-mobiles-watch\/\" \/>\n<meta property=\"og:site_name\" content=\"MCS\" \/>\n<meta property=\"article:publisher\" content=\"https:\/\/www.facebook.com\/mcsrentalsoftware\" \/>\n<meta property=\"article:modified_time\" content=\"2025-07-08T14:56:21+00:00\" \/>\n<meta name=\"twitter:card\" content=\"summary_large_image\" \/>\n<meta name=\"twitter:label1\" content=\"Dur\u00e9e de lecture estim\u00e9e\" \/>\n\t<meta name=\"twitter:data1\" content=\"1 minute\" \/>\n<script type=\"application\/ld+json\" class=\"yoast-schema-graph\">{\"@context\":\"https:\\\/\\\/schema.org\",\"@graph\":[{\"@type\":\"WebPage\",\"@id\":\"https:\\\/\\\/www.mcsrentalsoftware.com\\\/fr\\\/ressources\\\/webinaires\\\/des-applications-mobiles-watch\\\/\",\"url\":\"https:\\\/\\\/www.mcsrentalsoftware.com\\\/fr\\\/ressources\\\/webinaires\\\/des-applications-mobiles-watch\\\/\",\"name\":\"Des Applications Mobiles - webinar video | MCS\",\"isPartOf\":{\"@id\":\"https:\\\/\\\/www.mcsrentalsoftware.com\\\/fr\\\/#website\"},\"datePublished\":\"2025-07-08T14:55:46+00:00\",\"dateModified\":\"2025-07-08T14:56:21+00:00\",\"breadcrumb\":{\"@id\":\"https:\\\/\\\/www.mcsrentalsoftware.com\\\/fr\\\/ressources\\\/webinaires\\\/des-applications-mobiles-watch\\\/#breadcrumb\"},\"inLanguage\":\"fr-FR\",\"potentialAction\":[{\"@type\":\"ReadAction\",\"target\":[\"https:\\\/\\\/www.mcsrentalsoftware.com\\\/fr\\\/ressources\\\/webinaires\\\/des-applications-mobiles-watch\\\/\"]}]},{\"@type\":\"BreadcrumbList\",\"@id\":\"https:\\\/\\\/www.mcsrentalsoftware.com\\\/fr\\\/ressources\\\/webinaires\\\/des-applications-mobiles-watch\\\/#breadcrumb\",\"itemListElement\":[{\"@type\":\"ListItem\",\"position\":1,\"name\":\"Home\",\"item\":\"https:\\\/\\\/www.mcsrentalsoftware.com\\\/fr\\\/\"},{\"@type\":\"ListItem\",\"position\":2,\"name\":\"Des Applications Mobiles &#8211; webinar video\"}]},{\"@type\":\"WebSite\",\"@id\":\"https:\\\/\\\/www.mcsrentalsoftware.com\\\/fr\\\/#website\",\"url\":\"https:\\\/\\\/www.mcsrentalsoftware.com\\\/fr\\\/\",\"name\":\"MCS\",\"description\":\"\",\"publisher\":{\"@id\":\"https:\\\/\\\/www.mcsrentalsoftware.com\\\/fr\\\/#organization\"},\"potentialAction\":[{\"@type\":\"SearchAction\",\"target\":{\"@type\":\"EntryPoint\",\"urlTemplate\":\"https:\\\/\\\/www.mcsrentalsoftware.com\\\/fr\\\/?s={search_term_string}\"},\"query-input\":{\"@type\":\"PropertyValueSpecification\",\"valueRequired\":true,\"valueName\":\"search_term_string\"}}],\"inLanguage\":\"fr-FR\"},{\"@type\":\"Organization\",\"@id\":\"https:\\\/\\\/www.mcsrentalsoftware.com\\\/fr\\\/#organization\",\"name\":\"MCS\",\"url\":\"https:\\\/\\\/www.mcsrentalsoftware.com\\\/fr\\\/\",\"logo\":{\"@type\":\"ImageObject\",\"inLanguage\":\"fr-FR\",\"@id\":\"https:\\\/\\\/www.mcsrentalsoftware.com\\\/fr\\\/#\\\/schema\\\/logo\\\/image\\\/\",\"url\":\"https:\\\/\\\/www.mcsrentalsoftware.com\\\/wp-content\\\/uploads\\\/2025\\\/01\\\/logo.svg\",\"contentUrl\":\"https:\\\/\\\/www.mcsrentalsoftware.com\\\/wp-content\\\/uploads\\\/2025\\\/01\\\/logo.svg\",\"width\":113,\"height\":36,\"caption\":\"MCS\"},\"image\":{\"@id\":\"https:\\\/\\\/www.mcsrentalsoftware.com\\\/fr\\\/#\\\/schema\\\/logo\\\/image\\\/\"},\"sameAs\":[\"https:\\\/\\\/www.facebook.com\\\/mcsrentalsoftware\",\"https:\\\/\\\/www.instagram.com\\\/mcsrentalsoftware\\\/\",\"https:\\\/\\\/www.linkedin.com\\\/company\\\/mcs-rental-software\\\/\",\"https:\\\/\\\/www.youtube.com\\\/@MCSRentalSoftware\"],\"email\":\"hello@mcsrentalsoftware.com\",\"numberOfEmployees\":{\"@type\":\"QuantitativeValue\",\"minValue\":\"51\",\"maxValue\":\"200\"}}]}<\/script>\n<!-- \/ Yoast SEO Premium plugin. -->","yoast_head_json":{"title":"Des Applications Mobiles - webinar video | MCS","robots":{"index":"index","follow":"follow","max-snippet":"max-snippet:-1","max-image-preview":"max-image-preview:large","max-video-preview":"max-video-preview:-1"},"canonical":"https:\/\/www.mcsrentalsoftware.com\/fr\/ressources\/webinaires\/des-applications-mobiles-watch\/","og_locale":"fr_FR","og_type":"article","og_title":"Des Applications Mobiles - webinar video","og_description":"Des Applications Mobiles L\u2019univers du digital au bout du doigt ! Comment utiliser votre portable pour g\u00e9rer toutes les facettes de votre entreprise. La d\u00e9mat\u00e9rialisation et la num\u00e9risation de votre activit\u00e9 de location sont accessibles gr\u00e2ce \u00e0 nos solutions mobiles ou web qui ont...","og_url":"https:\/\/www.mcsrentalsoftware.com\/fr\/ressources\/webinaires\/des-applications-mobiles-watch\/","og_site_name":"MCS","article_publisher":"https:\/\/www.facebook.com\/mcsrentalsoftware","article_modified_time":"2025-07-08T14:56:21+00:00","twitter_card":"summary_large_image","twitter_misc":{"Dur\u00e9e de lecture estim\u00e9e":"1 minute"},"schema":{"@context":"https:\/\/schema.org","@graph":[{"@type":"WebPage","@id":"https:\/\/www.mcsrentalsoftware.com\/fr\/ressources\/webinaires\/des-applications-mobiles-watch\/","url":"https:\/\/www.mcsrentalsoftware.com\/fr\/ressources\/webinaires\/des-applications-mobiles-watch\/","name":"Des Applications Mobiles - webinar video | MCS","isPartOf":{"@id":"https:\/\/www.mcsrentalsoftware.com\/fr\/#website"},"datePublished":"2025-07-08T14:55:46+00:00","dateModified":"2025-07-08T14:56:21+00:00","breadcrumb":{"@id":"https:\/\/www.mcsrentalsoftware.com\/fr\/ressources\/webinaires\/des-applications-mobiles-watch\/#breadcrumb"},"inLanguage":"fr-FR","potentialAction":[{"@type":"ReadAction","target":["https:\/\/www.mcsrentalsoftware.com\/fr\/ressources\/webinaires\/des-applications-mobiles-watch\/"]}]},{"@type":"BreadcrumbList","@id":"https:\/\/www.mcsrentalsoftware.com\/fr\/ressources\/webinaires\/des-applications-mobiles-watch\/#breadcrumb","itemListElement":[{"@type":"ListItem","position":1,"name":"Home","item":"https:\/\/www.mcsrentalsoftware.com\/fr\/"},{"@type":"ListItem","position":2,"name":"Des Applications Mobiles &#8211; webinar video"}]},{"@type":"WebSite","@id":"https:\/\/www.mcsrentalsoftware.com\/fr\/#website","url":"https:\/\/www.mcsrentalsoftware.com\/fr\/","name":"MCS","description":"","publisher":{"@id":"https:\/\/www.mcsrentalsoftware.com\/fr\/#organization"},"potentialAction":[{"@type":"SearchAction","target":{"@type":"EntryPoint","urlTemplate":"https:\/\/www.mcsrentalsoftware.com\/fr\/?s={search_term_string}"},"query-input":{"@type":"PropertyValueSpecification","valueRequired":true,"valueName":"search_term_string"}}],"inLanguage":"fr-FR"},{"@type":"Organization","@id":"https:\/\/www.mcsrentalsoftware.com\/fr\/#organization","name":"MCS","url":"https:\/\/www.mcsrentalsoftware.com\/fr\/","logo":{"@type":"ImageObject","inLanguage":"fr-FR","@id":"https:\/\/www.mcsrentalsoftware.com\/fr\/#\/schema\/logo\/image\/","url":"https:\/\/www.mcsrentalsoftware.com\/wp-content\/uploads\/2025\/01\/logo.svg","contentUrl":"https:\/\/www.mcsrentalsoftware.com\/wp-content\/uploads\/2025\/01\/logo.svg","width":113,"height":36,"caption":"MCS"},"image":{"@id":"https:\/\/www.mcsrentalsoftware.com\/fr\/#\/schema\/logo\/image\/"},"sameAs":["https:\/\/www.facebook.com\/mcsrentalsoftware","https:\/\/www.instagram.com\/mcsrentalsoftware\/","https:\/\/www.linkedin.com\/company\/mcs-rental-software\/","https:\/\/www.youtube.com\/@MCSRentalSoftware"],"email":"hello@mcsrentalsoftware.com","numberOfEmployees":{"@type":"QuantitativeValue","minValue":"51","maxValue":"200"}}]}},"_links":{"self":[{"href":"https:\/\/www.mcsrentalsoftware.com\/fr\/wp-json\/wp\/v2\/pages\/21924","targetHints":{"allow":["GET"]}}],"collection":[{"href":"https:\/\/www.mcsrentalsoftware.com\/fr\/wp-json\/wp\/v2\/pages"}],"about":[{"href":"https:\/\/www.mcsrentalsoftware.com\/fr\/wp-json\/wp\/v2\/types\/page"}],"author":[{"embeddable":true,"href":"https:\/\/www.mcsrentalsoftware.com\/fr\/wp-json\/wp\/v2\/users\/8"}],"replies":[{"embeddable":true,"href":"https:\/\/www.mcsrentalsoftware.com\/fr\/wp-json\/wp\/v2\/comments?post=21924"}],"version-history":[{"count":1,"href":"https:\/\/www.mcsrentalsoftware.com\/fr\/wp-json\/wp\/v2\/pages\/21924\/revisions"}],"predecessor-version":[{"id":21930,"href":"https:\/\/www.mcsrentalsoftware.com\/fr\/wp-json\/wp\/v2\/pages\/21924\/revisions\/21930"}],"wp:attachment":[{"href":"https:\/\/www.mcsrentalsoftware.com\/fr\/wp-json\/wp\/v2\/media?parent=21924"}],"curies":[{"name":"wp","href":"https:\/\/api.w.org\/{rel}","templated":true}]}}