{"id":12075,"date":"2025-05-12T11:56:31","date_gmt":"2025-05-12T10:56:31","guid":{"rendered":"https:\/\/mcsrentalsoftware.com\/?page_id=12075"},"modified":"2025-11-25T12:26:15","modified_gmt":"2025-11-25T12:26:15","slug":"formation","status":"publish","type":"page","link":"https:\/\/www.mcsrentalsoftware.com\/fr\/a-propos\/formation\/","title":{"rendered":"Formation"},"content":{"rendered":"\n<div class=\"wp-block-group alignfull is-layout-constrained wp-block-group-is-layout-constrained\">\n<div class=\"wp-block-media-text alignwide has-media-on-the-right is-stacked-on-mobile is-image-fill-element is-style-hero\"><div class=\"wp-block-media-text__content\">\n<h1 class=\"wp-block-heading is-style-h6\" id=\"h-formation\"><br>Formation<\/h1>\n\n\n\n<h2 class=\"wp-block-heading\" id=\"h-implementation-et-formation\">Impl\u00e9mentation et Formation<\/h2>\n\n\n\n<p class=\"\">D\u00e9couvrez notre programme de formation, les \u00e9tapes d\u2019impl\u00e9mentation du logiciel et comment nos \u00e9quipes vous accompagnent.<\/p>\n\n\n\n<div class=\"wp-block-buttons is-layout-flex wp-block-buttons-is-layout-flex\"><\/div>\n<\/div><figure class=\"wp-block-media-text__media\"><picture class=\"wp-image-12085 size-hero_mobile\">\r\n            <source type=\"image\/webp\" media=\"(max-width: 600px)\" srcset=\"https:\/\/www.mcsrentalsoftware.com\/wp-content\/uploads\/2025\/05\/MCS-web-53-150x150.jpg.webp 150w, https:\/\/www.mcsrentalsoftware.com\/wp-content\/uploads\/2025\/05\/MCS-web-53-300x200.jpg.webp 300w, https:\/\/www.mcsrentalsoftware.com\/wp-content\/uploads\/2025\/05\/MCS-web-53-474x274.jpg.webp 474w\" sizes=\"380px\">\r\n            <source media=\"(max-width: 600px)\" srcset=\"https:\/\/www.mcsrentalsoftware.com\/wp-content\/uploads\/2025\/05\/MCS-web-53-150x150.jpg 150w, https:\/\/www.mcsrentalsoftware.com\/wp-content\/uploads\/2025\/05\/MCS-web-53-300x200.jpg 300w, https:\/\/www.mcsrentalsoftware.com\/wp-content\/uploads\/2025\/05\/MCS-web-53-474x274.jpg 474w\" sizes=\"380px\">\r\n            <source type=\"image\/webp\" media=\"(min-width: 601px)\" srcset=\"https:\/\/www.mcsrentalsoftware.com\/wp-content\/uploads\/2025\/05\/MCS-web-53-150x150.jpg.webp 150w, https:\/\/www.mcsrentalsoftware.com\/wp-content\/uploads\/2025\/05\/MCS-web-53-300x200.jpg.webp 300w, https:\/\/www.mcsrentalsoftware.com\/wp-content\/uploads\/2025\/05\/MCS-web-53-474x274.jpg.webp 474w, https:\/\/www.mcsrentalsoftware.com\/wp-content\/uploads\/2025\/05\/MCS-web-53-768x512.jpg.webp 768w, https:\/\/www.mcsrentalsoftware.com\/wp-content\/uploads\/2025\/05\/MCS-web-53-1024x683.jpg.webp 1024w, https:\/\/www.mcsrentalsoftware.com\/wp-content\/uploads\/2025\/05\/MCS-web-53.jpg.webp 2048w\" sizes=\"(max-width: 1024px) 50vw, 730px\">\r\n            <source media=\"(min-width: 601px)\" srcset=\"https:\/\/www.mcsrentalsoftware.com\/wp-content\/uploads\/2025\/05\/MCS-web-53-150x150.jpg 150w, https:\/\/www.mcsrentalsoftware.com\/wp-content\/uploads\/2025\/05\/MCS-web-53-300x200.jpg 300w, https:\/\/www.mcsrentalsoftware.com\/wp-content\/uploads\/2025\/05\/MCS-web-53-474x274.jpg 474w, https:\/\/www.mcsrentalsoftware.com\/wp-content\/uploads\/2025\/05\/MCS-web-53-768x512.jpg 768w, https:\/\/www.mcsrentalsoftware.com\/wp-content\/uploads\/2025\/05\/MCS-web-53-1024x683.jpg 1024w, https:\/\/www.mcsrentalsoftware.com\/wp-content\/uploads\/2025\/05\/MCS-web-53.jpg 2048w\" sizes=\"(max-width: 1024px) 50vw, 730px\">\r\n            <img width=\"768\" height=\"512\" src=\"https:\/\/www.mcsrentalsoftware.com\/wp-content\/uploads\/2025\/05\/MCS-web-53-768x512.jpg\" alt=\"\" decoding=\"async\" fetchpriority=\"high\" loading=\"eager\" srcset=\"https:\/\/www.mcsrentalsoftware.com\/wp-content\/uploads\/2025\/05\/MCS-web-53-150x150.jpg 150w, https:\/\/www.mcsrentalsoftware.com\/wp-content\/uploads\/2025\/05\/MCS-web-53-300x200.jpg 300w, https:\/\/www.mcsrentalsoftware.com\/wp-content\/uploads\/2025\/05\/MCS-web-53-474x274.jpg 474w, https:\/\/www.mcsrentalsoftware.com\/wp-content\/uploads\/2025\/05\/MCS-web-53-768x512.jpg 768w, https:\/\/www.mcsrentalsoftware.com\/wp-content\/uploads\/2025\/05\/MCS-web-53-1024x683.jpg 1024w, https:\/\/www.mcsrentalsoftware.com\/wp-content\/uploads\/2025\/05\/MCS-web-53.jpg 2048w\" sizes=\"(max-width: 600px) 380px, (max-width: 1024px) 50vw, 730px\" class=\"attachment-hero_mobile size-hero_mobile\">\r\n        <\/picture><\/figure><\/div>\n\n\n\n<article class=\"post-content\">\n    \n\n<p class=\"\"><\/p>\n\n\n\n<p class=\"\">En nous appuyant sur nos connaissances approfondies du secteur et des d\u00e9cennies d&rsquo;exp\u00e9rience en gestion de projet, nous vous guiderons tout au long d&rsquo;un programme d\u2019impl\u00e9mentation et de formation \u00e9labor\u00e9 avec soin.<br><br>Les membres de notre \u00e9quipe de formation sont des sp\u00e9cialistes en logiciels de location et gr\u00e2ce \u00e0 eux, vous serez assur\u00e9s de tirer le meilleur parti de votre investissement logiciel.&nbsp;<br><br>Nous ferons en sorte de r\u00e9pondre \u00e0 vos exigences en termes de logiciels et besoin en formation tout en \u00e9tant attentifs \u00e0 votre budget et \u00e0 votre calendrier.&nbsp;<br><br>Nos formateurs, en plus d\u2019\u00eatre reconnus experts dans le secteur professionnel de la location, sont recrut\u00e9s et form\u00e9s selon des pratiques p\u00e9dagogiques vous garantissant des formations de qualit\u00e9.<br><br>Nous accordons une attention particuli\u00e8re \u00e0 l\u2019accessibilit\u00e9 de nos contenus de formation &nbsp;(adaptations propos\u00e9es en fonction de l\u2019\u00e9valuation de vos besoins) \u00e0 toutes les personnes quelle que soit leur situation. Nous sommes sensibilis\u00e9s \u00e0 la prise en charge et \u00e0 l\u2019accompagnement des personnes en situation de handicap par l\u2019interm\u00e9diaire de notre r\u00e9f\u00e9rent Handicap, qui est \u00e0 votre disposition et est votre interlocuteur privil\u00e9gi\u00e9 pour toutes les questions li\u00e9es au Handicap.<br><br><strong>En 2022, 92 % de nos stagiaires ont \u00e9t\u00e9 satisfaits de nos prestations de formation, de nos comp\u00e9tences professionnelles, de notre capacit\u00e9 \u00e0 nous adapter \u00e0 leurs besoins.<\/strong><\/p>\n\n\n\n<p style=\"padding-bottom:var(--wp--preset--spacing--filter-xs)\" class=\"\"><strong>En 2023, 93% des nos stagiaires ont \u00e9t\u00e9 satisfaits de l&rsquo;atteinte de leurs objectifs de formation.&nbsp;<\/strong><br><br>Notre processus int\u00e8gre une analyse commerciale, une d\u00e9monstration de faisabilit\u00e9, des essais d&rsquo;acceptation des utilisateurs, des \u00e9valuations et un engagement commun pour r\u00e9aliser vos objectifs.<\/p>\n\n<\/article>\n\n\n<h2 class=\"wp-block-heading has-text-align-center\" id=\"h-formation-chez-ssv-environnement\">Formation chez SSV Environnement<\/h2>\n\n\n\n<figure class=\"wp-block-embed aligncenter is-type-video is-provider-vimeo wp-block-embed-vimeo wp-embed-aspect-16-9 wp-has-aspect-ratio\"><div class=\"wp-block-embed__wrapper\">\n<iframe loading=\"lazy\" title=\"FR - Formation chez SSV Environnement\" src=\"https:\/\/player.vimeo.com\/video\/1140394367?dnt=1&amp;app_id=122963\" width=\"500\" height=\"281\" frameborder=\"0\" allow=\"autoplay; fullscreen; picture-in-picture; clipboard-write; encrypted-media; web-share\" referrerpolicy=\"strict-origin-when-cross-origin\"><\/iframe>\n<\/div><\/figure>\n<\/div>\n\n\n\n<h2 class=\"wp-block-heading alignwide has-text-align-center\" id=\"h-temoignages-clients\">T\u00e9moignages Clients<\/h2>\n\n\n\n<p class=\"has-text-align-center alignwide\">Voici ce que disent nos clients sur la Formation re\u00e7ue :&nbsp;<\/p>\n\n\n\n<div class=\"wp-block-group is-style-group-with-title is-layout-constrained wp-block-group-is-layout-constrained\">\n<div class=\"wp-block-media-text alignwide is-stacked-on-mobile\" style=\"margin-bottom:var(--wp--preset--spacing--filter-md)\"><figure class=\"wp-block-media-text__media\"><img loading=\"lazy\" decoding=\"async\" width=\"1024\" height=\"412\" src=\"https:\/\/www.mcsrentalsoftware.com\/wp-content\/uploads\/2025\/05\/TSF-Fond-transparent-300-dpi-1024x412.png\" alt=\"\" class=\"wp-image-12098 size-full\" srcset=\"https:\/\/www.mcsrentalsoftware.com\/wp-content\/uploads\/2025\/05\/TSF-Fond-transparent-300-dpi-1024x412.png 1024w, https:\/\/www.mcsrentalsoftware.com\/wp-content\/uploads\/2025\/05\/TSF-Fond-transparent-300-dpi-300x121.png 300w, https:\/\/www.mcsrentalsoftware.com\/wp-content\/uploads\/2025\/05\/TSF-Fond-transparent-300-dpi-768x309.png 768w, https:\/\/www.mcsrentalsoftware.com\/wp-content\/uploads\/2025\/05\/TSF-Fond-transparent-300-dpi.png 1470w\" sizes=\"auto, (max-width: 1024px) 100vw, 1024px\" \/><\/figure><div class=\"wp-block-media-text__content\">\n<p class=\"\"><strong>TSF<\/strong><\/p>\n\n\n\n<p class=\"\"><em>La m\u00e9thode de transmission des comp\u00e9tences des consultants de MCS a \u00e9t\u00e9 tr\u00e8s p\u00e9dagogue et accessible pour nos \u00e9quipes.\u202f<\/em><\/p>\n<\/div><\/div>\n\n\n\n<div class=\"wp-block-media-text has-media-on-the-right is-stacked-on-mobile\" style=\"padding-bottom:var(--wp--preset--spacing--filter-md)\"><div class=\"wp-block-media-text__content\">\n<p class=\"\"><\/p>\n\n\n\n<p class=\"\"><strong>Solomat<\/strong><\/p>\n\n\n\n<p class=\"\"><em>Les formations re\u00e7ues nous ont permis de mieux maitriser le logiciel est ses fonctionnalit\u00e9s. Le programme des formations est adapt\u00e9 au niveau des interlocuteurs, les intervenants maitrisent \u00e0 la fois le produit \u202fet notre environnement m\u00e9tier. Ainsi, nos probl\u00e9matiques r\u00e9elles sont int\u00e9gr\u00e9es dans le programme.<\/em><\/p>\n\n\n\n<p class=\"\"><\/p>\n<\/div><figure class=\"wp-block-media-text__media\"><img loading=\"lazy\" decoding=\"async\" width=\"602\" height=\"162\" src=\"https:\/\/www.mcsrentalsoftware.com\/wp-content\/uploads\/2025\/05\/solomat-logo-no-bg.png\" alt=\"\" class=\"wp-image-12116 size-full\" srcset=\"https:\/\/www.mcsrentalsoftware.com\/wp-content\/uploads\/2025\/05\/solomat-logo-no-bg.png 602w, https:\/\/www.mcsrentalsoftware.com\/wp-content\/uploads\/2025\/05\/solomat-logo-no-bg-300x81.png 300w\" sizes=\"auto, (max-width: 602px) 100vw, 602px\" \/><\/figure><\/div>\n\n\n\n<div class=\"wp-block-media-text is-stacked-on-mobile\" style=\"padding-bottom:var(--wp--preset--spacing--filter-md)\"><figure class=\"wp-block-media-text__media\"><img loading=\"lazy\" decoding=\"async\" width=\"1024\" height=\"615\" src=\"https:\/\/www.mcsrentalsoftware.com\/wp-content\/uploads\/2025\/05\/logo_SJL-1024x615.jpg\" alt=\"\" class=\"wp-image-12125 size-full\" srcset=\"https:\/\/www.mcsrentalsoftware.com\/wp-content\/uploads\/2025\/05\/logo_SJL-1024x615.jpg 1024w, https:\/\/www.mcsrentalsoftware.com\/wp-content\/uploads\/2025\/05\/logo_SJL-300x180.jpg 300w, https:\/\/www.mcsrentalsoftware.com\/wp-content\/uploads\/2025\/05\/logo_SJL-768x461.jpg 768w, https:\/\/www.mcsrentalsoftware.com\/wp-content\/uploads\/2025\/05\/logo_SJL-1536x922.jpg 1536w, https:\/\/www.mcsrentalsoftware.com\/wp-content\/uploads\/2025\/05\/logo_SJL-2048x1229.jpg 2048w\" sizes=\"auto, (max-width: 1024px) 100vw, 1024px\" \/><\/figure><div class=\"wp-block-media-text__content\">\n<p class=\"\"><strong>SJL Location<\/strong><\/p>\n\n\n\n<p class=\"\"><em>Nous avons&nbsp;b\u00e9n\u00e9fici\u00e9&nbsp;d&rsquo;une&nbsp;formation sur mesure et de&nbsp;qualit\u00e9. Les&nbsp;\u00e9quipes&nbsp;MCS sont \u00e0 l&rsquo;\u00e9coute&nbsp;et la formation&nbsp;dispens\u00e9e&nbsp;nous a permis d&rsquo;\u00eatre&nbsp;rapidement&nbsp;autonomes sur leur&nbsp;logiciel.&nbsp;<\/em><\/p>\n<\/div><\/div>\n<\/div>\n\n\n\n<h2 class=\"wp-block-heading alignwide has-text-align-center\" id=\"h-equipe-de-formation-nbsp\">Equipe de Formation&nbsp;<\/h2>\n\n\n\n<p class=\"has-text-align-center\" style=\"padding-top:var(--wp--preset--spacing--filter-md);padding-bottom:var(--wp--preset--spacing--filter-lg)\">Organigramme<\/p>\n\n\n\n<figure class=\"wp-block-image alignfull size-full\"><img loading=\"lazy\" decoding=\"async\" width=\"2560\" height=\"512\" src=\"https:\/\/www.mcsrentalsoftware.com\/wp-content\/uploads\/2025\/06\/Formation_Notre-Equip-1-scaled.png\" alt=\"\" class=\"wp-image-16519\" srcset=\"https:\/\/www.mcsrentalsoftware.com\/wp-content\/uploads\/2025\/06\/Formation_Notre-Equip-1-scaled.png 2560w, https:\/\/www.mcsrentalsoftware.com\/wp-content\/uploads\/2025\/06\/Formation_Notre-Equip-1-300x60.png 300w, https:\/\/www.mcsrentalsoftware.com\/wp-content\/uploads\/2025\/06\/Formation_Notre-Equip-1-1024x205.png 1024w, https:\/\/www.mcsrentalsoftware.com\/wp-content\/uploads\/2025\/06\/Formation_Notre-Equip-1-768x154.png 768w, https:\/\/www.mcsrentalsoftware.com\/wp-content\/uploads\/2025\/06\/Formation_Notre-Equip-1-1536x307.png 1536w, https:\/\/www.mcsrentalsoftware.com\/wp-content\/uploads\/2025\/06\/Formation_Notre-Equip-1-2048x410.png 2048w\" sizes=\"auto, (max-width: 2560px) 100vw, 2560px\" \/><\/figure>\n\n\n\n<div class=\"wp-block-columns is-layout-flex wp-container-core-columns-is-layout-28f84493 wp-block-columns-is-layout-flex\">\n<div class=\"wp-block-column is-layout-flow wp-block-column-is-layout-flow\" style=\"flex-basis:100%\"><\/div>\n<\/div>\n\n\n\n<div class=\"wp-block-buttons alignwide is-content-justification-center is-layout-flex wp-container-core-buttons-is-layout-ca14caed wp-block-buttons-is-layout-flex is-items-alignment-center\" style=\"margin-top:var(--wp--preset--spacing--filter-huge)\">\n<div class=\"wp-block-button is-style-fill\"><a class=\"wp-block-button__link wp-element-button\" href=\"https:\/\/www.mcsrentalsoftware.com\/wp-content\/uploads\/2025\/06\/MCS_Formation.docx\">D\u00e9couvrez notre programme de formation ici<\/a><\/div>\n<\/div>\n\n\n\n<div class=\"wp-block-group alignwide is-layout-flow wp-block-group-is-layout-flow\">\n<div class=\"wp-block-media-text alignwide has-media-on-the-right is-stacked-on-mobile is-image-fill-element has-white-color has-tertiary-background-color has-text-color has-background has-link-color wp-elements-2617f9f5c6516789819a5cb6f2cde424\"><div class=\"wp-block-media-text__content\">\n<h2 class=\"wp-block-heading\" id=\"h-pret-a-transformer-la-gestion-de-votre-parc-materiel-nbsp\">Pr\u00eat \u00e0 transformer <strong>la gestion de votre parc mat\u00e9riel&nbsp;?<\/strong><\/h2>\n\n\n\n<p class=\"\">Contactez notre \u00e9quipe d\u00e8s aujourd&rsquo;hui pour d\u00e9couvrir comment notre<strong> logiciel de location de mat\u00e9riel MCS <\/strong>peut transformer votre activit\u00e9. Nous sommes \u00e0 votre disposition pour vous proposer la solution la plus adapt\u00e9e \u00e0 vos besoins.<\/p>\n\n\n\n<div class=\"wp-block-buttons is-layout-flex wp-block-buttons-is-layout-flex\">\n<div class=\"wp-block-button\"><a class=\"wp-block-button__link wp-element-button\" href=\"https:\/\/www.mcsrentalsoftware.com\/fr\/contact\/\"><strong>Nous contacter<\/strong><\/a><\/div>\n<\/div>\n<\/div><figure class=\"wp-block-media-text__media\"><img loading=\"lazy\" decoding=\"async\" width=\"1024\" height=\"639\" src=\"https:\/\/www.mcsrentalsoftware.com\/wp-content\/uploads\/2026\/03\/mcs-team-1-1024x639.png\" alt=\"\" class=\"wp-image-35990 size-full\" style=\"object-position:50% 50%\" srcset=\"https:\/\/www.mcsrentalsoftware.com\/wp-content\/uploads\/2026\/03\/mcs-team-1-1024x639.png 1024w, https:\/\/www.mcsrentalsoftware.com\/wp-content\/uploads\/2026\/03\/mcs-team-1-300x187.png 300w, https:\/\/www.mcsrentalsoftware.com\/wp-content\/uploads\/2026\/03\/mcs-team-1-768x479.png 768w, https:\/\/www.mcsrentalsoftware.com\/wp-content\/uploads\/2026\/03\/mcs-team-1-474x296.png 474w, https:\/\/www.mcsrentalsoftware.com\/wp-content\/uploads\/2026\/03\/mcs-team-1.png 1420w\" sizes=\"auto, (max-width: 1024px) 100vw, 1024px\" \/><\/figure><\/div>\n<\/div>\n","protected":false},"excerpt":{"rendered":"<p>Formation Impl\u00e9mentation et Formation D\u00e9couvrez notre programme de formation, les \u00e9tapes d\u2019impl\u00e9mentation du logiciel et comment nos \u00e9quipes vous accompagnent. Formation chez SSV Environnement T\u00e9moignages Clients Voici ce que disent nos clients sur la Formation re\u00e7ue :&nbsp; TSF La m\u00e9thode de transmission des comp\u00e9tences&#8230;<\/p>\n","protected":false},"author":8,"featured_media":0,"parent":3223,"menu_order":229,"comment_status":"closed","ping_status":"closed","template":"","meta":{"_acf_changed":false,"content-type":"","footnotes":""},"class_list":["post-12075","page","type-page","status-publish","hentry"],"acf":[],"yoast_head":"<!-- This site is optimized with the Yoast SEO Premium plugin v26.5 (Yoast SEO v27.3) - https:\/\/yoast.com\/product\/yoast-seo-premium-wordpress\/ -->\n<title>Formation | MCS<\/title>\n<meta name=\"robots\" content=\"index, follow, max-snippet:-1, max-image-preview:large, max-video-preview:-1\" \/>\n<link rel=\"canonical\" href=\"https:\/\/www.mcsrentalsoftware.com\/fr\/a-propos\/formation\/\" \/>\n<meta property=\"og:locale\" content=\"fr_FR\" \/>\n<meta property=\"og:type\" content=\"article\" \/>\n<meta property=\"og:title\" content=\"Formation\" \/>\n<meta property=\"og:description\" content=\"Formation Impl\u00e9mentation et Formation D\u00e9couvrez notre programme de formation, les \u00e9tapes d\u2019impl\u00e9mentation du logiciel et comment nos \u00e9quipes vous accompagnent. Formation chez SSV Environnement T\u00e9moignages Clients Voici ce que disent nos clients sur la Formation re\u00e7ue :&nbsp; TSF La m\u00e9thode de transmission des comp\u00e9tences...\" \/>\n<meta property=\"og:url\" content=\"https:\/\/www.mcsrentalsoftware.com\/fr\/a-propos\/formation\/\" \/>\n<meta property=\"og:site_name\" content=\"MCS\" \/>\n<meta property=\"article:publisher\" content=\"https:\/\/www.facebook.com\/mcsrentalsoftware\" \/>\n<meta property=\"article:modified_time\" content=\"2025-11-25T12:26:15+00:00\" \/>\n<meta property=\"og:image\" content=\"https:\/\/www.mcsrentalsoftware.com\/wp-content\/uploads\/2025\/05\/MCS-web-53.jpg\" \/>\n\t<meta property=\"og:image:width\" content=\"2048\" \/>\n\t<meta property=\"og:image:height\" content=\"1365\" \/>\n\t<meta property=\"og:image:type\" content=\"image\/jpeg\" \/>\n<meta name=\"twitter:card\" content=\"summary_large_image\" \/>\n<meta name=\"twitter:label1\" content=\"Dur\u00e9e de lecture estim\u00e9e\" \/>\n\t<meta name=\"twitter:data1\" content=\"4 minutes\" \/>\n<script type=\"application\/ld+json\" class=\"yoast-schema-graph\">{\"@context\":\"https:\\\/\\\/schema.org\",\"@graph\":[{\"@type\":\"WebPage\",\"@id\":\"https:\\\/\\\/www.mcsrentalsoftware.com\\\/fr\\\/a-propos\\\/formation\\\/\",\"url\":\"https:\\\/\\\/www.mcsrentalsoftware.com\\\/fr\\\/a-propos\\\/formation\\\/\",\"name\":\"Formation | MCS\",\"isPartOf\":{\"@id\":\"https:\\\/\\\/www.mcsrentalsoftware.com\\\/fr\\\/#website\"},\"primaryImageOfPage\":{\"@id\":\"https:\\\/\\\/www.mcsrentalsoftware.com\\\/fr\\\/a-propos\\\/formation\\\/#primaryimage\"},\"image\":{\"@id\":\"https:\\\/\\\/www.mcsrentalsoftware.com\\\/fr\\\/a-propos\\\/formation\\\/#primaryimage\"},\"thumbnailUrl\":\"https:\\\/\\\/www.mcsrentalsoftware.com\\\/wp-content\\\/uploads\\\/2025\\\/05\\\/MCS-web-53-1024x683.jpg\",\"datePublished\":\"2025-05-12T10:56:31+00:00\",\"dateModified\":\"2025-11-25T12:26:15+00:00\",\"breadcrumb\":{\"@id\":\"https:\\\/\\\/www.mcsrentalsoftware.com\\\/fr\\\/a-propos\\\/formation\\\/#breadcrumb\"},\"inLanguage\":\"fr-FR\",\"potentialAction\":[{\"@type\":\"ReadAction\",\"target\":[\"https:\\\/\\\/www.mcsrentalsoftware.com\\\/fr\\\/a-propos\\\/formation\\\/\"]}]},{\"@type\":\"ImageObject\",\"inLanguage\":\"fr-FR\",\"@id\":\"https:\\\/\\\/www.mcsrentalsoftware.com\\\/fr\\\/a-propos\\\/formation\\\/#primaryimage\",\"url\":\"https:\\\/\\\/www.mcsrentalsoftware.com\\\/wp-content\\\/uploads\\\/2025\\\/05\\\/MCS-web-53-1024x683.jpg\",\"contentUrl\":\"https:\\\/\\\/www.mcsrentalsoftware.com\\\/wp-content\\\/uploads\\\/2025\\\/05\\\/MCS-web-53-1024x683.jpg\"},{\"@type\":\"BreadcrumbList\",\"@id\":\"https:\\\/\\\/www.mcsrentalsoftware.com\\\/fr\\\/a-propos\\\/formation\\\/#breadcrumb\",\"itemListElement\":[{\"@type\":\"ListItem\",\"position\":1,\"name\":\"Home\",\"item\":\"https:\\\/\\\/www.mcsrentalsoftware.com\\\/fr\\\/\"},{\"@type\":\"ListItem\",\"position\":2,\"name\":\"\u00c0 propos de nous\",\"item\":\"https:\\\/\\\/www.mcsrentalsoftware.com\\\/fr\\\/a-propos\\\/\"},{\"@type\":\"ListItem\",\"position\":3,\"name\":\"Formation\"}]},{\"@type\":\"WebSite\",\"@id\":\"https:\\\/\\\/www.mcsrentalsoftware.com\\\/fr\\\/#website\",\"url\":\"https:\\\/\\\/www.mcsrentalsoftware.com\\\/fr\\\/\",\"name\":\"MCS\",\"description\":\"\",\"publisher\":{\"@id\":\"https:\\\/\\\/www.mcsrentalsoftware.com\\\/fr\\\/#organization\"},\"potentialAction\":[{\"@type\":\"SearchAction\",\"target\":{\"@type\":\"EntryPoint\",\"urlTemplate\":\"https:\\\/\\\/www.mcsrentalsoftware.com\\\/fr\\\/?s={search_term_string}\"},\"query-input\":{\"@type\":\"PropertyValueSpecification\",\"valueRequired\":true,\"valueName\":\"search_term_string\"}}],\"inLanguage\":\"fr-FR\"},{\"@type\":\"Organization\",\"@id\":\"https:\\\/\\\/www.mcsrentalsoftware.com\\\/fr\\\/#organization\",\"name\":\"MCS\",\"url\":\"https:\\\/\\\/www.mcsrentalsoftware.com\\\/fr\\\/\",\"logo\":{\"@type\":\"ImageObject\",\"inLanguage\":\"fr-FR\",\"@id\":\"https:\\\/\\\/www.mcsrentalsoftware.com\\\/fr\\\/#\\\/schema\\\/logo\\\/image\\\/\",\"url\":\"https:\\\/\\\/www.mcsrentalsoftware.com\\\/wp-content\\\/uploads\\\/2025\\\/01\\\/logo.svg\",\"contentUrl\":\"https:\\\/\\\/www.mcsrentalsoftware.com\\\/wp-content\\\/uploads\\\/2025\\\/01\\\/logo.svg\",\"width\":113,\"height\":36,\"caption\":\"MCS\"},\"image\":{\"@id\":\"https:\\\/\\\/www.mcsrentalsoftware.com\\\/fr\\\/#\\\/schema\\\/logo\\\/image\\\/\"},\"sameAs\":[\"https:\\\/\\\/www.facebook.com\\\/mcsrentalsoftware\",\"https:\\\/\\\/www.instagram.com\\\/mcsrentalsoftware\\\/\",\"https:\\\/\\\/www.linkedin.com\\\/company\\\/mcs-rental-software\\\/\",\"https:\\\/\\\/www.youtube.com\\\/@MCSRentalSoftware\"],\"email\":\"hello@mcsrentalsoftware.com\",\"numberOfEmployees\":{\"@type\":\"QuantitativeValue\",\"minValue\":\"51\",\"maxValue\":\"200\"}}]}<\/script>\n<!-- \/ Yoast SEO Premium plugin. -->","yoast_head_json":{"title":"Formation | MCS","robots":{"index":"index","follow":"follow","max-snippet":"max-snippet:-1","max-image-preview":"max-image-preview:large","max-video-preview":"max-video-preview:-1"},"canonical":"https:\/\/www.mcsrentalsoftware.com\/fr\/a-propos\/formation\/","og_locale":"fr_FR","og_type":"article","og_title":"Formation","og_description":"Formation Impl\u00e9mentation et Formation D\u00e9couvrez notre programme de formation, les \u00e9tapes d\u2019impl\u00e9mentation du logiciel et comment nos \u00e9quipes vous accompagnent. Formation chez SSV Environnement T\u00e9moignages Clients Voici ce que disent nos clients sur la Formation re\u00e7ue :&nbsp; TSF La m\u00e9thode de transmission des comp\u00e9tences...","og_url":"https:\/\/www.mcsrentalsoftware.com\/fr\/a-propos\/formation\/","og_site_name":"MCS","article_publisher":"https:\/\/www.facebook.com\/mcsrentalsoftware","article_modified_time":"2025-11-25T12:26:15+00:00","og_image":[{"width":2048,"height":1365,"url":"https:\/\/www.mcsrentalsoftware.com\/wp-content\/uploads\/2025\/05\/MCS-web-53.jpg","type":"image\/jpeg"}],"twitter_card":"summary_large_image","twitter_misc":{"Dur\u00e9e de lecture estim\u00e9e":"4 minutes"},"schema":{"@context":"https:\/\/schema.org","@graph":[{"@type":"WebPage","@id":"https:\/\/www.mcsrentalsoftware.com\/fr\/a-propos\/formation\/","url":"https:\/\/www.mcsrentalsoftware.com\/fr\/a-propos\/formation\/","name":"Formation | MCS","isPartOf":{"@id":"https:\/\/www.mcsrentalsoftware.com\/fr\/#website"},"primaryImageOfPage":{"@id":"https:\/\/www.mcsrentalsoftware.com\/fr\/a-propos\/formation\/#primaryimage"},"image":{"@id":"https:\/\/www.mcsrentalsoftware.com\/fr\/a-propos\/formation\/#primaryimage"},"thumbnailUrl":"https:\/\/www.mcsrentalsoftware.com\/wp-content\/uploads\/2025\/05\/MCS-web-53-1024x683.jpg","datePublished":"2025-05-12T10:56:31+00:00","dateModified":"2025-11-25T12:26:15+00:00","breadcrumb":{"@id":"https:\/\/www.mcsrentalsoftware.com\/fr\/a-propos\/formation\/#breadcrumb"},"inLanguage":"fr-FR","potentialAction":[{"@type":"ReadAction","target":["https:\/\/www.mcsrentalsoftware.com\/fr\/a-propos\/formation\/"]}]},{"@type":"ImageObject","inLanguage":"fr-FR","@id":"https:\/\/www.mcsrentalsoftware.com\/fr\/a-propos\/formation\/#primaryimage","url":"https:\/\/www.mcsrentalsoftware.com\/wp-content\/uploads\/2025\/05\/MCS-web-53-1024x683.jpg","contentUrl":"https:\/\/www.mcsrentalsoftware.com\/wp-content\/uploads\/2025\/05\/MCS-web-53-1024x683.jpg"},{"@type":"BreadcrumbList","@id":"https:\/\/www.mcsrentalsoftware.com\/fr\/a-propos\/formation\/#breadcrumb","itemListElement":[{"@type":"ListItem","position":1,"name":"Home","item":"https:\/\/www.mcsrentalsoftware.com\/fr\/"},{"@type":"ListItem","position":2,"name":"\u00c0 propos de nous","item":"https:\/\/www.mcsrentalsoftware.com\/fr\/a-propos\/"},{"@type":"ListItem","position":3,"name":"Formation"}]},{"@type":"WebSite","@id":"https:\/\/www.mcsrentalsoftware.com\/fr\/#website","url":"https:\/\/www.mcsrentalsoftware.com\/fr\/","name":"MCS","description":"","publisher":{"@id":"https:\/\/www.mcsrentalsoftware.com\/fr\/#organization"},"potentialAction":[{"@type":"SearchAction","target":{"@type":"EntryPoint","urlTemplate":"https:\/\/www.mcsrentalsoftware.com\/fr\/?s={search_term_string}"},"query-input":{"@type":"PropertyValueSpecification","valueRequired":true,"valueName":"search_term_string"}}],"inLanguage":"fr-FR"},{"@type":"Organization","@id":"https:\/\/www.mcsrentalsoftware.com\/fr\/#organization","name":"MCS","url":"https:\/\/www.mcsrentalsoftware.com\/fr\/","logo":{"@type":"ImageObject","inLanguage":"fr-FR","@id":"https:\/\/www.mcsrentalsoftware.com\/fr\/#\/schema\/logo\/image\/","url":"https:\/\/www.mcsrentalsoftware.com\/wp-content\/uploads\/2025\/01\/logo.svg","contentUrl":"https:\/\/www.mcsrentalsoftware.com\/wp-content\/uploads\/2025\/01\/logo.svg","width":113,"height":36,"caption":"MCS"},"image":{"@id":"https:\/\/www.mcsrentalsoftware.com\/fr\/#\/schema\/logo\/image\/"},"sameAs":["https:\/\/www.facebook.com\/mcsrentalsoftware","https:\/\/www.instagram.com\/mcsrentalsoftware\/","https:\/\/www.linkedin.com\/company\/mcs-rental-software\/","https:\/\/www.youtube.com\/@MCSRentalSoftware"],"email":"hello@mcsrentalsoftware.com","numberOfEmployees":{"@type":"QuantitativeValue","minValue":"51","maxValue":"200"}}]}},"_links":{"self":[{"href":"https:\/\/www.mcsrentalsoftware.com\/fr\/wp-json\/wp\/v2\/pages\/12075","targetHints":{"allow":["GET"]}}],"collection":[{"href":"https:\/\/www.mcsrentalsoftware.com\/fr\/wp-json\/wp\/v2\/pages"}],"about":[{"href":"https:\/\/www.mcsrentalsoftware.com\/fr\/wp-json\/wp\/v2\/types\/page"}],"author":[{"embeddable":true,"href":"https:\/\/www.mcsrentalsoftware.com\/fr\/wp-json\/wp\/v2\/users\/8"}],"replies":[{"embeddable":true,"href":"https:\/\/www.mcsrentalsoftware.com\/fr\/wp-json\/wp\/v2\/comments?post=12075"}],"version-history":[{"count":22,"href":"https:\/\/www.mcsrentalsoftware.com\/fr\/wp-json\/wp\/v2\/pages\/12075\/revisions"}],"predecessor-version":[{"id":33609,"href":"https:\/\/www.mcsrentalsoftware.com\/fr\/wp-json\/wp\/v2\/pages\/12075\/revisions\/33609"}],"up":[{"embeddable":true,"href":"https:\/\/www.mcsrentalsoftware.com\/fr\/wp-json\/wp\/v2\/pages\/3223"}],"wp:attachment":[{"href":"https:\/\/www.mcsrentalsoftware.com\/fr\/wp-json\/wp\/v2\/media?parent=12075"}],"curies":[{"name":"wp","href":"https:\/\/api.w.org\/{rel}","templated":true}]}}