{"id":10541,"date":"2025-01-07T10:11:09","date_gmt":"2025-01-07T10:11:09","guid":{"rendered":"https:\/\/mcsrentalsoftware.com\/?page_id=10541"},"modified":"2026-03-23T17:19:03","modified_gmt":"2026-03-23T17:19:03","slug":"politique-confidentialite","status":"publish","type":"page","link":"https:\/\/www.mcsrentalsoftware.com\/fr\/politique-confidentialite\/","title":{"rendered":"Politique de confidentialit\u00e9 de MCS"},"content":{"rendered":"\n<h1 class=\"wp-block-heading\" id=\"h-politique-de-confidentialite-de-mcs\"><strong>Politique de confidentialit\u00e9 de MCS<\/strong><\/h1>\n\n\n\n<p class=\"\">\u00c0 MCS, nous respectons votre vie priv\u00e9e. Nous veillons au traitement juste et raisonnable des donn\u00e9es personnelles par MCS Rental Software Ltd, ainsi qu\u2019\u00e0 la s\u00e9curit\u00e9, la protection et la mise \u00e0 jour de vos donn\u00e9es personnelles.<\/p>\n\n\n\n<p class=\"\">MCS peut recueillir et utiliser les types d\u2019informations personnelles suivantes&nbsp;:<\/p>\n\n\n\n<ul class=\"wp-block-list\">\n<li>les informations que vous nous donnez dans le but de traiter une op\u00e9ration commerciale&nbsp;;<\/li>\n\n\n\n<li>les informations que vous nous donnez via nos formulaires de contact ou les t\u00e9l\u00e9chargements de ressources&nbsp;: nom, adresse e-mail, num\u00e9ro de t\u00e9l\u00e9phone, adresse postale et nom de la soci\u00e9t\u00e9 lors des demandes d\u2019information sur notre logiciel ou nos services.<\/li>\n<\/ul>\n\n\n\n<p class=\"\">Lorsque la loi le permet, MCS recueille les informations qu\u2019elle obtient de tiers sur d\u2019autres personnes et entreprises.Cela nous permet de mettre \u00e0 jour, de d\u00e9velopper et d\u2019analyser nos donn\u00e9es, d\u2019identifier de nouveaux clients et de personnaliser les produits et services que nous fournissons et qui pourraient vous int\u00e9resser.<\/p>\n\n\n\n<p class=\"\">MCS peut utiliser vos informations personnelles pour&nbsp;:<\/p>\n\n\n\n<ul class=\"wp-block-list\">\n<li>traiter votre demande sur un logiciel ou service que vous demandez, y compris les t\u00e9l\u00e9chargements de livres blancs&nbsp;;<\/li>\n\n\n\n<li>vous envoyer des relev\u00e9s de compte, des factures ou encaisser vos r\u00e8glements&nbsp;;<\/li>\n\n\n\n<li>vous envoyer des communications marketing pertinentes telles que des bulletins d\u2019informations par e-mail, des informations marketing, des offres sur les logiciels et les services MCS, mais uniquement dans la mesure permise par la loi ou \u00e0 votre demande (voir la section \u00ab&nbsp;E-mails et bulletins d\u2019information&nbsp;\u00bb ci-dessous).<\/li>\n<\/ul>\n\n\n\n<p class=\"\">Vous avez le droit de nous demander une copie des informations que nous d\u00e9tenons \u00e0 votre sujet et faire corriger ces informations si elles sont inexactes. Pour consulter les informations que vous avez divulgu\u00e9es, contactez le d\u00e9l\u00e9gu\u00e9 \u00e0 la protection des donn\u00e9es, MCS Rental Software Ltd, Oakwood, Grove Business Park, White Waltham, Berkshire, SL6 3LW, Royaume-Uni.<\/p>\n\n\n\n<p class=\"\"><strong>E-mail et Newsletters<\/strong><\/p>\n\n\n\n<p class=\"\">Nous utiliserons vos donn\u00e9es pour vous envoyer des newsletters et des informations marketing sur nos logiciels et nos services, nos \u00e9v\u00e9nements, nos enqu\u00eates et autres articles qui peuvent \u00eatre d\u2019int\u00e9r\u00eat pour vous. Vous pouvez vous d\u00e9sinscrire \u00e0 tout instant en cliquant sur le lien \u00ab&nbsp;d\u00e9sinscrire\u00bb au bas de l\u2019e-mail ou en nous t\u00e9l\u00e9phonant, ou si vous \u00eates client, en modifiant vos pr\u00e9f\u00e9rences sur le Club Clients MCS.<\/p>\n\n\n\n<p class=\"\">Autres sites Web<\/p>\n\n\n\n<p class=\"\">Le site Web MCS contient des liens vers d\u2019autres sites Web&nbsp;: ceux de nos clients, nos partenaires, YouTube ou autres sites Web li\u00e9s \u00e0 MCS. Cette politique de confidentialit\u00e9 s\u2019applique exclusivement aux sites Web MCS, par cons\u00e9quent, lorsque vous acc\u00e9dez \u00e0 d\u2019autres sites Web, nous vous conseillons de consulter leur politique de confidentialit\u00e9.<\/p>\n\n\n\n<p class=\"\"><strong>Enregistrement des appels t\u00e9l\u00e9phoniques<\/strong><\/p>\n\n\n\n<p class=\"\">Nous attirons votre attention sur le fait que nos conversations t\u00e9l\u00e9phoniques sont susceptibles d\u2019\u00eatre enregistr\u00e9es \u00e0 des fins de formation.<\/p>\n\n\n\n<p class=\"\"><strong>Cookies<\/strong><\/p>\n\n\n\n<p class=\"\">Lorsque vous visitez un site MCS, un petit fichier appel\u00e9 Cookie est enregistr\u00e9 sur le disque dur de votre ordinateur. Les cookies permettent \u00e0 MCS d\u2019am\u00e9liorer l\u2019utilit\u00e9 de son site web en stockant vos pr\u00e9f\u00e9rences. Ils vous permettent de vous connecter plus facilement et d\u2019utiliser le site Web durant vos visites futures. Les cookies n\u2019identifient pas personnellement un internaute, mais peuvent identifier l\u2019ordinateur de celui-ci.<\/p>\n\n\n\n<p class=\"\">La plupart des navigateurs internet acceptent automatiquement les cookies mais, si vous le souhaitez, vous pouvez param\u00e9trer votre navigateur de sorte qu\u2019il ne les accepte pas automatiquement. Veuillez consulter la section d\u2019aide de votre navigateur qui explique les options relatives \u00e0 la gestion des cookies. Si vous d\u00e9sactivez les cookies, il est possible que vous ne puissiez pas b\u00e9n\u00e9ficier de certaines fonctionnalit\u00e9s des sites MCS.<\/p>\n\n\n\n<p class=\"\">Les sites MCS peuvent \u00e9mettre des cookies \u00e0 des fins&nbsp;:<\/p>\n\n\n\n<ul class=\"wp-block-list\">\n<li>d\u2019analyse&nbsp;; pour nous permettre de surveiller la fa\u00e7on dont les personnes utilisent le site Web et d\u2019optimiser le contenu pour am\u00e9liorer l\u2019exp\u00e9rience utilisateur&nbsp;;<\/li>\n\n\n\n<li>de r\u00e9cup\u00e9ration des donn\u00e9es pr\u00e9c\u00e9demment utilis\u00e9es sur les formulaires &#8211; pour vous faire gagner du temps en \u00e9vitant les ressaisies ;<\/li>\n\n\n\n<li>de retargeting &#8211; afin que nous puissions diffuser des publicit\u00e9s lorsque vous naviguez sur d\u2019autres sites Web.<\/li>\n<\/ul>\n\n\n\n<p class=\"\"><strong>Cookies tiers<\/strong><\/p>\n\n\n\n<p class=\"\"><strong>R\u00e9seaux sociaux<\/strong><\/p>\n\n\n\n<p class=\"\">Notre site Web dispose des boutons de partage dans les r\u00e9seaux sociaux ou des widgets h\u00e9berg\u00e9s par un tiers appel\u00e9 \u00ab&nbsp;Addthis&nbsp;\u00bb. Ces fonctionnalit\u00e9s peuvent collecter votre adresse IP, la page que vous visitez sur notre site et peuvent placer un cookie pour activer la fonctionnalit\u00e9 appropri\u00e9e. Votre interaction avec ces fonctionnalit\u00e9s est r\u00e9gie par l\u2019entreprise qui vous les fournit. Vous pouvez modifier vos param\u00e8tres ici&nbsp;<a href=\"http:\/\/www.youronlinechoices.com\/uk\/your-ad-choices\">http:\/\/www.youronlinechoices.com\/UK.\/your-ad-choices<\/a><\/p>\n\n\n\n<p class=\"\"><strong>Google Analytics<\/strong><\/p>\n\n\n\n<p class=\"\">Nous suivons les pages que vous visitez en utilisant \u00e0 Google Analytics. Nous collectons des donn\u00e9es cumulatives pour surveiller le fonctionnement de notre site Web et am\u00e9liorer votre navigation. Nous ne partageons pas d\u2019informations avec Google et toutes les adresses IP sont anonymis\u00e9es. La politique de confidentialit\u00e9 de Google est disponible \u00e0 l\u2019adresse suivante&nbsp;:&nbsp;<a href=\"https:\/\/policies.google.com\/privacy?hl=fr-FR\">https:\/\/policies.google.com\/privacy?hl=fr-FR<\/a><\/p>\n\n\n\n<p class=\"\"><strong>Hubspot<\/strong><\/p>\n\n\n\n<p class=\"\">Nous suivons les pages que vous visitez en utilisant Hubspot pour nous aider \u00e0 comprendre ce qui vous int\u00e9resse et nous permettre de vous offrir des informations pertinentes si vous optez pour nos communications marketing.<\/p>\n\n\n\n<p class=\"\"><strong>S\u00e9curit\u00e9<\/strong><\/p>\n\n\n\n<p class=\"\">Toutes les informations personnelles fournies sont prot\u00e9g\u00e9es et confidentielles. MCS ne partagera pas vos informations avec d\u2019autres soci\u00e9t\u00e9s. Nous respectons les normes de l\u2019industrie afin d\u2019assurer la protection des informations qui nous sont confi\u00e9es. Nous stockons toutes vos informations en toute s\u00e9curit\u00e9, tant pendant la transmission qu\u2019apr\u00e8s la r\u00e9ception des donn\u00e9es. Cela permet de prot\u00e9ger vos donn\u00e9es contre la perte, l\u2019utilisation abusive et l\u2019acc\u00e8s, la divulgation, la modification ou la destruction non autoris\u00e9s. Toutefois, nous ne garantissons pas que nous \u00e9liminerons tout risque d\u2019utilisation abusive de vos informations personnelles par des tiers ayant des intentions malveillantes. Veuillez conserver vos identifiants de connexion et nous contacter imm\u00e9diatement si vous avez connaissance d\u2019une utilisation non autoris\u00e9e de votre mot de passe ou d\u2019une autre violation de s\u00e9curit\u00e9.<\/p>\n\n\n\n<p class=\"\">Nous pouvons communiquer vos informations personnelles et\/ou celles des utilisateurs si la police ou tout organisme de r\u00e9glementation ou encore toute autorit\u00e9 gouvernementale qui enqu\u00eate sur des activit\u00e9s pr\u00e9sum\u00e9es ill\u00e9gales nous en fait la demande.<\/p>\n\n\n\n<p class=\"\"><strong>Mises \u00e0 jour de cette politique<\/strong><\/p>\n\n\n\n<p class=\"\">MCS peut mettre \u00e0 jour cette politique de confidentialit\u00e9 en publiant une nouvelle version sur ce site Web.<\/p>\n\n\n\n<p class=\"\"><strong>Application Resource Mobile<\/strong><\/p>\n\n\n\n<p class=\"\">Comprend un suivi GPS en arri\u00e8re-plan \u2013 Suivant les param\u00e8tres de votre application MCS-rm, l&rsquo;application Resource Mobile enregistrera la g\u00e9olocalisation en arri\u00e8re-plan. Ces informations sont transmises au logiciel MCS-rm afin que les gestionnaires de transport puissent voir l&#8217;emplacement des chauffeurs.<\/p>\n\n\n\n<p class=\"\">Toutes les erreurs cr\u00e9\u00e9es dans l&rsquo;application sont communiqu\u00e9es \u00e0 MCS pour rectification et garantir la stabilit\u00e9 de l&rsquo;application.<\/p>\n\n\n\n<p class=\"\">Toutes les donn\u00e9es saisies sur les \u00e9crans ou les images t\u00e9l\u00e9charg\u00e9es via l&rsquo;application sont transmises \u00e0 l\u2019application MCS-rm.<\/p>\n\n\n\n<p class=\"\"><strong>A votre disposition<\/strong><\/p>\n\n\n\n<p class=\"\">Si vous souhaitez contacter MCS au sujet d\u2019un aspect de notre politique de confidentialit\u00e9, utilisez l\u2019une des m\u00e9thodes suivantes&nbsp;:<\/p>\n\n\n\n<p class=\"\">D\u00e9l\u00e9gu\u00e9 \u00e0 la Protection des donn\u00e9es<br>MCS Rental Software Ltd<br>Oakwood<br>Grove Business Park<br>White Waltham<br>Berkshire<br>SL6 3LW<br>Royaume Uni<\/p>\n\n\n\n<p class=\"\">T\u00e9l.&nbsp;: +33 (0) 1 40 90 31 82<br>E-mail&nbsp;: bienvenue@mcsrentalsoftware.com<\/p>\n","protected":false},"excerpt":{"rendered":"<p>Politique de confidentialit\u00e9 de MCS \u00c0 MCS, nous respectons votre vie priv\u00e9e. Nous veillons au traitement juste et raisonnable des donn\u00e9es personnelles par MCS Rental Software Ltd, ainsi qu\u2019\u00e0 la s\u00e9curit\u00e9, la protection et la mise \u00e0 jour de vos donn\u00e9es personnelles. MCS peut&#8230;<\/p>\n","protected":false},"author":8,"featured_media":0,"parent":0,"menu_order":325,"comment_status":"closed","ping_status":"closed","template":"","meta":{"_acf_changed":false,"content-type":"","footnotes":""},"class_list":["post-10541","page","type-page","status-publish","hentry"],"acf":[],"yoast_head":"<!-- This site is optimized with the Yoast SEO Premium plugin v26.5 (Yoast SEO v27.2) - https:\/\/yoast.com\/product\/yoast-seo-premium-wordpress\/ -->\n<title>Politique de confidentialit\u00e9 de MCS | MCS<\/title>\n<meta name=\"description\" content=\"Nous veillons au traitement juste et raisonnable des donn\u00e9es personnelles par MCS Rental Software Ltd, ainsi qu\u2019\u00e0 la s\u00e9curit\u00e9, la protection et la mise \u00e0 jour de vos donn\u00e9es personnelles.\" \/>\n<meta name=\"robots\" content=\"index, follow, max-snippet:-1, max-image-preview:large, max-video-preview:-1\" \/>\n<link rel=\"canonical\" href=\"https:\/\/www.mcsrentalsoftware.com\/fr\/politique-confidentialite\/\" \/>\n<meta property=\"og:locale\" content=\"fr_FR\" \/>\n<meta property=\"og:type\" content=\"article\" \/>\n<meta property=\"og:title\" content=\"Politique de confidentialit\u00e9 de MCS\" \/>\n<meta property=\"og:description\" content=\"Nous veillons au traitement juste et raisonnable des donn\u00e9es personnelles par MCS Rental Software Ltd, ainsi qu\u2019\u00e0 la s\u00e9curit\u00e9, la protection et la mise \u00e0 jour de vos donn\u00e9es personnelles.\" \/>\n<meta property=\"og:url\" content=\"https:\/\/www.mcsrentalsoftware.com\/fr\/politique-confidentialite\/\" \/>\n<meta property=\"og:site_name\" content=\"MCS\" \/>\n<meta property=\"article:publisher\" content=\"https:\/\/www.facebook.com\/mcsrentalsoftware\" \/>\n<meta property=\"article:modified_time\" content=\"2026-03-23T17:19:03+00:00\" \/>\n<meta name=\"twitter:card\" content=\"summary_large_image\" \/>\n<meta name=\"twitter:label1\" content=\"Dur\u00e9e de lecture estim\u00e9e\" \/>\n\t<meta name=\"twitter:data1\" content=\"5 minutes\" \/>\n<script type=\"application\/ld+json\" class=\"yoast-schema-graph\">{\"@context\":\"https:\/\/schema.org\",\"@graph\":[{\"@type\":\"WebPage\",\"@id\":\"https:\/\/www.mcsrentalsoftware.com\/fr\/politique-confidentialite\/\",\"url\":\"https:\/\/www.mcsrentalsoftware.com\/fr\/politique-confidentialite\/\",\"name\":\"Politique de confidentialit\u00e9 de MCS | MCS\",\"isPartOf\":{\"@id\":\"https:\/\/www.mcsrentalsoftware.com\/fr\/#website\"},\"datePublished\":\"2025-01-07T10:11:09+00:00\",\"dateModified\":\"2026-03-23T17:19:03+00:00\",\"description\":\"Nous veillons au traitement juste et raisonnable des donn\u00e9es personnelles par MCS Rental Software Ltd, ainsi qu\u2019\u00e0 la s\u00e9curit\u00e9, la protection et la mise \u00e0 jour de vos donn\u00e9es personnelles.\",\"breadcrumb\":{\"@id\":\"https:\/\/www.mcsrentalsoftware.com\/fr\/politique-confidentialite\/#breadcrumb\"},\"inLanguage\":\"fr-FR\",\"potentialAction\":[{\"@type\":\"ReadAction\",\"target\":[\"https:\/\/www.mcsrentalsoftware.com\/fr\/politique-confidentialite\/\"]}]},{\"@type\":\"BreadcrumbList\",\"@id\":\"https:\/\/www.mcsrentalsoftware.com\/fr\/politique-confidentialite\/#breadcrumb\",\"itemListElement\":[{\"@type\":\"ListItem\",\"position\":1,\"name\":\"Home\",\"item\":\"https:\/\/www.mcsrentalsoftware.com\/fr\/\"},{\"@type\":\"ListItem\",\"position\":2,\"name\":\"Politique de confidentialit\u00e9 de MCS\"}]},{\"@type\":\"WebSite\",\"@id\":\"https:\/\/www.mcsrentalsoftware.com\/fr\/#website\",\"url\":\"https:\/\/www.mcsrentalsoftware.com\/fr\/\",\"name\":\"MCS\",\"description\":\"\",\"publisher\":{\"@id\":\"https:\/\/www.mcsrentalsoftware.com\/fr\/#organization\"},\"potentialAction\":[{\"@type\":\"SearchAction\",\"target\":{\"@type\":\"EntryPoint\",\"urlTemplate\":\"https:\/\/www.mcsrentalsoftware.com\/fr\/?s={search_term_string}\"},\"query-input\":{\"@type\":\"PropertyValueSpecification\",\"valueRequired\":true,\"valueName\":\"search_term_string\"}}],\"inLanguage\":\"fr-FR\"},{\"@type\":\"Organization\",\"@id\":\"https:\/\/www.mcsrentalsoftware.com\/fr\/#organization\",\"name\":\"MCS\",\"url\":\"https:\/\/www.mcsrentalsoftware.com\/fr\/\",\"logo\":{\"@type\":\"ImageObject\",\"inLanguage\":\"fr-FR\",\"@id\":\"https:\/\/www.mcsrentalsoftware.com\/fr\/#\/schema\/logo\/image\/\",\"url\":\"https:\/\/www.mcsrentalsoftware.com\/wp-content\/uploads\/2025\/01\/logo.svg\",\"contentUrl\":\"https:\/\/www.mcsrentalsoftware.com\/wp-content\/uploads\/2025\/01\/logo.svg\",\"width\":113,\"height\":36,\"caption\":\"MCS\"},\"image\":{\"@id\":\"https:\/\/www.mcsrentalsoftware.com\/fr\/#\/schema\/logo\/image\/\"},\"sameAs\":[\"https:\/\/www.facebook.com\/mcsrentalsoftware\",\"https:\/\/www.instagram.com\/mcsrentalsoftware\/\",\"https:\/\/www.linkedin.com\/company\/mcs-rental-software\/\",\"https:\/\/www.youtube.com\/@MCSRentalSoftware\"],\"email\":\"hello@mcsrentalsoftware.com\",\"numberOfEmployees\":{\"@type\":\"QuantitativeValue\",\"minValue\":\"51\",\"maxValue\":\"200\"}}]}<\/script>\n<!-- \/ Yoast SEO Premium plugin. -->","yoast_head_json":{"title":"Politique de confidentialit\u00e9 de MCS | MCS","description":"Nous veillons au traitement juste et raisonnable des donn\u00e9es personnelles par MCS Rental Software Ltd, ainsi qu\u2019\u00e0 la s\u00e9curit\u00e9, la protection et la mise \u00e0 jour de vos donn\u00e9es personnelles.","robots":{"index":"index","follow":"follow","max-snippet":"max-snippet:-1","max-image-preview":"max-image-preview:large","max-video-preview":"max-video-preview:-1"},"canonical":"https:\/\/www.mcsrentalsoftware.com\/fr\/politique-confidentialite\/","og_locale":"fr_FR","og_type":"article","og_title":"Politique de confidentialit\u00e9 de MCS","og_description":"Nous veillons au traitement juste et raisonnable des donn\u00e9es personnelles par MCS Rental Software Ltd, ainsi qu\u2019\u00e0 la s\u00e9curit\u00e9, la protection et la mise \u00e0 jour de vos donn\u00e9es personnelles.","og_url":"https:\/\/www.mcsrentalsoftware.com\/fr\/politique-confidentialite\/","og_site_name":"MCS","article_publisher":"https:\/\/www.facebook.com\/mcsrentalsoftware","article_modified_time":"2026-03-23T17:19:03+00:00","twitter_card":"summary_large_image","twitter_misc":{"Dur\u00e9e de lecture estim\u00e9e":"5 minutes"},"schema":{"@context":"https:\/\/schema.org","@graph":[{"@type":"WebPage","@id":"https:\/\/www.mcsrentalsoftware.com\/fr\/politique-confidentialite\/","url":"https:\/\/www.mcsrentalsoftware.com\/fr\/politique-confidentialite\/","name":"Politique de confidentialit\u00e9 de MCS | MCS","isPartOf":{"@id":"https:\/\/www.mcsrentalsoftware.com\/fr\/#website"},"datePublished":"2025-01-07T10:11:09+00:00","dateModified":"2026-03-23T17:19:03+00:00","description":"Nous veillons au traitement juste et raisonnable des donn\u00e9es personnelles par MCS Rental Software Ltd, ainsi qu\u2019\u00e0 la s\u00e9curit\u00e9, la protection et la mise \u00e0 jour de vos donn\u00e9es personnelles.","breadcrumb":{"@id":"https:\/\/www.mcsrentalsoftware.com\/fr\/politique-confidentialite\/#breadcrumb"},"inLanguage":"fr-FR","potentialAction":[{"@type":"ReadAction","target":["https:\/\/www.mcsrentalsoftware.com\/fr\/politique-confidentialite\/"]}]},{"@type":"BreadcrumbList","@id":"https:\/\/www.mcsrentalsoftware.com\/fr\/politique-confidentialite\/#breadcrumb","itemListElement":[{"@type":"ListItem","position":1,"name":"Home","item":"https:\/\/www.mcsrentalsoftware.com\/fr\/"},{"@type":"ListItem","position":2,"name":"Politique de confidentialit\u00e9 de MCS"}]},{"@type":"WebSite","@id":"https:\/\/www.mcsrentalsoftware.com\/fr\/#website","url":"https:\/\/www.mcsrentalsoftware.com\/fr\/","name":"MCS","description":"","publisher":{"@id":"https:\/\/www.mcsrentalsoftware.com\/fr\/#organization"},"potentialAction":[{"@type":"SearchAction","target":{"@type":"EntryPoint","urlTemplate":"https:\/\/www.mcsrentalsoftware.com\/fr\/?s={search_term_string}"},"query-input":{"@type":"PropertyValueSpecification","valueRequired":true,"valueName":"search_term_string"}}],"inLanguage":"fr-FR"},{"@type":"Organization","@id":"https:\/\/www.mcsrentalsoftware.com\/fr\/#organization","name":"MCS","url":"https:\/\/www.mcsrentalsoftware.com\/fr\/","logo":{"@type":"ImageObject","inLanguage":"fr-FR","@id":"https:\/\/www.mcsrentalsoftware.com\/fr\/#\/schema\/logo\/image\/","url":"https:\/\/www.mcsrentalsoftware.com\/wp-content\/uploads\/2025\/01\/logo.svg","contentUrl":"https:\/\/www.mcsrentalsoftware.com\/wp-content\/uploads\/2025\/01\/logo.svg","width":113,"height":36,"caption":"MCS"},"image":{"@id":"https:\/\/www.mcsrentalsoftware.com\/fr\/#\/schema\/logo\/image\/"},"sameAs":["https:\/\/www.facebook.com\/mcsrentalsoftware","https:\/\/www.instagram.com\/mcsrentalsoftware\/","https:\/\/www.linkedin.com\/company\/mcs-rental-software\/","https:\/\/www.youtube.com\/@MCSRentalSoftware"],"email":"hello@mcsrentalsoftware.com","numberOfEmployees":{"@type":"QuantitativeValue","minValue":"51","maxValue":"200"}}]}},"_links":{"self":[{"href":"https:\/\/www.mcsrentalsoftware.com\/fr\/wp-json\/wp\/v2\/pages\/10541","targetHints":{"allow":["GET"]}}],"collection":[{"href":"https:\/\/www.mcsrentalsoftware.com\/fr\/wp-json\/wp\/v2\/pages"}],"about":[{"href":"https:\/\/www.mcsrentalsoftware.com\/fr\/wp-json\/wp\/v2\/types\/page"}],"author":[{"embeddable":true,"href":"https:\/\/www.mcsrentalsoftware.com\/fr\/wp-json\/wp\/v2\/users\/8"}],"replies":[{"embeddable":true,"href":"https:\/\/www.mcsrentalsoftware.com\/fr\/wp-json\/wp\/v2\/comments?post=10541"}],"version-history":[{"count":2,"href":"https:\/\/www.mcsrentalsoftware.com\/fr\/wp-json\/wp\/v2\/pages\/10541\/revisions"}],"predecessor-version":[{"id":36185,"href":"https:\/\/www.mcsrentalsoftware.com\/fr\/wp-json\/wp\/v2\/pages\/10541\/revisions\/36185"}],"wp:attachment":[{"href":"https:\/\/www.mcsrentalsoftware.com\/fr\/wp-json\/wp\/v2\/media?parent=10541"}],"curies":[{"name":"wp","href":"https:\/\/api.w.org\/{rel}","templated":true}]}}