{"id":10491,"date":"2025-02-17T15:37:07","date_gmt":"2025-02-17T15:37:07","guid":{"rendered":"https:\/\/mcsrentalsoftware.com\/?page_id=10491"},"modified":"2025-08-06T13:58:10","modified_gmt":"2025-08-06T12:58:10","slug":"developpement-durable","status":"publish","type":"page","link":"https:\/\/www.mcsrentalsoftware.com\/fr\/a-propos\/developpement-durable\/","title":{"rendered":"Politique Environnementale MCS"},"content":{"rendered":"\n<div class=\"wp-block-group alignfull is-layout-constrained wp-block-group-is-layout-constrained\">\n<div class=\"wp-block-group alignwide is-style-hero-text is-layout-flow wp-block-group-is-layout-flow\">\n<h1 class=\"wp-block-heading\" id=\"h-politique-environnementale-mcs\"><br>Politique Environnementale MCS<\/h1>\n\n\n\n<p class=\"\">Chez MCS, nous pensons qu\u2019il est de notre devoir envers nos clients, nos employ\u00e9s, notre communaut\u00e9 et l&rsquo;environnement d&rsquo;exploiter un mod\u00e8le d&rsquo;entreprise responsable.<\/p>\n\n\n\n<div class=\"wp-block-buttons is-layout-flex wp-block-buttons-is-layout-flex\">\n<div class=\"wp-block-button\"><a class=\"wp-block-button__link wp-element-button\" href=\"https:\/\/www.mcsrentalsoftware.com\/fr\/contact\/\">Nous contacter<\/a><\/div>\n<\/div>\n<\/div>\n<\/div>\n\n\n\n<div class=\"wp-block-group alignwide is-layout-constrained wp-block-group-is-layout-constrained\">\n<p class=\"\">Le succ\u00e8s environnemental de la soci\u00e9t\u00e9 MCS d\u00e9pend de la gestion efficace de la s\u00e9curit\u00e9, de la sant\u00e9, de l&rsquo;environnement, de la qualit\u00e9, de l\u2019utilisation d\u2019\u00e9nergies durables et de la r\u00e9duction de carbone. Conform\u00e9ment \u00e0 notre accr\u00e9ditation ISO, notre politique environnementale est r\u00e9vis\u00e9e, mise \u00e0 jour et communiqu\u00e9e r\u00e9guli\u00e8rement.<\/p>\n\n\n\n<p class=\"\">\u00ab\u00a0Chez MCS, mon r\u00f4le en tant que PDG est de veiller \u00e0 ce que l\u2019entreprise fonctionne de mani\u00e8re responsable, non seulement pour le bien de l&rsquo;environnement et de la soci\u00e9t\u00e9, mais aussi parce que c\u2019est le bon sens commercial. Nous nous engageons \u00e0 prendre soin de notre personnel, de la plan\u00e8te et de ses ressources et \u00e0 veiller \u00e0 ce que notre entreprise fonctionne de mani\u00e8re durable.\u00a0\u00bb<br><strong>Guy van der Knaap, Directeur G\u00e9n\u00e9ral<\/strong><\/p>\n\n\n\n<h2 class=\"wp-block-heading is-style-h5\" id=\"h-nous-prenons-soin-de-nos-collaborateurs\">Nous prenons soin de nos collaborateurs<\/h2>\n\n\n\n<p class=\"\">Notre mission chez MCS est de cr\u00e9er un environnement stimulant et responsabilisant o\u00f9 tous nos employ\u00e9s peuvent se d\u00e9velopper et s&rsquo;\u00e9panouir. Nous respectons nos coll\u00e8gues et nos clients et encourageons une culture d&rsquo;inclusion, de diversit\u00e9, de respect et de soutien. Notre \u00e9quipe s\u2019efforce de trouver des moyens pour am\u00e9liorer notre fa\u00e7on de travailler, et des formations sont mises \u00e0 la disposition de tous les employ\u00e9s pour leur \u00e9panouissement professionnel.<\/p>\n\n\n\n<h2 class=\"wp-block-heading is-style-h5\" id=\"h-approche-innovante-axee-sur-les-clients\">Approche innovante ax\u00e9e sur les clients<\/h2>\n\n\n\n<p class=\"\">Dans le cadre de notre \u00e9troite collaboration avec nos clients, nous nous consacrons au d\u00e9veloppement et \u00e0 l&rsquo;am\u00e9lioration continue de nos solutions logicielles web et mobiles.<\/p>\n\n\n\n<h2 class=\"wp-block-heading is-style-h5\" id=\"h-sante-et-securite\">Sant\u00e9 et s\u00e9curit\u00e9<\/h2>\n\n\n\n<p class=\"\">Nous pensons que chaque collaborateur a le droit de travailler en s\u00e9curit\u00e9 et dans des conditions de travail saines. Nous cherchons \u00e0 mettre place des conditions qui favorisent la sant\u00e9 et la s\u00e9curit\u00e9, \u00e0 identifier les lacunes en mati\u00e8re de comp\u00e9tences et \u00e0 promouvoir un environnement s\u00e9curis\u00e9. L&rsquo;entreprise encourage l&rsquo;\u00e9quilibre entre la vie professionnelle et la vie priv\u00e9e des employ\u00e9s en favorisant le travail flexible et en proposant un acc\u00e8s \u00e0 des services de bien-\u00eatre et de soutien.<\/p>\n\n\n\n<h2 class=\"wp-block-heading is-style-h5\" id=\"h-responsabilite-environnementale-et-communautaire\">Responsabilit\u00e9 environnementale et communautaire<\/h2>\n\n\n\n<p class=\"\">MCS s&rsquo;engage \u00e0 contribuer \u00e0 des projets communautaires locaux et verse chaque ann\u00e9e 10% de ses b\u00e9n\u00e9fices \u00e0 des organisations caritatives. Pour r\u00e9duire notre impact sur l&rsquo;environnement, nous nous effor\u00e7ons d&rsquo;atteindre les objectifs suivants :<\/p>\n\n\n\n<ul class=\"wp-block-list\">\n<li>Minimiser les \u00e9missions de carbone par une gestion efficace de l&rsquo;\u00e9nergie et des transports<\/li>\n<\/ul>\n\n\n\n<ul class=\"wp-block-list\">\n<li>Encourager l&rsquo;utilisation des transports publics, de la marche, de la bicyclette et du covoiturage<\/li>\n<\/ul>\n\n\n\n<ul class=\"wp-block-list\">\n<li>R\u00e9duire au minimum l&rsquo;impact environnemental en encourageant la r\u00e9utilisation et le recyclage<\/li>\n<\/ul>\n\n\n\n<ul class=\"wp-block-list\">\n<li>D\u00e9velopper des m\u00e9thodes de travail qui permettent de r\u00e9duire les d\u00e9chets et d\u2019\u00e9viter la pollution<\/li>\n<\/ul>\n\n\n\n<ul class=\"wp-block-list\">\n<li>Permettre un travail flexible qui permet de r\u00e9duire les d\u00e9placements et la consommation de carburant<\/li>\n<\/ul>\n<\/div>\n\n\n\n<div class=\"wp-block-media-text alignwide is-stacked-on-mobile is-image-fill-element has-green-gradient-background has-background\" style=\"grid-template-columns:55% auto\"><figure class=\"wp-block-media-text__media\"><img loading=\"lazy\" decoding=\"async\" width=\"717\" height=\"386\" src=\"https:\/\/www.mcsrentalsoftware.com\/wp-content\/uploads\/2025\/03\/5-3.png\" alt=\"\" class=\"wp-image-5809 size-full\" style=\"object-position:50% 50%\" srcset=\"https:\/\/www.mcsrentalsoftware.com\/wp-content\/uploads\/2025\/03\/5-3.png 717w, https:\/\/www.mcsrentalsoftware.com\/wp-content\/uploads\/2025\/03\/5-3-300x162.png 300w\" sizes=\"auto, (max-width: 717px) 100vw, 717px\" \/><\/figure><div class=\"wp-block-media-text__content\">\n<h2 class=\"wp-block-heading\" id=\"h-notre-engagement-pour-la-planete\"><strong><strong><strong>Notre engagement pour la plan\u00e8te<\/strong><\/strong><\/strong><\/h2>\n\n\n\n<p class=\"\">Chez MCS, nous sommes fiers d\u2019\u00eatre une entreprise neutre en carbone, pionni\u00e8re du d\u00e9veloppement durable dans le secteur de la location. En limitant nos \u00e9missions et en r\u00e9duisant notre impact environnemental, nous contribuons \u00e0 un avenir plus vert pour la plan\u00e8te.<\/p>\n\n\n\n<div class=\"wp-block-buttons is-layout-flex wp-block-buttons-is-layout-flex\">\n<div class=\"wp-block-button\"><a class=\"wp-block-button__link wp-element-button\" href=\"https:\/\/www.mcsrentalsoftware.com\/fr\/a-propos\/developpement-durable\/\">Lire notre politique de d\u00e9veloppement durable<\/a><\/div>\n<\/div>\n<\/div><\/div>\n\n\n\n<div class=\"wp-block-group alignwide is-layout-flow wp-block-group-is-layout-flow\">\n<div class=\"wp-block-media-text alignwide has-media-on-the-right is-stacked-on-mobile is-image-fill-element has-white-color has-tertiary-background-color has-text-color has-background has-link-color wp-elements-2617f9f5c6516789819a5cb6f2cde424\"><div class=\"wp-block-media-text__content\">\n<h2 class=\"wp-block-heading\" id=\"h-pret-a-transformer-la-gestion-de-votre-parc-materiel-nbsp\">Pr\u00eat \u00e0 transformer <strong>la gestion de votre parc mat\u00e9riel&nbsp;?<\/strong><\/h2>\n\n\n\n<p class=\"\">Contactez notre \u00e9quipe d\u00e8s aujourd&rsquo;hui pour d\u00e9couvrir comment notre<strong> logiciel de location de mat\u00e9riel MCS <\/strong>peut transformer votre activit\u00e9. Nous sommes \u00e0 votre disposition pour vous proposer la solution la plus adapt\u00e9e \u00e0 vos besoins.<\/p>\n\n\n\n<div class=\"wp-block-buttons is-layout-flex wp-block-buttons-is-layout-flex\">\n<div class=\"wp-block-button\"><a class=\"wp-block-button__link wp-element-button\" href=\"https:\/\/www.mcsrentalsoftware.com\/fr\/contact\/\"><strong>Nous contacter<\/strong><\/a><\/div>\n<\/div>\n<\/div><figure class=\"wp-block-media-text__media\"><img loading=\"lazy\" decoding=\"async\" width=\"1024\" height=\"639\" src=\"https:\/\/www.mcsrentalsoftware.com\/wp-content\/uploads\/2026\/03\/mcs-team-1-1024x639.png\" alt=\"\" class=\"wp-image-35990 size-full\" style=\"object-position:50% 50%\" srcset=\"https:\/\/www.mcsrentalsoftware.com\/wp-content\/uploads\/2026\/03\/mcs-team-1-1024x639.png 1024w, https:\/\/www.mcsrentalsoftware.com\/wp-content\/uploads\/2026\/03\/mcs-team-1-300x187.png 300w, https:\/\/www.mcsrentalsoftware.com\/wp-content\/uploads\/2026\/03\/mcs-team-1-768x479.png 768w, https:\/\/www.mcsrentalsoftware.com\/wp-content\/uploads\/2026\/03\/mcs-team-1-474x296.png 474w, https:\/\/www.mcsrentalsoftware.com\/wp-content\/uploads\/2026\/03\/mcs-team-1.png 1420w\" sizes=\"auto, (max-width: 1024px) 100vw, 1024px\" \/><\/figure><\/div>\n<\/div>\n","protected":false},"excerpt":{"rendered":"<p>Politique Environnementale MCS Chez MCS, nous pensons qu\u2019il est de notre devoir envers nos clients, nos employ\u00e9s, notre communaut\u00e9 et l&rsquo;environnement d&rsquo;exploiter un mod\u00e8le d&rsquo;entreprise responsable. Le succ\u00e8s environnemental de la soci\u00e9t\u00e9 MCS d\u00e9pend de la gestion efficace de la s\u00e9curit\u00e9, de la sant\u00e9,&#8230;<\/p>\n","protected":false},"author":8,"featured_media":0,"parent":3223,"menu_order":230,"comment_status":"closed","ping_status":"closed","template":"","meta":{"_acf_changed":false,"content-type":"","footnotes":""},"class_list":["post-10491","page","type-page","status-publish","hentry"],"acf":[],"yoast_head":"<!-- This site is optimized with the Yoast SEO Premium plugin v26.5 (Yoast SEO v27.2) - https:\/\/yoast.com\/product\/yoast-seo-premium-wordpress\/ -->\n<title>Politique Environnementale MCS | MCS<\/title>\n<meta name=\"robots\" content=\"index, follow, max-snippet:-1, max-image-preview:large, max-video-preview:-1\" \/>\n<link rel=\"canonical\" href=\"https:\/\/www.mcsrentalsoftware.com\/fr\/a-propos\/developpement-durable\/\" \/>\n<meta property=\"og:locale\" content=\"fr_FR\" \/>\n<meta property=\"og:type\" content=\"article\" \/>\n<meta property=\"og:title\" content=\"Politique Environnementale MCS\" \/>\n<meta property=\"og:description\" content=\"Politique Environnementale MCS Chez MCS, nous pensons qu\u2019il est de notre devoir envers nos clients, nos employ\u00e9s, notre communaut\u00e9 et l&rsquo;environnement d&rsquo;exploiter un mod\u00e8le d&rsquo;entreprise responsable. Le succ\u00e8s environnemental de la soci\u00e9t\u00e9 MCS d\u00e9pend de la gestion efficace de la s\u00e9curit\u00e9, de la sant\u00e9,...\" \/>\n<meta property=\"og:url\" content=\"https:\/\/www.mcsrentalsoftware.com\/fr\/a-propos\/developpement-durable\/\" \/>\n<meta property=\"og:site_name\" content=\"MCS\" \/>\n<meta property=\"article:publisher\" content=\"https:\/\/www.facebook.com\/mcsrentalsoftware\" \/>\n<meta property=\"article:modified_time\" content=\"2025-08-06T12:58:10+00:00\" \/>\n<meta name=\"twitter:card\" content=\"summary_large_image\" \/>\n<meta name=\"twitter:label1\" content=\"Dur\u00e9e de lecture estim\u00e9e\" \/>\n\t<meta name=\"twitter:data1\" content=\"3 minutes\" \/>\n<script type=\"application\/ld+json\" class=\"yoast-schema-graph\">{\"@context\":\"https:\/\/schema.org\",\"@graph\":[{\"@type\":\"WebPage\",\"@id\":\"https:\/\/www.mcsrentalsoftware.com\/fr\/a-propos\/developpement-durable\/\",\"url\":\"https:\/\/www.mcsrentalsoftware.com\/fr\/a-propos\/developpement-durable\/\",\"name\":\"Politique Environnementale MCS | MCS\",\"isPartOf\":{\"@id\":\"https:\/\/www.mcsrentalsoftware.com\/fr\/#website\"},\"datePublished\":\"2025-02-17T15:37:07+00:00\",\"dateModified\":\"2025-08-06T12:58:10+00:00\",\"breadcrumb\":{\"@id\":\"https:\/\/www.mcsrentalsoftware.com\/fr\/a-propos\/developpement-durable\/#breadcrumb\"},\"inLanguage\":\"fr-FR\",\"potentialAction\":[{\"@type\":\"ReadAction\",\"target\":[\"https:\/\/www.mcsrentalsoftware.com\/fr\/a-propos\/developpement-durable\/\"]}]},{\"@type\":\"BreadcrumbList\",\"@id\":\"https:\/\/www.mcsrentalsoftware.com\/fr\/a-propos\/developpement-durable\/#breadcrumb\",\"itemListElement\":[{\"@type\":\"ListItem\",\"position\":1,\"name\":\"Home\",\"item\":\"https:\/\/www.mcsrentalsoftware.com\/fr\/\"},{\"@type\":\"ListItem\",\"position\":2,\"name\":\"\u00c0 propos de nous\",\"item\":\"https:\/\/www.mcsrentalsoftware.com\/fr\/a-propos\/\"},{\"@type\":\"ListItem\",\"position\":3,\"name\":\"Politique Environnementale MCS\"}]},{\"@type\":\"WebSite\",\"@id\":\"https:\/\/www.mcsrentalsoftware.com\/fr\/#website\",\"url\":\"https:\/\/www.mcsrentalsoftware.com\/fr\/\",\"name\":\"MCS\",\"description\":\"\",\"publisher\":{\"@id\":\"https:\/\/www.mcsrentalsoftware.com\/fr\/#organization\"},\"potentialAction\":[{\"@type\":\"SearchAction\",\"target\":{\"@type\":\"EntryPoint\",\"urlTemplate\":\"https:\/\/www.mcsrentalsoftware.com\/fr\/?s={search_term_string}\"},\"query-input\":{\"@type\":\"PropertyValueSpecification\",\"valueRequired\":true,\"valueName\":\"search_term_string\"}}],\"inLanguage\":\"fr-FR\"},{\"@type\":\"Organization\",\"@id\":\"https:\/\/www.mcsrentalsoftware.com\/fr\/#organization\",\"name\":\"MCS\",\"url\":\"https:\/\/www.mcsrentalsoftware.com\/fr\/\",\"logo\":{\"@type\":\"ImageObject\",\"inLanguage\":\"fr-FR\",\"@id\":\"https:\/\/www.mcsrentalsoftware.com\/fr\/#\/schema\/logo\/image\/\",\"url\":\"https:\/\/www.mcsrentalsoftware.com\/wp-content\/uploads\/2025\/01\/logo.svg\",\"contentUrl\":\"https:\/\/www.mcsrentalsoftware.com\/wp-content\/uploads\/2025\/01\/logo.svg\",\"width\":113,\"height\":36,\"caption\":\"MCS\"},\"image\":{\"@id\":\"https:\/\/www.mcsrentalsoftware.com\/fr\/#\/schema\/logo\/image\/\"},\"sameAs\":[\"https:\/\/www.facebook.com\/mcsrentalsoftware\",\"https:\/\/www.instagram.com\/mcsrentalsoftware\/\",\"https:\/\/www.linkedin.com\/company\/mcs-rental-software\/\",\"https:\/\/www.youtube.com\/@MCSRentalSoftware\"],\"email\":\"hello@mcsrentalsoftware.com\",\"numberOfEmployees\":{\"@type\":\"QuantitativeValue\",\"minValue\":\"51\",\"maxValue\":\"200\"}}]}<\/script>\n<!-- \/ Yoast SEO Premium plugin. -->","yoast_head_json":{"title":"Politique Environnementale MCS | MCS","robots":{"index":"index","follow":"follow","max-snippet":"max-snippet:-1","max-image-preview":"max-image-preview:large","max-video-preview":"max-video-preview:-1"},"canonical":"https:\/\/www.mcsrentalsoftware.com\/fr\/a-propos\/developpement-durable\/","og_locale":"fr_FR","og_type":"article","og_title":"Politique Environnementale MCS","og_description":"Politique Environnementale MCS Chez MCS, nous pensons qu\u2019il est de notre devoir envers nos clients, nos employ\u00e9s, notre communaut\u00e9 et l&rsquo;environnement d&rsquo;exploiter un mod\u00e8le d&rsquo;entreprise responsable. Le succ\u00e8s environnemental de la soci\u00e9t\u00e9 MCS d\u00e9pend de la gestion efficace de la s\u00e9curit\u00e9, de la sant\u00e9,...","og_url":"https:\/\/www.mcsrentalsoftware.com\/fr\/a-propos\/developpement-durable\/","og_site_name":"MCS","article_publisher":"https:\/\/www.facebook.com\/mcsrentalsoftware","article_modified_time":"2025-08-06T12:58:10+00:00","twitter_card":"summary_large_image","twitter_misc":{"Dur\u00e9e de lecture estim\u00e9e":"3 minutes"},"schema":{"@context":"https:\/\/schema.org","@graph":[{"@type":"WebPage","@id":"https:\/\/www.mcsrentalsoftware.com\/fr\/a-propos\/developpement-durable\/","url":"https:\/\/www.mcsrentalsoftware.com\/fr\/a-propos\/developpement-durable\/","name":"Politique Environnementale MCS | MCS","isPartOf":{"@id":"https:\/\/www.mcsrentalsoftware.com\/fr\/#website"},"datePublished":"2025-02-17T15:37:07+00:00","dateModified":"2025-08-06T12:58:10+00:00","breadcrumb":{"@id":"https:\/\/www.mcsrentalsoftware.com\/fr\/a-propos\/developpement-durable\/#breadcrumb"},"inLanguage":"fr-FR","potentialAction":[{"@type":"ReadAction","target":["https:\/\/www.mcsrentalsoftware.com\/fr\/a-propos\/developpement-durable\/"]}]},{"@type":"BreadcrumbList","@id":"https:\/\/www.mcsrentalsoftware.com\/fr\/a-propos\/developpement-durable\/#breadcrumb","itemListElement":[{"@type":"ListItem","position":1,"name":"Home","item":"https:\/\/www.mcsrentalsoftware.com\/fr\/"},{"@type":"ListItem","position":2,"name":"\u00c0 propos de nous","item":"https:\/\/www.mcsrentalsoftware.com\/fr\/a-propos\/"},{"@type":"ListItem","position":3,"name":"Politique Environnementale MCS"}]},{"@type":"WebSite","@id":"https:\/\/www.mcsrentalsoftware.com\/fr\/#website","url":"https:\/\/www.mcsrentalsoftware.com\/fr\/","name":"MCS","description":"","publisher":{"@id":"https:\/\/www.mcsrentalsoftware.com\/fr\/#organization"},"potentialAction":[{"@type":"SearchAction","target":{"@type":"EntryPoint","urlTemplate":"https:\/\/www.mcsrentalsoftware.com\/fr\/?s={search_term_string}"},"query-input":{"@type":"PropertyValueSpecification","valueRequired":true,"valueName":"search_term_string"}}],"inLanguage":"fr-FR"},{"@type":"Organization","@id":"https:\/\/www.mcsrentalsoftware.com\/fr\/#organization","name":"MCS","url":"https:\/\/www.mcsrentalsoftware.com\/fr\/","logo":{"@type":"ImageObject","inLanguage":"fr-FR","@id":"https:\/\/www.mcsrentalsoftware.com\/fr\/#\/schema\/logo\/image\/","url":"https:\/\/www.mcsrentalsoftware.com\/wp-content\/uploads\/2025\/01\/logo.svg","contentUrl":"https:\/\/www.mcsrentalsoftware.com\/wp-content\/uploads\/2025\/01\/logo.svg","width":113,"height":36,"caption":"MCS"},"image":{"@id":"https:\/\/www.mcsrentalsoftware.com\/fr\/#\/schema\/logo\/image\/"},"sameAs":["https:\/\/www.facebook.com\/mcsrentalsoftware","https:\/\/www.instagram.com\/mcsrentalsoftware\/","https:\/\/www.linkedin.com\/company\/mcs-rental-software\/","https:\/\/www.youtube.com\/@MCSRentalSoftware"],"email":"hello@mcsrentalsoftware.com","numberOfEmployees":{"@type":"QuantitativeValue","minValue":"51","maxValue":"200"}}]}},"_links":{"self":[{"href":"https:\/\/www.mcsrentalsoftware.com\/fr\/wp-json\/wp\/v2\/pages\/10491","targetHints":{"allow":["GET"]}}],"collection":[{"href":"https:\/\/www.mcsrentalsoftware.com\/fr\/wp-json\/wp\/v2\/pages"}],"about":[{"href":"https:\/\/www.mcsrentalsoftware.com\/fr\/wp-json\/wp\/v2\/types\/page"}],"author":[{"embeddable":true,"href":"https:\/\/www.mcsrentalsoftware.com\/fr\/wp-json\/wp\/v2\/users\/8"}],"replies":[{"embeddable":true,"href":"https:\/\/www.mcsrentalsoftware.com\/fr\/wp-json\/wp\/v2\/comments?post=10491"}],"version-history":[{"count":4,"href":"https:\/\/www.mcsrentalsoftware.com\/fr\/wp-json\/wp\/v2\/pages\/10491\/revisions"}],"predecessor-version":[{"id":25970,"href":"https:\/\/www.mcsrentalsoftware.com\/fr\/wp-json\/wp\/v2\/pages\/10491\/revisions\/25970"}],"up":[{"embeddable":true,"href":"https:\/\/www.mcsrentalsoftware.com\/fr\/wp-json\/wp\/v2\/pages\/3223"}],"wp:attachment":[{"href":"https:\/\/www.mcsrentalsoftware.com\/fr\/wp-json\/wp\/v2\/media?parent=10491"}],"curies":[{"name":"wp","href":"https:\/\/api.w.org\/{rel}","templated":true}]}}