{"id":10493,"date":"2025-02-17T15:37:07","date_gmt":"2025-02-17T15:37:07","guid":{"rendered":"https:\/\/mcsrentalsoftware.com\/?page_id=10493"},"modified":"2026-02-05T09:44:53","modified_gmt":"2026-02-05T09:44:53","slug":"politica-de-sostenibilidad","status":"publish","type":"page","link":"https:\/\/www.mcsrentalsoftware.com\/es\/sobre-nosotros\/politica-de-sostenibilidad\/","title":{"rendered":"Pol\u00edtica de sostenibilidad de MCS"},"content":{"rendered":"\n<div class=\"wp-block-group alignfull is-layout-constrained wp-block-group-is-layout-constrained\">\n<div class=\"wp-block-group alignwide is-style-hero-text is-layout-flow wp-block-group-is-layout-flow\">\n<h1 class=\"wp-block-heading\" id=\"h-politica-de-sostenibilidad-de-mcs\">Pol\u00edtica de sostenibilidad de MCS<\/h1>\n\n\n\n<p class=\"\">En MCS creemos que tenemos el gran compromiso hacia nuestros clientes, nuestros empleados, nuestra comunidad y el medio ambiente, de operar nuestro negocio de manera sostenible.<\/p>\n\n\n\n<div class=\"wp-block-buttons is-layout-flex wp-block-buttons-is-layout-flex\">\n<div class=\"wp-block-button\"><a class=\"wp-block-button__link wp-element-button\" href=\"https:\/\/www.mcsrentalsoftware.com\/es\/contacto\/\">Contacto<\/a><\/div>\n<\/div>\n<\/div>\n<\/div>\n\n\n\n<div class=\"wp-block-group alignwide is-layout-constrained wp-block-group-is-layout-constrained\">\n<h2 class=\"wp-block-heading is-style-h3\" id=\"h-vision-general-de-la-empresa\">Visi\u00f3n general de la empresa<\/h2>\n\n\n\n<p class=\"\">El \u00e9xito sostenible de MCS depende de la gesti\u00f3n eficaz de la seguridad, la salud, el medio ambiente, la calidad, la energ\u00eda y la reducci\u00f3n de carbono. De acuerdo con nuestra acreditaci\u00f3n ISO, nuestra pol\u00edtica de sostenibilidad se revisa, actualiza y comunica peri\u00f3dicamente.<\/p>\n\n\n\n<p class=\"\">\u00abEn MCS, mi rol como CEO es garantizar que nuestro negocio funcione de manera sostenible, no solo por el bien del medio ambiente y la sociedad, sino tambi\u00e9n porque hacerlo tiene sentido comercial. Estamos comprometidos a cuidar a nuestra gente, el planeta y sus recursos y garantizar que nuestro negocio funcione de manera responsable.\u00bb <br><strong>Guy van der Knaap, Director General<\/strong><\/p>\n\n\n\n<h2 class=\"wp-block-heading is-style-h5\">Cuidando a nuestro equipo<\/h2>\n\n\n\n<p class=\"\">En MCS, nuestro objetivo es crear un entorno atractivo y s\u00f3lido donde todos nuestros empleados tengan la oportunidad de crecer y prosperar. Demostramos respeto por nuestros colegas y clientes y fomentamos una cultura de inclusi\u00f3n, diversidad, respeto y apoyo. Nuestro equipo est\u00e1 comprometido a buscar constantemente nuevas formas de mejorar nuestro trabajo, capacitando a nuestro personal en la medida de sus necesidades.<\/p>\n\n\n\n<h2 class=\"wp-block-heading is-style-h5\">Innovaci\u00f3n y enfoque en el cliente<\/h2>\n\n\n\n<p class=\"\">Como parte de nuestra estrecha colaboraci\u00f3n con nuestros clientes, nos dedicamos al desarrollo y mejora continua de nuestras soluciones de software basadas en la web y soluciones m\u00f3viles.<\/p>\n\n\n\n<h2 class=\"wp-block-heading is-style-h5\">Salud y Seguridad<\/h2>\n\n\n\n<p class=\"\">Creemos que todos tienen derecho a un entorno de trabajo seguro y saludable. Buscamos abordar los riesgos de salud y seguridad, identificar brechas en las habilidades y promover una cultura organizacional segura. La compa\u00f1\u00eda fomenta activamente el equilibrio entre la vida laboral y personal a trav\u00e9s del trabajo flexible y el acceso a servicios de bienestar y apoyo.<\/p>\n\n\n\n<h2 class=\"wp-block-heading is-style-h5\">Responsabilidad ambiental y comunidad<\/h2>\n\n\n\n<p class=\"\">MCS se compromete a contribuir en proyectos de la comunidad local y dona el 10% de sus ganancias a organizaciones ben\u00e9ficas cada a\u00f1o. Para reducir nuestro impacto ambiental, nos esforzamos por lograr lo siguiente:<\/p>\n\n\n\n<ul class=\"wp-block-list\">\n<li>Minimizar las emisiones de carbono a trav\u00e9s de una gesti\u00f3n eficaz de la energ\u00eda y el transporte<\/li>\n<\/ul>\n\n\n\n<ul class=\"wp-block-list\">\n<li>Fomentar el uso del transporte p\u00fablico, caminar, andar en bicicleta y compartir veh\u00edculos<\/li>\n<\/ul>\n\n\n\n<ul class=\"wp-block-list\">\n<li>Minimizar el impacto medioambiental de los residuos mediante una reutilizaci\u00f3n y un reciclado adecuados<\/li>\n<\/ul>\n\n\n\n<ul class=\"wp-block-list\">\n<li>Desarrollar pr\u00e1cticas de trabajo para reducir los residuos y prevenir la contaminaci\u00f3n<\/li>\n<\/ul>\n\n\n\n<ul class=\"wp-block-list\">\n<li>Permitir un trabajo flexible para reducir el tiempo de viaje y el consumo de combustible<\/li>\n<\/ul>\n\n\n\n<p class=\"\"><\/p>\n\n\n\n<div class=\"wp-block-media-text alignwide is-stacked-on-mobile is-image-fill-element has-green-gradient-background has-background\" style=\"grid-template-columns:55% auto\"><figure class=\"wp-block-media-text__media\"><img loading=\"lazy\" decoding=\"async\" width=\"717\" height=\"386\" src=\"https:\/\/www.mcsrentalsoftware.com\/wp-content\/uploads\/2025\/03\/5-3.png\" alt=\"\" class=\"wp-image-5809 size-full\" style=\"object-position:50% 50%\" srcset=\"https:\/\/www.mcsrentalsoftware.com\/wp-content\/uploads\/2025\/03\/5-3.png 717w, https:\/\/www.mcsrentalsoftware.com\/wp-content\/uploads\/2025\/03\/5-3-300x162.png 300w\" sizes=\"auto, (max-width: 717px) 100vw, 717px\" \/><\/figure><div class=\"wp-block-media-text__content\">\n<h2 class=\"wp-block-heading\" id=\"h-comprometidos-con-la-neutralidad-de-carbono\"><strong><strong>Comprometidos con la neutralidad de carbono<\/strong><\/strong><\/h2>\n\n\n\n<p class=\"\">En MCS, estamos orgullosos de ser una empresa neutral en carbono, l\u00edder en sostenibilidad dentro del sector del alquiler. Al compensar nuestras emisiones y reducir nuestro impacto medioambiental, ayudamos a construir un futuro m\u00e1s verde para nuestro planeta.<\/p>\n\n\n\n<div class=\"wp-block-buttons is-layout-flex wp-block-buttons-is-layout-flex\">\n<div class=\"wp-block-button\"><a class=\"wp-block-button__link wp-element-button\" href=\"https:\/\/www.mcsrentalsoftware.com\/es\/sobre-nosotros\/politica-de-sostenibilidad\/\">Lea nuestra Pol\u00edtica de Sostenibilidad<\/a><\/div>\n<\/div>\n<\/div><\/div>\n<\/div>\n\n\n\n<div class=\"wp-block-group alignwide is-layout-flow wp-block-group-is-layout-flow\">\n<div class=\"wp-block-media-text alignwide has-media-on-the-right is-stacked-on-mobile is-image-fill-element has-white-color has-tertiary-background-color has-text-color has-background has-link-color wp-elements-154999c6f4268e1bcc629d04a8d0b9fc\"><div class=\"wp-block-media-text__content\">\n<h2 class=\"wp-block-heading\" id=\"h-listo-para-potenciar-su-negocio-de-alquiler-nbsp\">\u00bfListo para potenciar su negocio de alquiler?&nbsp;<\/h2>\n\n\n\n<p class=\"\">P\u00f3ngase en contacto con nuestro equipo de expertos para descubrir c\u00f3mo MCS Rental Software puede impulsar su \u00e9xito. Estamos aqu\u00ed para responder a sus preguntas y ayudarle a encontrar la soluci\u00f3n perfecta.&nbsp;<\/p>\n\n\n\n<div class=\"wp-block-buttons is-layout-flex wp-block-buttons-is-layout-flex\">\n<div class=\"wp-block-button is-style-fill\"><a class=\"wp-block-button__link wp-element-button\" href=\"https:\/\/www.mcsrentalsoftware.com\/es\/contacto\/\">Contacte con nosotros hoy mismo<\/a><\/div>\n<\/div>\n<\/div><figure class=\"wp-block-media-text__media\"><img loading=\"lazy\" decoding=\"async\" width=\"1024\" height=\"639\" src=\"https:\/\/www.mcsrentalsoftware.com\/wp-content\/uploads\/2026\/03\/mcs-team-1-1024x639.png\" alt=\"\" class=\"wp-image-35992 size-full\" style=\"object-position:50% 50%\" srcset=\"https:\/\/www.mcsrentalsoftware.com\/wp-content\/uploads\/2026\/03\/mcs-team-1-1024x639.png 1024w, https:\/\/www.mcsrentalsoftware.com\/wp-content\/uploads\/2026\/03\/mcs-team-1-300x187.png 300w, https:\/\/www.mcsrentalsoftware.com\/wp-content\/uploads\/2026\/03\/mcs-team-1-768x479.png 768w, https:\/\/www.mcsrentalsoftware.com\/wp-content\/uploads\/2026\/03\/mcs-team-1-474x296.png 474w, https:\/\/www.mcsrentalsoftware.com\/wp-content\/uploads\/2026\/03\/mcs-team-1.png 1420w\" sizes=\"auto, (max-width: 1024px) 100vw, 1024px\" \/><\/figure><\/div>\n<\/div>\n","protected":false},"excerpt":{"rendered":"<p>Pol\u00edtica de sostenibilidad de MCS En MCS creemos que tenemos el gran compromiso hacia nuestros clientes, nuestros empleados, nuestra comunidad y el medio ambiente, de operar nuestro negocio de manera sostenible. Visi\u00f3n general de la empresa El \u00e9xito sostenible de MCS depende de la&#8230;<\/p>\n","protected":false},"author":8,"featured_media":0,"parent":3225,"menu_order":230,"comment_status":"closed","ping_status":"closed","template":"","meta":{"_acf_changed":false,"content-type":"","footnotes":""},"class_list":["post-10493","page","type-page","status-publish","hentry"],"acf":[],"yoast_head":"<!-- This site is optimized with the Yoast SEO Premium plugin v26.5 (Yoast SEO v27.4) - https:\/\/yoast.com\/product\/yoast-seo-premium-wordpress\/ -->\n<title>Pol\u00edtica de sostenibilidad de MCS | MCS<\/title>\n<meta name=\"robots\" content=\"index, follow, max-snippet:-1, max-image-preview:large, max-video-preview:-1\" \/>\n<link rel=\"canonical\" href=\"https:\/\/www.mcsrentalsoftware.com\/es\/sobre-nosotros\/politica-de-sostenibilidad\/\" \/>\n<meta property=\"og:locale\" content=\"es_ES\" \/>\n<meta property=\"og:type\" content=\"article\" \/>\n<meta property=\"og:title\" content=\"Pol\u00edtica de sostenibilidad de MCS\" \/>\n<meta property=\"og:description\" content=\"Pol\u00edtica de sostenibilidad de MCS En MCS creemos que tenemos el gran compromiso hacia nuestros clientes, nuestros empleados, nuestra comunidad y el medio ambiente, de operar nuestro negocio de manera sostenible. Visi\u00f3n general de la empresa El \u00e9xito sostenible de MCS depende de la...\" \/>\n<meta property=\"og:url\" content=\"https:\/\/www.mcsrentalsoftware.com\/es\/sobre-nosotros\/politica-de-sostenibilidad\/\" \/>\n<meta property=\"og:site_name\" content=\"MCS\" \/>\n<meta property=\"article:publisher\" content=\"https:\/\/www.facebook.com\/mcsrentalsoftware\" \/>\n<meta property=\"article:modified_time\" content=\"2026-02-05T09:44:53+00:00\" \/>\n<meta name=\"twitter:card\" content=\"summary_large_image\" \/>\n<meta name=\"twitter:label1\" content=\"Tiempo de lectura\" \/>\n\t<meta name=\"twitter:data1\" content=\"6 minutos\" \/>\n<script type=\"application\/ld+json\" class=\"yoast-schema-graph\">{\"@context\":\"https:\\\/\\\/schema.org\",\"@graph\":[{\"@type\":\"WebPage\",\"@id\":\"https:\\\/\\\/www.mcsrentalsoftware.com\\\/es\\\/sobre-nosotros\\\/politica-de-sostenibilidad\\\/\",\"url\":\"https:\\\/\\\/www.mcsrentalsoftware.com\\\/es\\\/sobre-nosotros\\\/politica-de-sostenibilidad\\\/\",\"name\":\"Pol\u00edtica de sostenibilidad de MCS | MCS\",\"isPartOf\":{\"@id\":\"https:\\\/\\\/www.mcsrentalsoftware.com\\\/es\\\/#website\"},\"datePublished\":\"2025-02-17T15:37:07+00:00\",\"dateModified\":\"2026-02-05T09:44:53+00:00\",\"breadcrumb\":{\"@id\":\"https:\\\/\\\/www.mcsrentalsoftware.com\\\/es\\\/sobre-nosotros\\\/politica-de-sostenibilidad\\\/#breadcrumb\"},\"inLanguage\":\"es\",\"potentialAction\":[{\"@type\":\"ReadAction\",\"target\":[\"https:\\\/\\\/www.mcsrentalsoftware.com\\\/es\\\/sobre-nosotros\\\/politica-de-sostenibilidad\\\/\"]}]},{\"@type\":\"BreadcrumbList\",\"@id\":\"https:\\\/\\\/www.mcsrentalsoftware.com\\\/es\\\/sobre-nosotros\\\/politica-de-sostenibilidad\\\/#breadcrumb\",\"itemListElement\":[{\"@type\":\"ListItem\",\"position\":1,\"name\":\"Home\",\"item\":\"https:\\\/\\\/www.mcsrentalsoftware.com\\\/es\\\/\"},{\"@type\":\"ListItem\",\"position\":2,\"name\":\"Sobre Nosotros\",\"item\":\"https:\\\/\\\/www.mcsrentalsoftware.com\\\/es\\\/sobre-nosotros\\\/\"},{\"@type\":\"ListItem\",\"position\":3,\"name\":\"Pol\u00edtica de sostenibilidad de MCS\"}]},{\"@type\":\"WebSite\",\"@id\":\"https:\\\/\\\/www.mcsrentalsoftware.com\\\/es\\\/#website\",\"url\":\"https:\\\/\\\/www.mcsrentalsoftware.com\\\/es\\\/\",\"name\":\"MCS\",\"description\":\"\",\"publisher\":{\"@id\":\"https:\\\/\\\/www.mcsrentalsoftware.com\\\/es\\\/#organization\"},\"potentialAction\":[{\"@type\":\"SearchAction\",\"target\":{\"@type\":\"EntryPoint\",\"urlTemplate\":\"https:\\\/\\\/www.mcsrentalsoftware.com\\\/es\\\/?s={search_term_string}\"},\"query-input\":{\"@type\":\"PropertyValueSpecification\",\"valueRequired\":true,\"valueName\":\"search_term_string\"}}],\"inLanguage\":\"es\"},{\"@type\":\"Organization\",\"@id\":\"https:\\\/\\\/www.mcsrentalsoftware.com\\\/es\\\/#organization\",\"name\":\"MCS\",\"url\":\"https:\\\/\\\/www.mcsrentalsoftware.com\\\/es\\\/\",\"logo\":{\"@type\":\"ImageObject\",\"inLanguage\":\"es\",\"@id\":\"https:\\\/\\\/www.mcsrentalsoftware.com\\\/es\\\/#\\\/schema\\\/logo\\\/image\\\/\",\"url\":\"https:\\\/\\\/www.mcsrentalsoftware.com\\\/wp-content\\\/uploads\\\/2025\\\/01\\\/logo.svg\",\"contentUrl\":\"https:\\\/\\\/www.mcsrentalsoftware.com\\\/wp-content\\\/uploads\\\/2025\\\/01\\\/logo.svg\",\"width\":113,\"height\":36,\"caption\":\"MCS\"},\"image\":{\"@id\":\"https:\\\/\\\/www.mcsrentalsoftware.com\\\/es\\\/#\\\/schema\\\/logo\\\/image\\\/\"},\"sameAs\":[\"https:\\\/\\\/www.facebook.com\\\/mcsrentalsoftware\",\"https:\\\/\\\/www.instagram.com\\\/mcsrentalsoftware\\\/\",\"https:\\\/\\\/www.linkedin.com\\\/company\\\/mcs-rental-software\\\/\",\"https:\\\/\\\/www.youtube.com\\\/@MCSRentalSoftware\"],\"email\":\"hello@mcsrentalsoftware.com\",\"numberOfEmployees\":{\"@type\":\"QuantitativeValue\",\"minValue\":\"51\",\"maxValue\":\"200\"}}]}<\/script>\n<!-- \/ Yoast SEO Premium plugin. -->","yoast_head_json":{"title":"Pol\u00edtica de sostenibilidad de MCS | MCS","robots":{"index":"index","follow":"follow","max-snippet":"max-snippet:-1","max-image-preview":"max-image-preview:large","max-video-preview":"max-video-preview:-1"},"canonical":"https:\/\/www.mcsrentalsoftware.com\/es\/sobre-nosotros\/politica-de-sostenibilidad\/","og_locale":"es_ES","og_type":"article","og_title":"Pol\u00edtica de sostenibilidad de MCS","og_description":"Pol\u00edtica de sostenibilidad de MCS En MCS creemos que tenemos el gran compromiso hacia nuestros clientes, nuestros empleados, nuestra comunidad y el medio ambiente, de operar nuestro negocio de manera sostenible. Visi\u00f3n general de la empresa El \u00e9xito sostenible de MCS depende de la...","og_url":"https:\/\/www.mcsrentalsoftware.com\/es\/sobre-nosotros\/politica-de-sostenibilidad\/","og_site_name":"MCS","article_publisher":"https:\/\/www.facebook.com\/mcsrentalsoftware","article_modified_time":"2026-02-05T09:44:53+00:00","twitter_card":"summary_large_image","twitter_misc":{"Tiempo de lectura":"6 minutos"},"schema":{"@context":"https:\/\/schema.org","@graph":[{"@type":"WebPage","@id":"https:\/\/www.mcsrentalsoftware.com\/es\/sobre-nosotros\/politica-de-sostenibilidad\/","url":"https:\/\/www.mcsrentalsoftware.com\/es\/sobre-nosotros\/politica-de-sostenibilidad\/","name":"Pol\u00edtica de sostenibilidad de MCS | MCS","isPartOf":{"@id":"https:\/\/www.mcsrentalsoftware.com\/es\/#website"},"datePublished":"2025-02-17T15:37:07+00:00","dateModified":"2026-02-05T09:44:53+00:00","breadcrumb":{"@id":"https:\/\/www.mcsrentalsoftware.com\/es\/sobre-nosotros\/politica-de-sostenibilidad\/#breadcrumb"},"inLanguage":"es","potentialAction":[{"@type":"ReadAction","target":["https:\/\/www.mcsrentalsoftware.com\/es\/sobre-nosotros\/politica-de-sostenibilidad\/"]}]},{"@type":"BreadcrumbList","@id":"https:\/\/www.mcsrentalsoftware.com\/es\/sobre-nosotros\/politica-de-sostenibilidad\/#breadcrumb","itemListElement":[{"@type":"ListItem","position":1,"name":"Home","item":"https:\/\/www.mcsrentalsoftware.com\/es\/"},{"@type":"ListItem","position":2,"name":"Sobre Nosotros","item":"https:\/\/www.mcsrentalsoftware.com\/es\/sobre-nosotros\/"},{"@type":"ListItem","position":3,"name":"Pol\u00edtica de sostenibilidad de MCS"}]},{"@type":"WebSite","@id":"https:\/\/www.mcsrentalsoftware.com\/es\/#website","url":"https:\/\/www.mcsrentalsoftware.com\/es\/","name":"MCS","description":"","publisher":{"@id":"https:\/\/www.mcsrentalsoftware.com\/es\/#organization"},"potentialAction":[{"@type":"SearchAction","target":{"@type":"EntryPoint","urlTemplate":"https:\/\/www.mcsrentalsoftware.com\/es\/?s={search_term_string}"},"query-input":{"@type":"PropertyValueSpecification","valueRequired":true,"valueName":"search_term_string"}}],"inLanguage":"es"},{"@type":"Organization","@id":"https:\/\/www.mcsrentalsoftware.com\/es\/#organization","name":"MCS","url":"https:\/\/www.mcsrentalsoftware.com\/es\/","logo":{"@type":"ImageObject","inLanguage":"es","@id":"https:\/\/www.mcsrentalsoftware.com\/es\/#\/schema\/logo\/image\/","url":"https:\/\/www.mcsrentalsoftware.com\/wp-content\/uploads\/2025\/01\/logo.svg","contentUrl":"https:\/\/www.mcsrentalsoftware.com\/wp-content\/uploads\/2025\/01\/logo.svg","width":113,"height":36,"caption":"MCS"},"image":{"@id":"https:\/\/www.mcsrentalsoftware.com\/es\/#\/schema\/logo\/image\/"},"sameAs":["https:\/\/www.facebook.com\/mcsrentalsoftware","https:\/\/www.instagram.com\/mcsrentalsoftware\/","https:\/\/www.linkedin.com\/company\/mcs-rental-software\/","https:\/\/www.youtube.com\/@MCSRentalSoftware"],"email":"hello@mcsrentalsoftware.com","numberOfEmployees":{"@type":"QuantitativeValue","minValue":"51","maxValue":"200"}}]}},"_links":{"self":[{"href":"https:\/\/www.mcsrentalsoftware.com\/es\/wp-json\/wp\/v2\/pages\/10493","targetHints":{"allow":["GET"]}}],"collection":[{"href":"https:\/\/www.mcsrentalsoftware.com\/es\/wp-json\/wp\/v2\/pages"}],"about":[{"href":"https:\/\/www.mcsrentalsoftware.com\/es\/wp-json\/wp\/v2\/types\/page"}],"author":[{"embeddable":true,"href":"https:\/\/www.mcsrentalsoftware.com\/es\/wp-json\/wp\/v2\/users\/8"}],"replies":[{"embeddable":true,"href":"https:\/\/www.mcsrentalsoftware.com\/es\/wp-json\/wp\/v2\/comments?post=10493"}],"version-history":[{"count":6,"href":"https:\/\/www.mcsrentalsoftware.com\/es\/wp-json\/wp\/v2\/pages\/10493\/revisions"}],"predecessor-version":[{"id":34566,"href":"https:\/\/www.mcsrentalsoftware.com\/es\/wp-json\/wp\/v2\/pages\/10493\/revisions\/34566"}],"up":[{"embeddable":true,"href":"https:\/\/www.mcsrentalsoftware.com\/es\/wp-json\/wp\/v2\/pages\/3225"}],"wp:attachment":[{"href":"https:\/\/www.mcsrentalsoftware.com\/es\/wp-json\/wp\/v2\/media?parent=10493"}],"curies":[{"name":"wp","href":"https:\/\/api.w.org\/{rel}","templated":true}]}}