{"id":3224,"date":"2025-01-30T14:27:12","date_gmt":"2025-01-30T14:27:12","guid":{"rendered":"https:\/\/mcsrentalstg.wpenginepowered.com\/?page_id=3224"},"modified":"2025-08-20T10:53:07","modified_gmt":"2025-08-20T09:53:07","slug":"ueber-uns","status":"publish","type":"page","link":"https:\/\/www.mcsrentalsoftware.com\/de\/ueber-uns\/","title":{"rendered":"\u00dcber uns"},"content":{"rendered":"\n<div class=\"wp-block-group alignfull is-layout-constrained wp-block-group-is-layout-constrained\">\n<div class=\"wp-block-media-text alignwide has-media-on-the-right is-stacked-on-mobile is-image-fill-element is-style-hero\"><div class=\"wp-block-media-text__content\">\n<h1 class=\"wp-block-heading is-style-h6\" id=\"h-uber-uns\"><strong>\u00dcber uns<\/strong><\/h1>\n\n\n\n<h2 class=\"wp-block-heading\" id=\"h-engagiert-fur-innovative-losungen-in-der-vermietungsbranche\">Engagiert f\u00fcr innovative L\u00f6sungen in der Vermietungsbranche<\/h2>\n\n\n\n<p class=\"\">Seit \u00fcber 40 Jahren unterst\u00fctzt MCS Rental Software Vermietungsunternehmen weltweit dabei, ihren Arbeitsalltag einfacher zu gestalten. Unser Ziel ist es, innovative L\u00f6sungen f\u00fcr die Vermietbranche zu entwickeln und dabei h\u00f6chste Kundenzufriedenheit zu gew\u00e4hrleisten. Wir legen gro\u00dfen Wert auf langfristige Partnerschaften und unterst\u00fctzen unsere Kunden dabei, ihre Ziele und Wachstumspl\u00e4ne zu erreichen.<\/p>\n\n\n\n<div class=\"wp-block-buttons is-layout-flex wp-block-buttons-is-layout-flex\">\n<div class=\"wp-block-button\"><a class=\"wp-block-button__link wp-element-button\" href=\"https:\/\/www.mcsrentalsoftware.com\/de\/kontakt\/\">Kontaktieren Sie uns<\/a><\/div>\n<\/div>\n<\/div><figure class=\"wp-block-media-text__media\"><picture class=\"wp-image-2564 size-hero_mobile\">\r\n            <source type=\"image\/webp\" media=\"(max-width: 600px)\" srcset=\"https:\/\/www.mcsrentalsoftware.com\/wp-content\/uploads\/2025\/03\/MCS-web-103-150x150.jpg.webp 150w, https:\/\/www.mcsrentalsoftware.com\/wp-content\/uploads\/2025\/03\/MCS-web-103-300x200.jpg.webp 300w, https:\/\/www.mcsrentalsoftware.com\/wp-content\/uploads\/2025\/03\/MCS-web-103-474x274.jpg.webp 474w\" sizes=\"380px\">\r\n            <source media=\"(max-width: 600px)\" srcset=\"https:\/\/www.mcsrentalsoftware.com\/wp-content\/uploads\/2025\/03\/MCS-web-103-150x150.jpg 150w, https:\/\/www.mcsrentalsoftware.com\/wp-content\/uploads\/2025\/03\/MCS-web-103-300x200.jpg 300w, https:\/\/www.mcsrentalsoftware.com\/wp-content\/uploads\/2025\/03\/MCS-web-103-474x274.jpg 474w\" sizes=\"380px\">\r\n            <source type=\"image\/webp\" media=\"(min-width: 601px)\" srcset=\"https:\/\/www.mcsrentalsoftware.com\/wp-content\/uploads\/2025\/03\/MCS-web-103-150x150.jpg.webp 150w, https:\/\/www.mcsrentalsoftware.com\/wp-content\/uploads\/2025\/03\/MCS-web-103-300x200.jpg.webp 300w, https:\/\/www.mcsrentalsoftware.com\/wp-content\/uploads\/2025\/03\/MCS-web-103-474x274.jpg.webp 474w, https:\/\/www.mcsrentalsoftware.com\/wp-content\/uploads\/2025\/03\/MCS-web-103-768x512.jpg.webp 768w, https:\/\/www.mcsrentalsoftware.com\/wp-content\/uploads\/2025\/03\/MCS-web-103-1024x683.jpg.webp 1024w, https:\/\/www.mcsrentalsoftware.com\/wp-content\/uploads\/2025\/03\/MCS-web-103.jpg.webp 2048w\" sizes=\"(max-width: 1024px) 50vw, 730px\">\r\n            <source media=\"(min-width: 601px)\" srcset=\"https:\/\/www.mcsrentalsoftware.com\/wp-content\/uploads\/2025\/03\/MCS-web-103-150x150.jpg 150w, https:\/\/www.mcsrentalsoftware.com\/wp-content\/uploads\/2025\/03\/MCS-web-103-300x200.jpg 300w, https:\/\/www.mcsrentalsoftware.com\/wp-content\/uploads\/2025\/03\/MCS-web-103-474x274.jpg 474w, https:\/\/www.mcsrentalsoftware.com\/wp-content\/uploads\/2025\/03\/MCS-web-103-768x512.jpg 768w, https:\/\/www.mcsrentalsoftware.com\/wp-content\/uploads\/2025\/03\/MCS-web-103-1024x683.jpg 1024w, https:\/\/www.mcsrentalsoftware.com\/wp-content\/uploads\/2025\/03\/MCS-web-103.jpg 2048w\" sizes=\"(max-width: 1024px) 50vw, 730px\">\r\n            <img width=\"768\" height=\"512\" src=\"https:\/\/www.mcsrentalsoftware.com\/wp-content\/uploads\/2025\/03\/MCS-web-103-768x512.jpg\" alt=\"\" decoding=\"async\" fetchpriority=\"high\" loading=\"eager\" srcset=\"https:\/\/www.mcsrentalsoftware.com\/wp-content\/uploads\/2025\/03\/MCS-web-103-150x150.jpg 150w, https:\/\/www.mcsrentalsoftware.com\/wp-content\/uploads\/2025\/03\/MCS-web-103-300x200.jpg 300w, https:\/\/www.mcsrentalsoftware.com\/wp-content\/uploads\/2025\/03\/MCS-web-103-474x274.jpg 474w, https:\/\/www.mcsrentalsoftware.com\/wp-content\/uploads\/2025\/03\/MCS-web-103-768x512.jpg 768w, https:\/\/www.mcsrentalsoftware.com\/wp-content\/uploads\/2025\/03\/MCS-web-103-1024x683.jpg 1024w, https:\/\/www.mcsrentalsoftware.com\/wp-content\/uploads\/2025\/03\/MCS-web-103.jpg 2048w\" sizes=\"(max-width: 600px) 380px, (max-width: 1024px) 50vw, 730px\" class=\"attachment-hero_mobile size-hero_mobile\">\r\n        <\/picture><\/figure><\/div>\n<\/div>\n\n\n\n<div class=\"wp-block-group alignwide is-layout-flow wp-block-group-is-layout-flow\">\n<div class=\"wp-block-media-text is-stacked-on-mobile is-image-fill-element\"><figure class=\"wp-block-media-text__media\"><img loading=\"lazy\" decoding=\"async\" width=\"1024\" height=\"683\" src=\"https:\/\/www.mcsrentalsoftware.com\/wp-content\/uploads\/2025\/03\/MCS-web-163-1024x683.jpg\" alt=\"\" class=\"wp-image-2582 size-full\" style=\"object-position:48% 62%\" srcset=\"https:\/\/www.mcsrentalsoftware.com\/wp-content\/uploads\/2025\/03\/MCS-web-163-1024x683.jpg 1024w, https:\/\/www.mcsrentalsoftware.com\/wp-content\/uploads\/2025\/03\/MCS-web-163-300x200.jpg 300w, https:\/\/www.mcsrentalsoftware.com\/wp-content\/uploads\/2025\/03\/MCS-web-163-768x512.jpg 768w, https:\/\/www.mcsrentalsoftware.com\/wp-content\/uploads\/2025\/03\/MCS-web-163-1536x1024.jpg 1536w, https:\/\/www.mcsrentalsoftware.com\/wp-content\/uploads\/2025\/03\/MCS-web-163.jpg 2048w\" sizes=\"auto, (max-width: 1024px) 100vw, 1024px\" \/><\/figure><div class=\"wp-block-media-text__content\">\n<h2 class=\"wp-block-heading\" id=\"h-unsere-vision-und-werte\"><strong>Unsere Vision und Werte<\/strong><\/h2>\n\n\n\n<p class=\"\">Das MCS-Team verbindet ein gemeinsames Ziel: <strong>Wir wollen als f\u00fchrender Software-Partner anerkannt werden, der das Wachstum des globalen Vermietmarktes vorantreibt<\/strong>. Diese Vision weist uns den Weg, um unseren Kunden weltweit zum Erfolg zu verhelfen. Unsere Kernwerte \u2013 Antrieb, Anpassungsf\u00e4higkeit, Vielfalt und Teamgeist \u2013 bilden das Fundament unserer Unternehmenskultur und zeigen, was unsere Kunden von uns erwarten k\u00f6nnen.<br><\/p>\n\n\n\n<div class=\"wp-block-buttons is-layout-flex wp-block-buttons-is-layout-flex\">\n<div class=\"wp-block-button is-style-outline\"><a class=\"wp-block-button__link wp-element-button\" href=\"https:\/\/www.mcsrentalsoftware.com\/de\/ueber-uns\/warum-mcs\/\"><strong>Warum MCS?<\/strong><\/a><\/div>\n<\/div>\n<\/div><\/div>\n<\/div>\n\n\n\n<div class=\"wp-block-group alignwide is-layout-flow wp-block-group-is-layout-flow\">\n<div class=\"wp-block-media-text is-stacked-on-mobile is-image-fill-element\"><figure class=\"wp-block-media-text__media\"><img loading=\"lazy\" decoding=\"async\" width=\"1024\" height=\"683\" src=\"https:\/\/www.mcsrentalsoftware.com\/wp-content\/uploads\/2025\/03\/MCS-web-90-1024x683.jpg\" alt=\"\" class=\"wp-image-2537 size-full\" style=\"object-position:45% 47%\" srcset=\"https:\/\/www.mcsrentalsoftware.com\/wp-content\/uploads\/2025\/03\/MCS-web-90-1024x683.jpg 1024w, https:\/\/www.mcsrentalsoftware.com\/wp-content\/uploads\/2025\/03\/MCS-web-90-300x200.jpg 300w, https:\/\/www.mcsrentalsoftware.com\/wp-content\/uploads\/2025\/03\/MCS-web-90-768x512.jpg 768w, https:\/\/www.mcsrentalsoftware.com\/wp-content\/uploads\/2025\/03\/MCS-web-90-1536x1024.jpg 1536w, https:\/\/www.mcsrentalsoftware.com\/wp-content\/uploads\/2025\/03\/MCS-web-90.jpg 2048w\" sizes=\"auto, (max-width: 1024px) 100vw, 1024px\" \/><\/figure><div class=\"wp-block-media-text__content\">\n<h2 class=\"wp-block-heading\" id=\"h-unsere-mitarbeiter-unsere-starke\"><strong>Unsere Mitarbeiter \u2013 unsere St\u00e4rke<\/strong><\/h2>\n\n\n\n<p class=\"\">Hinter jedem Erfolg steht ein gro\u00dfartiges Team, und das Wachstum von MCS w\u00e4re ohne unsere Mitarbeiter nicht m\u00f6glich gewesen. Wir sch\u00e4tzen die Vielfalt an F\u00e4higkeiten, Erfahrungen und Perspektiven, die jedes Teammitglied mitbringt. Gemeinsam schaffen wir etwas Besonderes. Lernen Sie die Menschen kennen, die mit ihrem Know-how und Engagement die Zukunft der Verleihsoftware gestalten.<\/p>\n\n\n\n<div class=\"wp-block-buttons is-layout-flex wp-block-buttons-is-layout-flex\">\n<div class=\"wp-block-button is-style-outline\"><a class=\"wp-block-button__link wp-element-button\" href=\"https:\/\/www.mcsrentalsoftware.com\/de\/ueber-uns\/unser-team\/\">Unser Team<\/a><\/div>\n<\/div>\n<\/div><\/div>\n<\/div>\n\n\n\n<div class=\"wp-block-group alignwide is-nowrap is-layout-flex wp-container-core-group-is-layout-6c531013 wp-block-group-is-layout-flex\">\n<div class=\"wp-block-group is-style-card is-layout-constrained wp-block-group-is-layout-constrained\">\n<figure class=\"wp-block-image size-full\"><img loading=\"lazy\" decoding=\"async\" width=\"2048\" height=\"1365\" src=\"https:\/\/www.mcsrentalsoftware.com\/wp-content\/uploads\/2025\/04\/MCS_Foundation-1.png\" alt=\"\" class=\"wp-image-9824\" srcset=\"https:\/\/www.mcsrentalsoftware.com\/wp-content\/uploads\/2025\/04\/MCS_Foundation-1.png 2048w, https:\/\/www.mcsrentalsoftware.com\/wp-content\/uploads\/2025\/04\/MCS_Foundation-1-300x200.png 300w, https:\/\/www.mcsrentalsoftware.com\/wp-content\/uploads\/2025\/04\/MCS_Foundation-1-1024x683.png 1024w, https:\/\/www.mcsrentalsoftware.com\/wp-content\/uploads\/2025\/04\/MCS_Foundation-1-768x512.png 768w, https:\/\/www.mcsrentalsoftware.com\/wp-content\/uploads\/2025\/04\/MCS_Foundation-1-1536x1024.png 1536w\" sizes=\"auto, (max-width: 2048px) 100vw, 2048px\" \/><\/figure>\n\n\n\n<div class=\"wp-block-group is-layout-constrained wp-block-group-is-layout-constrained\">\n<h2 class=\"wp-block-heading is-style-h3\" id=\"h-die-mcs-stiftung\"><strong>Die MCS-Stiftung<\/strong><\/h2>\n\n\n\n<p class=\"\">MCS hat sich verpflichtet, j\u00e4hrlich 10 % seiner Gewinne an f\u00fcnf verschiedene Wohlt\u00e4tigkeitsorganisationen zu spenden. Diese Organisationen setzen sich daf\u00fcr ein, benachteiligten jungen Menschen Chancen zu bieten, die sie sonst nicht h\u00e4tten.<\/p>\n\n\n\n<div class=\"wp-block-buttons is-layout-flex wp-block-buttons-is-layout-flex\">\n<div class=\"wp-block-button is-style-outline\"><a class=\"wp-block-button__link wp-element-button\" href=\"https:\/\/www.mcsrentalsoftware.com\/de\/ueber-uns\/unternehmensspenden-charity\/\">Unser Engagement<\/a><\/div>\n<\/div>\n<\/div>\n<\/div>\n\n\n\n<div class=\"wp-block-group is-style-card is-layout-constrained wp-block-group-is-layout-constrained\">\n<figure class=\"wp-block-image size-large\"><img loading=\"lazy\" decoding=\"async\" width=\"1024\" height=\"683\" src=\"https:\/\/www.mcsrentalsoftware.com\/wp-content\/uploads\/2025\/03\/MCS-web-41-1024x683.jpg\" alt=\"\" class=\"wp-image-2546\" srcset=\"https:\/\/www.mcsrentalsoftware.com\/wp-content\/uploads\/2025\/03\/MCS-web-41-1024x683.jpg 1024w, https:\/\/www.mcsrentalsoftware.com\/wp-content\/uploads\/2025\/03\/MCS-web-41-300x200.jpg 300w, https:\/\/www.mcsrentalsoftware.com\/wp-content\/uploads\/2025\/03\/MCS-web-41-768x512.jpg 768w, https:\/\/www.mcsrentalsoftware.com\/wp-content\/uploads\/2025\/03\/MCS-web-41-1536x1024.jpg 1536w, https:\/\/www.mcsrentalsoftware.com\/wp-content\/uploads\/2025\/03\/MCS-web-41.jpg 2048w\" sizes=\"auto, (max-width: 1024px) 100vw, 1024px\" \/><\/figure>\n\n\n\n<div class=\"wp-block-group is-layout-constrained wp-block-group-is-layout-constrained\">\n<h2 class=\"wp-block-heading is-style-h3\" id=\"h-werden-sie-teil-unseres-teams\"><strong>Werden Sie Teil unseres Teams<\/strong><\/h2>\n\n\n\n<p class=\"\">Entdecken Sie Ihre M\u00f6glichkeiten bei MCS. Ob erfahrener Profi oder motivierter Auszubildender \u2013 bei uns finden Sie Aufgaben, die Sie herausfordern, inspirieren und Ihnen die M\u00f6glichkeit geben, erfolgreich zu sein.<\/p>\n\n\n\n<div class=\"wp-block-buttons is-layout-flex wp-block-buttons-is-layout-flex\">\n<div class=\"wp-block-button is-style-outline\"><a class=\"wp-block-button__link wp-element-button\" href=\"https:\/\/jobs.mcsrentalsoftware.com\/\">Karriere bei MCS<\/a><\/div>\n<\/div>\n<\/div>\n<\/div>\n<\/div>\n\n\n\n<div class=\"wp-block-group alignwide is-layout-flow wp-block-group-is-layout-flow\">\n<div class=\"wp-block-group alignwide is-layout-flow wp-block-group-is-layout-flow\">\n<div class=\"wp-block-media-text alignwide has-media-on-the-right is-stacked-on-mobile is-image-fill-element has-white-color has-tertiary-background-color has-text-color has-background has-link-color wp-elements-8ea380eaf96d1d4a0def77ad752748e2\"><div class=\"wp-block-media-text__content\">\n<h2 class=\"wp-block-heading\" id=\"h-bereit-ihr-vermietgeschaft-auf-die-nachste-stufe-zu-heben\">Bereit, Ihr Vermietgesch\u00e4ft auf die n\u00e4chste Stufe zu heben?<\/h2>\n\n\n\n<p class=\"\">Kontaktieren Sie unser Expertenteam und erfahren Sie, wie die MCS Rental Software Ihren Erfolg vorantreiben kann. Wir beantworten Ihre Fragen und helfen Ihnen, die perfekte L\u00f6sung zu finden.<\/p>\n\n\n\n<div class=\"wp-block-buttons is-layout-flex wp-block-buttons-is-layout-flex\">\n<div class=\"wp-block-button\"><a class=\"wp-block-button__link wp-element-button\" href=\"https:\/\/www.mcsrentalsoftware.com\/de\/kontakt\/\">Kontaktieren Sie uns noch heute<\/a><\/div>\n<\/div>\n<\/div><figure class=\"wp-block-media-text__media\"><img loading=\"lazy\" decoding=\"async\" width=\"1024\" height=\"639\" src=\"https:\/\/www.mcsrentalsoftware.com\/wp-content\/uploads\/2026\/03\/mcs-team-1-1024x639.png\" alt=\"\" class=\"wp-image-35991 size-full\" style=\"object-position:50% 50%\" srcset=\"https:\/\/www.mcsrentalsoftware.com\/wp-content\/uploads\/2026\/03\/mcs-team-1-1024x639.png 1024w, https:\/\/www.mcsrentalsoftware.com\/wp-content\/uploads\/2026\/03\/mcs-team-1-300x187.png 300w, https:\/\/www.mcsrentalsoftware.com\/wp-content\/uploads\/2026\/03\/mcs-team-1-768x479.png 768w, https:\/\/www.mcsrentalsoftware.com\/wp-content\/uploads\/2026\/03\/mcs-team-1-474x296.png 474w, https:\/\/www.mcsrentalsoftware.com\/wp-content\/uploads\/2026\/03\/mcs-team-1.png 1420w\" sizes=\"auto, (max-width: 1024px) 100vw, 1024px\" \/><\/figure><\/div>\n<\/div>\n<\/div>\n\n\n\n<p class=\"\"><\/p>\n","protected":false},"excerpt":{"rendered":"<p>\u00dcber uns Engagiert f\u00fcr innovative L\u00f6sungen in der Vermietungsbranche Seit \u00fcber 40 Jahren unterst\u00fctzt MCS Rental Software Vermietungsunternehmen weltweit dabei, ihren Arbeitsalltag einfacher zu gestalten. Unser Ziel ist es, innovative L\u00f6sungen f\u00fcr die Vermietbranche zu entwickeln und dabei h\u00f6chste Kundenzufriedenheit zu gew\u00e4hrleisten. Wir legen&#8230;<\/p>\n","protected":false},"author":8,"featured_media":0,"parent":0,"menu_order":315,"comment_status":"closed","ping_status":"closed","template":"","meta":{"_acf_changed":false,"content-type":"","footnotes":""},"class_list":["post-3224","page","type-page","status-publish","hentry"],"acf":[],"yoast_head":"<!-- This site is optimized with the Yoast SEO Premium plugin v26.5 (Yoast SEO v27.2) - https:\/\/yoast.com\/product\/yoast-seo-premium-wordpress\/ -->\n<title>\u00dcber uns | MCS<\/title>\n<meta name=\"description\" content=\"MCS Rental Software: 40+ Jahre Innovation f\u00fcr Vermietungen weltweit \u2013 Wachstum, Teamgeist &amp; Kundenerfolg im Fokus.\" \/>\n<meta name=\"robots\" content=\"index, follow, max-snippet:-1, max-image-preview:large, max-video-preview:-1\" \/>\n<link rel=\"canonical\" href=\"https:\/\/www.mcsrentalsoftware.com\/de\/ueber-uns\/\" \/>\n<meta property=\"og:locale\" content=\"de_DE\" \/>\n<meta property=\"og:type\" content=\"article\" \/>\n<meta property=\"og:title\" content=\"\u00dcber uns\" \/>\n<meta property=\"og:description\" content=\"MCS Rental Software: 40+ Jahre Innovation f\u00fcr Vermietungen weltweit \u2013 Wachstum, Teamgeist &amp; Kundenerfolg im Fokus.\" \/>\n<meta property=\"og:url\" content=\"https:\/\/www.mcsrentalsoftware.com\/de\/ueber-uns\/\" \/>\n<meta property=\"og:site_name\" content=\"MCS\" \/>\n<meta property=\"article:publisher\" content=\"https:\/\/www.facebook.com\/mcsrentalsoftware\" \/>\n<meta property=\"article:modified_time\" content=\"2025-08-20T09:53:07+00:00\" \/>\n<meta property=\"og:image\" content=\"https:\/\/www.mcsrentalsoftware.com\/wp-content\/uploads\/2025\/03\/MCS-web-103-1024x683.jpg\" \/>\n\t<meta property=\"og:image:width\" content=\"1024\" \/>\n\t<meta property=\"og:image:height\" content=\"683\" \/>\n\t<meta property=\"og:image:type\" content=\"image\/jpeg\" \/>\n<meta name=\"twitter:card\" content=\"summary_large_image\" \/>\n<meta name=\"twitter:label1\" content=\"Gesch\u00e4tzte Lesezeit\" \/>\n\t<meta name=\"twitter:data1\" content=\"5\u00a0Minuten\" \/>\n<script type=\"application\/ld+json\" class=\"yoast-schema-graph\">{\"@context\":\"https:\/\/schema.org\",\"@graph\":[{\"@type\":\"WebPage\",\"@id\":\"https:\/\/www.mcsrentalsoftware.com\/de\/ueber-uns\/\",\"url\":\"https:\/\/www.mcsrentalsoftware.com\/de\/ueber-uns\/\",\"name\":\"\u00dcber uns | MCS\",\"isPartOf\":{\"@id\":\"https:\/\/www.mcsrentalsoftware.com\/de\/#website\"},\"primaryImageOfPage\":{\"@id\":\"https:\/\/www.mcsrentalsoftware.com\/de\/ueber-uns\/#primaryimage\"},\"image\":{\"@id\":\"https:\/\/www.mcsrentalsoftware.com\/de\/ueber-uns\/#primaryimage\"},\"thumbnailUrl\":\"https:\/\/www.mcsrentalsoftware.com\/wp-content\/uploads\/2025\/03\/MCS-web-103-1024x683.jpg\",\"datePublished\":\"2025-01-30T14:27:12+00:00\",\"dateModified\":\"2025-08-20T09:53:07+00:00\",\"description\":\"MCS Rental Software: 40+ Jahre Innovation f\u00fcr Vermietungen weltweit \u2013 Wachstum, Teamgeist & Kundenerfolg im Fokus.\",\"breadcrumb\":{\"@id\":\"https:\/\/www.mcsrentalsoftware.com\/de\/ueber-uns\/#breadcrumb\"},\"inLanguage\":\"de\",\"potentialAction\":[{\"@type\":\"ReadAction\",\"target\":[\"https:\/\/www.mcsrentalsoftware.com\/de\/ueber-uns\/\"]}]},{\"@type\":\"ImageObject\",\"inLanguage\":\"de\",\"@id\":\"https:\/\/www.mcsrentalsoftware.com\/de\/ueber-uns\/#primaryimage\",\"url\":\"https:\/\/www.mcsrentalsoftware.com\/wp-content\/uploads\/2025\/03\/MCS-web-103-1024x683.jpg\",\"contentUrl\":\"https:\/\/www.mcsrentalsoftware.com\/wp-content\/uploads\/2025\/03\/MCS-web-103-1024x683.jpg\"},{\"@type\":\"BreadcrumbList\",\"@id\":\"https:\/\/www.mcsrentalsoftware.com\/de\/ueber-uns\/#breadcrumb\",\"itemListElement\":[{\"@type\":\"ListItem\",\"position\":1,\"name\":\"Home\",\"item\":\"https:\/\/www.mcsrentalsoftware.com\/de\/\"},{\"@type\":\"ListItem\",\"position\":2,\"name\":\"\u00dcber uns\"}]},{\"@type\":\"WebSite\",\"@id\":\"https:\/\/www.mcsrentalsoftware.com\/de\/#website\",\"url\":\"https:\/\/www.mcsrentalsoftware.com\/de\/\",\"name\":\"MCS\",\"description\":\"\",\"publisher\":{\"@id\":\"https:\/\/www.mcsrentalsoftware.com\/de\/#organization\"},\"potentialAction\":[{\"@type\":\"SearchAction\",\"target\":{\"@type\":\"EntryPoint\",\"urlTemplate\":\"https:\/\/www.mcsrentalsoftware.com\/de\/?s={search_term_string}\"},\"query-input\":{\"@type\":\"PropertyValueSpecification\",\"valueRequired\":true,\"valueName\":\"search_term_string\"}}],\"inLanguage\":\"de\"},{\"@type\":\"Organization\",\"@id\":\"https:\/\/www.mcsrentalsoftware.com\/de\/#organization\",\"name\":\"MCS\",\"url\":\"https:\/\/www.mcsrentalsoftware.com\/de\/\",\"logo\":{\"@type\":\"ImageObject\",\"inLanguage\":\"de\",\"@id\":\"https:\/\/www.mcsrentalsoftware.com\/de\/#\/schema\/logo\/image\/\",\"url\":\"https:\/\/www.mcsrentalsoftware.com\/wp-content\/uploads\/2025\/01\/logo.svg\",\"contentUrl\":\"https:\/\/www.mcsrentalsoftware.com\/wp-content\/uploads\/2025\/01\/logo.svg\",\"width\":113,\"height\":36,\"caption\":\"MCS\"},\"image\":{\"@id\":\"https:\/\/www.mcsrentalsoftware.com\/de\/#\/schema\/logo\/image\/\"},\"sameAs\":[\"https:\/\/www.facebook.com\/mcsrentalsoftware\",\"https:\/\/www.instagram.com\/mcsrentalsoftware\/\",\"https:\/\/www.linkedin.com\/company\/mcs-rental-software\/\",\"https:\/\/www.youtube.com\/@MCSRentalSoftware\"],\"email\":\"hello@mcsrentalsoftware.com\",\"numberOfEmployees\":{\"@type\":\"QuantitativeValue\",\"minValue\":\"51\",\"maxValue\":\"200\"}}]}<\/script>\n<!-- \/ Yoast SEO Premium plugin. -->","yoast_head_json":{"title":"\u00dcber uns | MCS","description":"MCS Rental Software: 40+ Jahre Innovation f\u00fcr Vermietungen weltweit \u2013 Wachstum, Teamgeist & Kundenerfolg im Fokus.","robots":{"index":"index","follow":"follow","max-snippet":"max-snippet:-1","max-image-preview":"max-image-preview:large","max-video-preview":"max-video-preview:-1"},"canonical":"https:\/\/www.mcsrentalsoftware.com\/de\/ueber-uns\/","og_locale":"de_DE","og_type":"article","og_title":"\u00dcber uns","og_description":"MCS Rental Software: 40+ Jahre Innovation f\u00fcr Vermietungen weltweit \u2013 Wachstum, Teamgeist & Kundenerfolg im Fokus.","og_url":"https:\/\/www.mcsrentalsoftware.com\/de\/ueber-uns\/","og_site_name":"MCS","article_publisher":"https:\/\/www.facebook.com\/mcsrentalsoftware","article_modified_time":"2025-08-20T09:53:07+00:00","og_image":[{"width":1024,"height":683,"url":"https:\/\/www.mcsrentalsoftware.com\/wp-content\/uploads\/2025\/03\/MCS-web-103-1024x683.jpg","type":"image\/jpeg"}],"twitter_card":"summary_large_image","twitter_misc":{"Gesch\u00e4tzte Lesezeit":"5\u00a0Minuten"},"schema":{"@context":"https:\/\/schema.org","@graph":[{"@type":"WebPage","@id":"https:\/\/www.mcsrentalsoftware.com\/de\/ueber-uns\/","url":"https:\/\/www.mcsrentalsoftware.com\/de\/ueber-uns\/","name":"\u00dcber uns | MCS","isPartOf":{"@id":"https:\/\/www.mcsrentalsoftware.com\/de\/#website"},"primaryImageOfPage":{"@id":"https:\/\/www.mcsrentalsoftware.com\/de\/ueber-uns\/#primaryimage"},"image":{"@id":"https:\/\/www.mcsrentalsoftware.com\/de\/ueber-uns\/#primaryimage"},"thumbnailUrl":"https:\/\/www.mcsrentalsoftware.com\/wp-content\/uploads\/2025\/03\/MCS-web-103-1024x683.jpg","datePublished":"2025-01-30T14:27:12+00:00","dateModified":"2025-08-20T09:53:07+00:00","description":"MCS Rental Software: 40+ Jahre Innovation f\u00fcr Vermietungen weltweit \u2013 Wachstum, Teamgeist & Kundenerfolg im Fokus.","breadcrumb":{"@id":"https:\/\/www.mcsrentalsoftware.com\/de\/ueber-uns\/#breadcrumb"},"inLanguage":"de","potentialAction":[{"@type":"ReadAction","target":["https:\/\/www.mcsrentalsoftware.com\/de\/ueber-uns\/"]}]},{"@type":"ImageObject","inLanguage":"de","@id":"https:\/\/www.mcsrentalsoftware.com\/de\/ueber-uns\/#primaryimage","url":"https:\/\/www.mcsrentalsoftware.com\/wp-content\/uploads\/2025\/03\/MCS-web-103-1024x683.jpg","contentUrl":"https:\/\/www.mcsrentalsoftware.com\/wp-content\/uploads\/2025\/03\/MCS-web-103-1024x683.jpg"},{"@type":"BreadcrumbList","@id":"https:\/\/www.mcsrentalsoftware.com\/de\/ueber-uns\/#breadcrumb","itemListElement":[{"@type":"ListItem","position":1,"name":"Home","item":"https:\/\/www.mcsrentalsoftware.com\/de\/"},{"@type":"ListItem","position":2,"name":"\u00dcber uns"}]},{"@type":"WebSite","@id":"https:\/\/www.mcsrentalsoftware.com\/de\/#website","url":"https:\/\/www.mcsrentalsoftware.com\/de\/","name":"MCS","description":"","publisher":{"@id":"https:\/\/www.mcsrentalsoftware.com\/de\/#organization"},"potentialAction":[{"@type":"SearchAction","target":{"@type":"EntryPoint","urlTemplate":"https:\/\/www.mcsrentalsoftware.com\/de\/?s={search_term_string}"},"query-input":{"@type":"PropertyValueSpecification","valueRequired":true,"valueName":"search_term_string"}}],"inLanguage":"de"},{"@type":"Organization","@id":"https:\/\/www.mcsrentalsoftware.com\/de\/#organization","name":"MCS","url":"https:\/\/www.mcsrentalsoftware.com\/de\/","logo":{"@type":"ImageObject","inLanguage":"de","@id":"https:\/\/www.mcsrentalsoftware.com\/de\/#\/schema\/logo\/image\/","url":"https:\/\/www.mcsrentalsoftware.com\/wp-content\/uploads\/2025\/01\/logo.svg","contentUrl":"https:\/\/www.mcsrentalsoftware.com\/wp-content\/uploads\/2025\/01\/logo.svg","width":113,"height":36,"caption":"MCS"},"image":{"@id":"https:\/\/www.mcsrentalsoftware.com\/de\/#\/schema\/logo\/image\/"},"sameAs":["https:\/\/www.facebook.com\/mcsrentalsoftware","https:\/\/www.instagram.com\/mcsrentalsoftware\/","https:\/\/www.linkedin.com\/company\/mcs-rental-software\/","https:\/\/www.youtube.com\/@MCSRentalSoftware"],"email":"hello@mcsrentalsoftware.com","numberOfEmployees":{"@type":"QuantitativeValue","minValue":"51","maxValue":"200"}}]}},"_links":{"self":[{"href":"https:\/\/www.mcsrentalsoftware.com\/de\/wp-json\/wp\/v2\/pages\/3224","targetHints":{"allow":["GET"]}}],"collection":[{"href":"https:\/\/www.mcsrentalsoftware.com\/de\/wp-json\/wp\/v2\/pages"}],"about":[{"href":"https:\/\/www.mcsrentalsoftware.com\/de\/wp-json\/wp\/v2\/types\/page"}],"author":[{"embeddable":true,"href":"https:\/\/www.mcsrentalsoftware.com\/de\/wp-json\/wp\/v2\/users\/8"}],"replies":[{"embeddable":true,"href":"https:\/\/www.mcsrentalsoftware.com\/de\/wp-json\/wp\/v2\/comments?post=3224"}],"version-history":[{"count":5,"href":"https:\/\/www.mcsrentalsoftware.com\/de\/wp-json\/wp\/v2\/pages\/3224\/revisions"}],"predecessor-version":[{"id":26379,"href":"https:\/\/www.mcsrentalsoftware.com\/de\/wp-json\/wp\/v2\/pages\/3224\/revisions\/26379"}],"wp:attachment":[{"href":"https:\/\/www.mcsrentalsoftware.com\/de\/wp-json\/wp\/v2\/media?parent=3224"}],"curies":[{"name":"wp","href":"https:\/\/api.w.org\/{rel}","templated":true}]}}