{"id":10543,"date":"2025-01-07T10:11:09","date_gmt":"2025-01-07T10:11:09","guid":{"rendered":"https:\/\/mcsrentalsoftware.com\/?page_id=10543"},"modified":"2026-03-23T17:17:53","modified_gmt":"2026-03-23T17:17:53","slug":"datenschutzrichtlinie","status":"publish","type":"page","link":"https:\/\/www.mcsrentalsoftware.com\/de\/datenschutzrichtlinie\/","title":{"rendered":"Datenschutzrichtlinie"},"content":{"rendered":"\n<h1 class=\"wp-block-heading\" id=\"h-mcs-datenschutzrichtlinie\"><strong>MCS-Datenschutzrichtlinie<\/strong><\/h1>\n\n\n\n<p class=\"\">Wir bei MCS nehmen den Datenschutz sehr ernst. Wir versuchen sicherzustellen, das die Verarbeitung personenbezogener Daten durch oder im Auftrag von MCS Rental Software Ltd fair und angemessen erfolgt. Ihre personenbezogenen Daten sollen sicher, genau und aktuell sein.<\/p>\n\n\n\n<p class=\"\">MCS kann die folgenden Arten von personenbezogenen Daten erheben und verwenden:&nbsp;<\/p>\n\n\n\n<ul class=\"wp-block-list\">\n<li>Daten, die Sie uns zur Durchf\u00fchrung einer gesch\u00e4ftlichen Transaktion zur Verf\u00fcgung stellen&nbsp;<\/li>\n\n\n\n<li>Daten, die Sie mithilfe unserer Kontaktformulare oder Ressourcen-Downloads \u00fcbermitteln. wie etwa Name, E-Mail-Adresse, Telefonnummer, Postanschrift und Unternehmen, wenn Sie Informationen \u00fcber unsere Software oder Dienstleistungen anfordern.<\/li>\n<\/ul>\n\n\n\n<p class=\"\">Soweit gesetzlich zul\u00e4ssig, kann MCS Daten \u00fcber Personen und Unternehmen zusammentragen, die \u00fcber Dritte bezogen werden. Das hilft uns dabei, unsere Aufzeichnungen aktuell zu halten, zu erweitern und zu analysieren. Wir k\u00f6nnen damit Neukunden erkennen und Produkte und Dienstleistungen, die f\u00fcr Sie von Interesse sein k\u00f6nnten, personalisieren.&nbsp;<\/p>\n\n\n\n<p class=\"\">MCS kann Ihre personenbezogenen Daten verwenden zum:<\/p>\n\n\n\n<ul class=\"wp-block-list\">\n<li>Bearbeiten Ihrer Anfrage oder etwaiger Software oder Dienstleistungen, die Sie anfragen, einschlie\u00dflich des Herunterladens von Whitepapers<\/li>\n\n\n\n<li>Senden von Transaktionsausz\u00fcgen oder Rechnungen, um Zahlungen von Ihnen zu erheben<\/li>\n\n\n\n<li>Senden relevanter Marketingkommunikation an Sie, wie etwa Newsletter, Marketinginformationen, Angebote zu Software und Dienstleistungen von MCS, jedoch nur insoweit, als dies gesetzlich zul\u00e4ssig ist oder von Ihnen angefordert wurde (siehe \u201eE-Mails und Newsletter\u201c weiter unten).<\/li>\n<\/ul>\n\n\n\n<p class=\"\">Sie haben das Recht, jederzeit eine Ausfertigung der Daten anzufordern, die wir von Ihnen erfasst haben. Des Weiteren haben Sie das Recht, unrichtige Datenkorrigieren zu lassen. Wenn Sie die von Ihnen offengelegten Daten einsehen m\u00f6chten, wenden Sie sich bitte an den Datenverantwortlichen: Data Controller, MCS Global Ltd, Oakwood, Grove Business Park, White Waltham, Berkshire, SL6 3LW, Vereinigtes K\u00f6nigreich.&nbsp;<\/p>\n\n\n\n<p class=\"\"><strong>E-Mail und Newsletter<\/strong><\/p>\n\n\n\n<p class=\"\">Wir verwenden Ihre Daten, um Ihnen Newsletter und Marketinginformationen zu Software und Dienstleistungen, Veranstaltungen, Umfragen und relevante Artikel von MCM zu senden. Sie k\u00f6nnen diese jederzeit abbestellen. Klicken Sie dazu auf den \u201eAbmelden\u201c-Link unten in der E-Mail oder rufen Sie die Telefonnummer unserer Niederlassung an. Sie k\u00f6nnen als Kunde auch die Marketingeinstellungen auf der Website MCS Customer Club \u00e4ndern.<\/p>\n\n\n\n<p class=\"\">Andere Websites<\/p>\n\n\n\n<p class=\"\">Diese Website enth\u00e4lt Links zu anderen Websites, etwa zu unseren Kunden, Partnern, YouTube oder anderen Websites, die in Beziehung zu MCS stehen. Diese Datenschutzrichtlinie gilt nur f\u00fcr die MCS-Websites. Wenn Sie einen Link zu anderen Websites klicken, m\u00fcssen Sie die dort jeweils g\u00fcltigen Richtlinien ebenfalls beachten.<\/p>\n\n\n\n<p class=\"\"><strong>Cookies<\/strong><\/p>\n\n\n\n<p class=\"\">Wenn Sie eine MCS-Website besuchen, wird eine kleine Datei auf der Festplatte Ihres Computers abgelegt, die als \u201eCookie\u201c bezeichnet wird. Mithilfe von Cookies kann MCS seine Website n\u00fctzlicher gestalten; dabei werden Informationen zu Ihren Pr\u00e4ferenzen gespeichert. Auf diese Weise k\u00f6nnen Sie sich einfacher anmelden und die Website leichter f\u00fcr k\u00fcnftige Besuche nutzen. Cookies identifizieren einen Nutzer des Internets nicht pers\u00f6nlich, wenngleich sie den Computer eines Benutzers identifizieren.<\/p>\n\n\n\n<p class=\"\">Die meisten Webbrowser akzeptieren Cookies automatisch. Wenn Sie m\u00f6chten, k\u00f6nnen Sie Ihren Webbrowser so einrichten, dass Cookies nicht automatisch akzeptiert werden. Informationen dazu finden Sie bei den meisten Webbrowsern im Abschnitt \u201eHilfe\u201c. Dort werden die verschiedenen Optionen zum Umgang mit Cookies erl\u00e4utert. Wenn Sie Cookies deaktivieren, k\u00f6nnen Sie m\u00f6glicherweise nicht alle Funktionen auf den MCS-Websites nutzen.<\/p>\n\n\n\n<p class=\"\">MCS-Websites k\u00f6nnen Cookies f\u00fcr die folgenden Zwecke verwenden:<\/p>\n\n\n\n<ul class=\"wp-block-list\">\n<li>Analytics \u2013 damit k\u00f6nnen wir sehen, wie Nutzer die Website verwenden und unsere Inhalte entsprechend optimieren, um das Nutzererlebnis zu verbessern<\/li>\n\n\n\n<li>Abrufen fr\u00fcherer Eintr\u00e4ge in Formularfelder, damit Sie bei Eingaben in Formularfelder Zeit sparen<\/li>\n\n\n\n<li>Weitervermarktung \u2013 damit wir Ihnen weiterhin Werbung anzeigen k\u00f6nnen, wenn Sie andere Websites besuchen<\/li>\n<\/ul>\n\n\n\n<p class=\"\"><strong>Cookies von Drittanbietern<\/strong><\/p>\n\n\n\n<p class=\"\"><strong>Soziale Medien<\/strong><\/p>\n\n\n\n<p class=\"\">Unsere Website hat Schaltfl\u00e4chen oder Widgets f\u00fcr das Teilen auf sozialen Medien, die von einem Drittanbieter namens \u201eAddthis\u201c gehostet werden. Bei diesen Funktionen kann Ihre IP-Adresse erhoben werden sowie die von Ihnen besuchte Website; sie kann ein Cookie verwenden, damit die korrekte Funktionalit\u00e4t gew\u00e4hrleistet werden kann. Ihre Interaktion mit diesen Funktionen wird von dem Unternehmen bestimmt, das diese anbietet. Sie k\u00f6nnen Ihre Einstellungen hier \u00e4ndern:&nbsp;<a href=\"http:\/\/www.youronlinechoices.com\/uk\/your-ad-choices\">http:\/\/www.youronlinechoices.com\/uk\/your-ad-choices<\/a>&nbsp;<\/p>\n\n\n\n<p class=\"\"><strong>Google Analytics<\/strong><\/p>\n\n\n\n<p class=\"\">Wir tracken die von Ihnen besuchten Seiten mithilfe von Google Analytics. Wir erheben aggregierte Daten, um zu \u00fcberwachen, wie unsere Website funktioniert, und um zu sehen, wie wir das Nutzererlebnis verbessern k\u00f6nnen. Wir geben keine Daten an Google weiter und alle IP-Adressen werden anonymisiert. Die Datenschutzrichtlinien von Google k\u00f6nnen Sie hier einsehen:&nbsp;<a href=\"http:\/\/www.google.com\/privacypolicy.html\">www.google.com\/privacypolicy.html<\/a>&nbsp;<\/p>\n\n\n\n<p class=\"\"><strong>HubSpot<\/strong><\/p>\n\n\n\n<p class=\"\">Zur besseren Anpassung unserer Marketingkommunikation verfolgen wir \u00fcber Hubspot die von Ihnen besuchten Seiten, um Ihre Interessen zu erfassen und Ihnen entsprechend relevante Informationen bereitzustellen, falls Sie sich f\u00fcr unsere Marketingmitteilungen entscheiden<\/p>\n\n\n\n<p class=\"\"><strong>Sicherheit<\/strong><\/p>\n\n\n\n<p class=\"\">Alles personenbezogenen Daten, die Sie uns \u00fcberlassen, sind sicher und vertraulich. MCS gibt keine Ihrer Daten an andere Unternehmen au\u00dferhalb von MCS weiter. Wir halten Branchenstandards zum Schutz der an uns \u00fcbermittelten Daten ein. Wir speichern alle Ihre Daten sicher, sowohl w\u00e4hrend der \u00dcbertragung als auch nachdem wir sie erhalten haben. Damit sind Ihre Daten vor Verlust, Miss und nicht autorisiertem Zugriff oder unberechtigter Weitergabe, \u00c4nderung oder Zerst\u00f6rung gesch\u00fctzt. Wir garantieren jedoch nicht, dass wir s\u00e4mtliche Risiken eines Missbrauchs Ihrer personenbezogenen Daten durch Dritte, die b\u00f6swillige Absichten verfolgen, eliminieren k\u00f6nnen. Bitte bewahren Sie Ihre Anmeldeinformationen sicher auf und informieren Sie uns sofort, wenn Ihnen eine nicht autorisierten Nutzung Ihres Passworts bekannt wird oder eine andere Sicherheitsverletzung.<\/p>\n\n\n\n<p class=\"\">Wir k\u00f6nnen Ihre personenbezogenen Daten und\/oder Nutzerinformationen offenlegen, wenn wir von der Polizei oder anderen Regulierungsbeh\u00f6rden oder staatlichen Stellen dazu aufgefordert werden, die m\u00f6gliche illegale Aktivit\u00e4ten verfolgen.&nbsp;<\/p>\n\n\n\n<p class=\"\"><strong>\u00c4nderung dieser Richtlinie<\/strong><\/p>\n\n\n\n<p class=\"\">MCS kann diese Datenschutzrichtlinie durch das Ver\u00f6ffentlichen einer neuen Version auf dieser Website aktualisieren.<\/p>\n\n\n\n<p class=\"\"><strong>MCS Ressourcen Mobile App<\/strong><\/p>\n\n\n\n<p class=\"\">Automatische GPS-Verfolgung &#8211; Unter Ber\u00fccksichtigung der Einstellungen in Ihrer MCS-rm Backend-Anwendung erfasst die Ressourcen Mobile App im Hintergrund fortlaufend die GPS-Standorte. Diese Informationen werden in Ihrer MCS-Softwarel\u00f6sung gespeichert, sodass Disponenten den Standort ihrer Fahrer einsehen k\u00f6nnen.<\/p>\n\n\n\n<p class=\"\">Alle in der Anwendung auftretenden Fehler werden an MCS \u00fcbermittelt, um die Fehlersuche zu erleichtern und die Zuverl\u00e4ssigkeit der Anwendung zu gew\u00e4hrleisten.<\/p>\n\n\n\n<p class=\"\">Alle auf den Bildschirmen eingegebenen Daten oder \u00fcber die Anwendung hochgeladenen Bilder werden an Ihre Backend-MCS-rm-Anwendung gesendet.<\/p>\n\n\n\n<p class=\"\"><strong>Kontakt<\/strong><\/p>\n\n\n\n<p class=\"\">Wenn Sie wegen eines Aspekts unserer Datenschutzrichtlinie Kontakt zu MCS aufnehmen m\u00f6chten, verwenden Sie eine der folgenden Methoden:<\/p>\n\n\n\n<p class=\"\">Datenverantwortlicher: Data Controller<br>MCS Rental Software Ltd<br>Oakwood<br>Grove Business Park<br>White Waltham<br>Berkshire<br>SL6 3LW, Vereinigtes K\u00f6nigreich<\/p>\n\n\n\n<p class=\"\">Tel.: +44(0) 1628 828000<br>e:&nbsp;<a href=\"mailto:willkommen@mcsrentalsoftware.com\">willkommen@mcsrentalsoftware.com<\/a><\/p>\n","protected":false},"excerpt":{"rendered":"<p>MCS-Datenschutzrichtlinie Wir bei MCS nehmen den Datenschutz sehr ernst. Wir versuchen sicherzustellen, das die Verarbeitung personenbezogener Daten durch oder im Auftrag von MCS Rental Software Ltd fair und angemessen erfolgt. Ihre personenbezogenen Daten sollen sicher, genau und aktuell sein. MCS kann die folgenden Arten&#8230;<\/p>\n","protected":false},"author":8,"featured_media":0,"parent":0,"menu_order":325,"comment_status":"closed","ping_status":"closed","template":"","meta":{"_acf_changed":false,"content-type":"","footnotes":""},"class_list":["post-10543","page","type-page","status-publish","hentry"],"acf":[],"yoast_head":"<!-- This site is optimized with the Yoast SEO Premium plugin v26.5 (Yoast SEO v27.2) - https:\/\/yoast.com\/product\/yoast-seo-premium-wordpress\/ -->\n<title>Datenschutzrichtlinie | MCS<\/title>\n<meta name=\"description\" content=\"Wir versuchen sicherzustellen, das die Verarbeitung personenbezogener Daten durch oder im Auftrag von MCS Rental Software Ltd fair und angemessen erfolgt.\" \/>\n<meta name=\"robots\" content=\"index, follow, max-snippet:-1, max-image-preview:large, max-video-preview:-1\" \/>\n<link rel=\"canonical\" href=\"https:\/\/www.mcsrentalsoftware.com\/de\/datenschutzrichtlinie\/\" \/>\n<meta property=\"og:locale\" content=\"de_DE\" \/>\n<meta property=\"og:type\" content=\"article\" \/>\n<meta property=\"og:title\" content=\"Datenschutzrichtlinie\" \/>\n<meta property=\"og:description\" content=\"Wir versuchen sicherzustellen, das die Verarbeitung personenbezogener Daten durch oder im Auftrag von MCS Rental Software Ltd fair und angemessen erfolgt.\" \/>\n<meta property=\"og:url\" content=\"https:\/\/www.mcsrentalsoftware.com\/de\/datenschutzrichtlinie\/\" \/>\n<meta property=\"og:site_name\" content=\"MCS\" \/>\n<meta property=\"article:publisher\" content=\"https:\/\/www.facebook.com\/mcsrentalsoftware\" \/>\n<meta property=\"article:modified_time\" content=\"2026-03-23T17:17:53+00:00\" \/>\n<meta name=\"twitter:card\" content=\"summary_large_image\" \/>\n<meta name=\"twitter:label1\" content=\"Gesch\u00e4tzte Lesezeit\" \/>\n\t<meta name=\"twitter:data1\" content=\"5\u00a0Minuten\" \/>\n<script type=\"application\/ld+json\" class=\"yoast-schema-graph\">{\"@context\":\"https:\/\/schema.org\",\"@graph\":[{\"@type\":\"WebPage\",\"@id\":\"https:\/\/www.mcsrentalsoftware.com\/de\/datenschutzrichtlinie\/\",\"url\":\"https:\/\/www.mcsrentalsoftware.com\/de\/datenschutzrichtlinie\/\",\"name\":\"Datenschutzrichtlinie | MCS\",\"isPartOf\":{\"@id\":\"https:\/\/www.mcsrentalsoftware.com\/de\/#website\"},\"datePublished\":\"2025-01-07T10:11:09+00:00\",\"dateModified\":\"2026-03-23T17:17:53+00:00\",\"description\":\"Wir versuchen sicherzustellen, das die Verarbeitung personenbezogener Daten durch oder im Auftrag von MCS Rental Software Ltd fair und angemessen erfolgt.\",\"breadcrumb\":{\"@id\":\"https:\/\/www.mcsrentalsoftware.com\/de\/datenschutzrichtlinie\/#breadcrumb\"},\"inLanguage\":\"de\",\"potentialAction\":[{\"@type\":\"ReadAction\",\"target\":[\"https:\/\/www.mcsrentalsoftware.com\/de\/datenschutzrichtlinie\/\"]}]},{\"@type\":\"BreadcrumbList\",\"@id\":\"https:\/\/www.mcsrentalsoftware.com\/de\/datenschutzrichtlinie\/#breadcrumb\",\"itemListElement\":[{\"@type\":\"ListItem\",\"position\":1,\"name\":\"Home\",\"item\":\"https:\/\/www.mcsrentalsoftware.com\/de\/\"},{\"@type\":\"ListItem\",\"position\":2,\"name\":\"Datenschutzrichtlinie\"}]},{\"@type\":\"WebSite\",\"@id\":\"https:\/\/www.mcsrentalsoftware.com\/de\/#website\",\"url\":\"https:\/\/www.mcsrentalsoftware.com\/de\/\",\"name\":\"MCS\",\"description\":\"\",\"publisher\":{\"@id\":\"https:\/\/www.mcsrentalsoftware.com\/de\/#organization\"},\"potentialAction\":[{\"@type\":\"SearchAction\",\"target\":{\"@type\":\"EntryPoint\",\"urlTemplate\":\"https:\/\/www.mcsrentalsoftware.com\/de\/?s={search_term_string}\"},\"query-input\":{\"@type\":\"PropertyValueSpecification\",\"valueRequired\":true,\"valueName\":\"search_term_string\"}}],\"inLanguage\":\"de\"},{\"@type\":\"Organization\",\"@id\":\"https:\/\/www.mcsrentalsoftware.com\/de\/#organization\",\"name\":\"MCS\",\"url\":\"https:\/\/www.mcsrentalsoftware.com\/de\/\",\"logo\":{\"@type\":\"ImageObject\",\"inLanguage\":\"de\",\"@id\":\"https:\/\/www.mcsrentalsoftware.com\/de\/#\/schema\/logo\/image\/\",\"url\":\"https:\/\/www.mcsrentalsoftware.com\/wp-content\/uploads\/2025\/01\/logo.svg\",\"contentUrl\":\"https:\/\/www.mcsrentalsoftware.com\/wp-content\/uploads\/2025\/01\/logo.svg\",\"width\":113,\"height\":36,\"caption\":\"MCS\"},\"image\":{\"@id\":\"https:\/\/www.mcsrentalsoftware.com\/de\/#\/schema\/logo\/image\/\"},\"sameAs\":[\"https:\/\/www.facebook.com\/mcsrentalsoftware\",\"https:\/\/www.instagram.com\/mcsrentalsoftware\/\",\"https:\/\/www.linkedin.com\/company\/mcs-rental-software\/\",\"https:\/\/www.youtube.com\/@MCSRentalSoftware\"],\"email\":\"hello@mcsrentalsoftware.com\",\"numberOfEmployees\":{\"@type\":\"QuantitativeValue\",\"minValue\":\"51\",\"maxValue\":\"200\"}}]}<\/script>\n<!-- \/ Yoast SEO Premium plugin. -->","yoast_head_json":{"title":"Datenschutzrichtlinie | MCS","description":"Wir versuchen sicherzustellen, das die Verarbeitung personenbezogener Daten durch oder im Auftrag von MCS Rental Software Ltd fair und angemessen erfolgt.","robots":{"index":"index","follow":"follow","max-snippet":"max-snippet:-1","max-image-preview":"max-image-preview:large","max-video-preview":"max-video-preview:-1"},"canonical":"https:\/\/www.mcsrentalsoftware.com\/de\/datenschutzrichtlinie\/","og_locale":"de_DE","og_type":"article","og_title":"Datenschutzrichtlinie","og_description":"Wir versuchen sicherzustellen, das die Verarbeitung personenbezogener Daten durch oder im Auftrag von MCS Rental Software Ltd fair und angemessen erfolgt.","og_url":"https:\/\/www.mcsrentalsoftware.com\/de\/datenschutzrichtlinie\/","og_site_name":"MCS","article_publisher":"https:\/\/www.facebook.com\/mcsrentalsoftware","article_modified_time":"2026-03-23T17:17:53+00:00","twitter_card":"summary_large_image","twitter_misc":{"Gesch\u00e4tzte Lesezeit":"5\u00a0Minuten"},"schema":{"@context":"https:\/\/schema.org","@graph":[{"@type":"WebPage","@id":"https:\/\/www.mcsrentalsoftware.com\/de\/datenschutzrichtlinie\/","url":"https:\/\/www.mcsrentalsoftware.com\/de\/datenschutzrichtlinie\/","name":"Datenschutzrichtlinie | MCS","isPartOf":{"@id":"https:\/\/www.mcsrentalsoftware.com\/de\/#website"},"datePublished":"2025-01-07T10:11:09+00:00","dateModified":"2026-03-23T17:17:53+00:00","description":"Wir versuchen sicherzustellen, das die Verarbeitung personenbezogener Daten durch oder im Auftrag von MCS Rental Software Ltd fair und angemessen erfolgt.","breadcrumb":{"@id":"https:\/\/www.mcsrentalsoftware.com\/de\/datenschutzrichtlinie\/#breadcrumb"},"inLanguage":"de","potentialAction":[{"@type":"ReadAction","target":["https:\/\/www.mcsrentalsoftware.com\/de\/datenschutzrichtlinie\/"]}]},{"@type":"BreadcrumbList","@id":"https:\/\/www.mcsrentalsoftware.com\/de\/datenschutzrichtlinie\/#breadcrumb","itemListElement":[{"@type":"ListItem","position":1,"name":"Home","item":"https:\/\/www.mcsrentalsoftware.com\/de\/"},{"@type":"ListItem","position":2,"name":"Datenschutzrichtlinie"}]},{"@type":"WebSite","@id":"https:\/\/www.mcsrentalsoftware.com\/de\/#website","url":"https:\/\/www.mcsrentalsoftware.com\/de\/","name":"MCS","description":"","publisher":{"@id":"https:\/\/www.mcsrentalsoftware.com\/de\/#organization"},"potentialAction":[{"@type":"SearchAction","target":{"@type":"EntryPoint","urlTemplate":"https:\/\/www.mcsrentalsoftware.com\/de\/?s={search_term_string}"},"query-input":{"@type":"PropertyValueSpecification","valueRequired":true,"valueName":"search_term_string"}}],"inLanguage":"de"},{"@type":"Organization","@id":"https:\/\/www.mcsrentalsoftware.com\/de\/#organization","name":"MCS","url":"https:\/\/www.mcsrentalsoftware.com\/de\/","logo":{"@type":"ImageObject","inLanguage":"de","@id":"https:\/\/www.mcsrentalsoftware.com\/de\/#\/schema\/logo\/image\/","url":"https:\/\/www.mcsrentalsoftware.com\/wp-content\/uploads\/2025\/01\/logo.svg","contentUrl":"https:\/\/www.mcsrentalsoftware.com\/wp-content\/uploads\/2025\/01\/logo.svg","width":113,"height":36,"caption":"MCS"},"image":{"@id":"https:\/\/www.mcsrentalsoftware.com\/de\/#\/schema\/logo\/image\/"},"sameAs":["https:\/\/www.facebook.com\/mcsrentalsoftware","https:\/\/www.instagram.com\/mcsrentalsoftware\/","https:\/\/www.linkedin.com\/company\/mcs-rental-software\/","https:\/\/www.youtube.com\/@MCSRentalSoftware"],"email":"hello@mcsrentalsoftware.com","numberOfEmployees":{"@type":"QuantitativeValue","minValue":"51","maxValue":"200"}}]}},"_links":{"self":[{"href":"https:\/\/www.mcsrentalsoftware.com\/de\/wp-json\/wp\/v2\/pages\/10543","targetHints":{"allow":["GET"]}}],"collection":[{"href":"https:\/\/www.mcsrentalsoftware.com\/de\/wp-json\/wp\/v2\/pages"}],"about":[{"href":"https:\/\/www.mcsrentalsoftware.com\/de\/wp-json\/wp\/v2\/types\/page"}],"author":[{"embeddable":true,"href":"https:\/\/www.mcsrentalsoftware.com\/de\/wp-json\/wp\/v2\/users\/8"}],"replies":[{"embeddable":true,"href":"https:\/\/www.mcsrentalsoftware.com\/de\/wp-json\/wp\/v2\/comments?post=10543"}],"version-history":[{"count":3,"href":"https:\/\/www.mcsrentalsoftware.com\/de\/wp-json\/wp\/v2\/pages\/10543\/revisions"}],"predecessor-version":[{"id":36183,"href":"https:\/\/www.mcsrentalsoftware.com\/de\/wp-json\/wp\/v2\/pages\/10543\/revisions\/36183"}],"wp:attachment":[{"href":"https:\/\/www.mcsrentalsoftware.com\/de\/wp-json\/wp\/v2\/media?parent=10543"}],"curies":[{"name":"wp","href":"https:\/\/api.w.org\/{rel}","templated":true}]}}