{"id":10492,"date":"2025-02-17T15:37:07","date_gmt":"2025-02-17T15:37:07","guid":{"rendered":"https:\/\/mcsrentalsoftware.com\/?page_id=10492"},"modified":"2025-08-06T10:51:47","modified_gmt":"2025-08-06T09:51:47","slug":"nachhaltigkeits-management","status":"publish","type":"page","link":"https:\/\/www.mcsrentalsoftware.com\/de\/ueber-uns\/sustainability-policy\/","title":{"rendered":"MCS Nachhaltigkeitsmanagement"},"content":{"rendered":"\n<div class=\"wp-block-group alignfull is-layout-constrained wp-block-group-is-layout-constrained\">\n<div class=\"wp-block-group alignwide is-style-hero-text is-layout-flow wp-block-group-is-layout-flow\">\n<h1 class=\"wp-block-heading\" id=\"h-mcs-nachhaltigkeitsmanagement\">MCS Nachhaltigkeitsmanagement<\/h1>\n\n\n\n<p class=\"\">MCS betrachtet es als seine Verpflichtung gegen\u00fcber seinen Kunden, seinen Mitarbeitern, der Gesellschaft und der Umwelt, sein Unternehmen nachhaltig zu f\u00fchren.<\/p>\n\n\n\n<div class=\"wp-block-buttons is-layout-flex wp-block-buttons-is-layout-flex\">\n<div class=\"wp-block-button\"><a class=\"wp-block-button__link wp-element-button\" href=\"https:\/\/www.mcsrentalsoftware.com\/de\/kontakt\/\">Kontaktieren Sie uns<\/a><\/div>\n<\/div>\n<\/div>\n<\/div>\n\n\n\n<div class=\"wp-block-group alignwide is-layout-constrained wp-block-group-is-layout-constrained\">\n<p class=\"\"><strong>Das Unternehmen im \u00dcberblick<\/strong><\/p>\n\n\n\n<p class=\"\">F\u00fcr den nachhaltigen Erfolg von MCS ist ein wirksames Management in den Bereichen Sicherheit, Gesundheit, Umwelt, Qualit\u00e4t, Energie und Kohlenstoffreduzierung erforderlich. In \u00dcbereinstimmung mit unserer ISO-Zertifizierung wird unsere Nachhaltigkeitspolitik regelm\u00e4\u00dfig \u00fcberpr\u00fcft, aktualisiert und kommuniziert.<\/p>\n\n\n\n<blockquote class=\"wp-block-quote is-layout-flow wp-block-quote-is-layout-flow\">\n<p class=\"\">\u201eMeine Aufgabe als Gesch\u00e4ftsf\u00fchrer von MCS ist es, daf\u00fcr zu sorgen, dass unser Unternehmen nachhaltig arbeitet, nicht nur der Umwelt und der Gesellschaft zuliebe, sondern auch, weil dies wirtschaftlich sinnvoll ist. Wir haben uns verpflichtet, uns um unsere Mitarbeiter, unser \u00d6kosystem und seine Ressourcen zu k\u00fcmmern und sicherzustellen, dass unser Unternehmen verantwortungsvoll wirtschaften kann.\u201d<\/p>\n<\/blockquote>\n\n\n\n<p class=\"\"><em>Guy van der Knaap, Gesch\u00e4ftsf\u00fchrer<\/em><\/p>\n\n\n\n<p class=\"\"><strong>Wir setzen uns f\u00fcr unsere Kollegen ein<\/strong><\/p>\n\n\n\n<p class=\"\">Wir haben uns bei MCS zum Ziel gesetzt, ein motivierendes und f\u00f6rderliches Arbeitsumfeld zu schaffen, in dem alle unsere Mitarbeiter die M\u00f6glichkeit haben, sich weiterzuentwickeln und zu wachsen. Respekt ist ein wichtiger Grundpfeiler in unserem menschlichen Zusammenleben und besonders im beruflichen Alltag im Umgang mit unseren Kollegen und Kunden von gro\u00dfer Bedeutung. Wir pflegen eine Kultur der Inklusion, der Vielfalt, des Respekts und der gegenseitigen Unterst\u00fctzung. Unser Team ist bestrebt, seine Arbeitsweise st\u00e4ndig zu verbessern, und sorgt bei Bedarf f\u00fcr entsprechende Schulungen.<\/p>\n\n\n\n<p class=\"\"><strong>Innovation &amp; Kundenfokus<\/strong><\/p>\n\n\n\n<p class=\"\">In enger Zusammenarbeit mit unseren Kunden widmen wir uns der kontinuierlichen Weiterentwicklung und Verbesserung unserer webbasierten und mobilen Softwarel\u00f6sungen.<\/p>\n\n\n\n<p class=\"\"><strong>Gesundheit &amp; Sicherheit<\/strong><\/p>\n\n\n\n<p class=\"\">Wir vertreten die Auffassung, dass jeder ein Recht auf ein sicheres und gesundes Arbeitsumfeld hat. Wir bem\u00fchen uns, Gesundheits- und Sicherheitsrisiken zu verringern, Kompetenzl\u00fccken zu beseitigen und eine sichere Unternehmenskultur zu f\u00f6rdern. Au\u00dferdem f\u00f6rdert das Unternehmen aktiv die Balance zwischen Berufs- und Privatleben durch flexible Arbeitszeiten und den Zugang zu Sozial- und Unterst\u00fctzungsdiensten.<\/p>\n\n\n\n<p class=\"\"><strong>Umweltverantwortung und Gemeinschaft<\/strong><\/p>\n\n\n\n<p class=\"\">MCS engagiert sich f\u00fcr lokale Projekte und spendet jedes Jahr 10 % seines Gewinns an gemeinn\u00fctzige Organisationen.<\/p>\n\n\n\n<p class=\"\">Um unsere Auswirkungen auf die Umwelt zu vermindern, verfolgen wir die folgenden Ziele:<\/p>\n\n\n\n<ul class=\"wp-block-list\">\n<li>Minimierung der Kohlenstoffemissionen durch effektives Energie- und Verkehrsmanagement<\/li>\n\n\n\n<li>F\u00f6rderung der Nutzung \u00f6ffentlicher Verkehrsmittel, des Zu-Fu\u00df-Gehens, des Radfahrens und der Fahrgemeinschaften<\/li>\n\n\n\n<li>Minimierung der Umweltauswirkungen von Abf\u00e4llen durch angemessene Wiederverwertung und Recycling<\/li>\n\n\n\n<li>Entwicklung von Arbeitspraktiken zur Abfallreduzierung und Vermeidung von Umweltverschmutzung<\/li>\n\n\n\n<li>Erm\u00f6glichung flexibler Arbeitszeiten, um Reisezeiten und Kraftstoffverbrauch zu reduzieren<\/li>\n<\/ul>\n<\/div>\n\n\n\n<div class=\"wp-block-media-text alignwide is-stacked-on-mobile is-image-fill-element has-green-gradient-background has-background\" style=\"grid-template-columns:55% auto\"><figure class=\"wp-block-media-text__media\"><img loading=\"lazy\" decoding=\"async\" width=\"717\" height=\"386\" src=\"https:\/\/www.mcsrentalsoftware.com\/wp-content\/uploads\/2025\/03\/5-3.png\" alt=\"\" class=\"wp-image-5809 size-full\" style=\"object-position:50% 50%\" srcset=\"https:\/\/www.mcsrentalsoftware.com\/wp-content\/uploads\/2025\/03\/5-3.png 717w, https:\/\/www.mcsrentalsoftware.com\/wp-content\/uploads\/2025\/03\/5-3-300x162.png 300w\" sizes=\"auto, (max-width: 717px) 100vw, 717px\" \/><\/figure><div class=\"wp-block-media-text__content\">\n<h2 class=\"wp-block-heading\" id=\"h-engagiert-fur-klimaneutralitat\"><strong><strong><strong>Engagiert f\u00fcr Klimaneutralit\u00e4t<\/strong><\/strong><\/strong><\/h2>\n\n\n\n<p class=\"\">Bei MCS sind wir stolz darauf, ein klimaneutrales Unternehmen zu sein und damit eine Vorreiterrolle in Sachen Nachhaltigkeit in der Vermietungsbranche einzunehmen. Indem wir unsere Emissionen kompensieren und unseren \u00f6kologischen Fu\u00dfabdruck verringern, leisten wir einen aktiven Beitrag zu einer gr\u00fcneren Zukunft f\u00fcr unseren Planeten.<\/p>\n\n\n\n<div class=\"wp-block-buttons is-layout-flex wp-block-buttons-is-layout-flex\">\n<div class=\"wp-block-button\"><a class=\"wp-block-button__link wp-element-button\" href=\"https:\/\/www.mcsrentalsoftware.com\/de\/ueber-uns\/sustainability-policy\/\">Lesen Sie unsere Nachhaltigkeitsrichtlinie<\/a><\/div>\n<\/div>\n<\/div><\/div>\n\n\n\n<div class=\"wp-block-group alignwide is-layout-flow wp-block-group-is-layout-flow\">\n<div class=\"wp-block-media-text alignwide has-media-on-the-right is-stacked-on-mobile is-image-fill-element has-white-color has-tertiary-background-color has-text-color has-background has-link-color wp-elements-8ea380eaf96d1d4a0def77ad752748e2\"><div class=\"wp-block-media-text__content\">\n<h2 class=\"wp-block-heading\" id=\"h-bereit-ihr-vermietgeschaft-auf-die-nachste-stufe-zu-heben\">Bereit, Ihr Vermietgesch\u00e4ft auf die n\u00e4chste Stufe zu heben?<\/h2>\n\n\n\n<p class=\"\">Kontaktieren Sie unser Expertenteam und erfahren Sie, wie die MCS Rental Software Ihren Erfolg vorantreiben kann. Wir beantworten Ihre Fragen und helfen Ihnen, die perfekte L\u00f6sung zu finden.<\/p>\n\n\n\n<div class=\"wp-block-buttons is-layout-flex wp-block-buttons-is-layout-flex\">\n<div class=\"wp-block-button\"><a class=\"wp-block-button__link wp-element-button\" href=\"https:\/\/www.mcsrentalsoftware.com\/de\/kontakt\/\">Kontaktieren Sie uns noch heute<\/a><\/div>\n<\/div>\n<\/div><figure class=\"wp-block-media-text__media\"><img loading=\"lazy\" decoding=\"async\" width=\"1024\" height=\"639\" src=\"https:\/\/www.mcsrentalsoftware.com\/wp-content\/uploads\/2026\/03\/mcs-team-1-1024x639.png\" alt=\"\" class=\"wp-image-35991 size-full\" style=\"object-position:50% 50%\" srcset=\"https:\/\/www.mcsrentalsoftware.com\/wp-content\/uploads\/2026\/03\/mcs-team-1-1024x639.png 1024w, https:\/\/www.mcsrentalsoftware.com\/wp-content\/uploads\/2026\/03\/mcs-team-1-300x187.png 300w, https:\/\/www.mcsrentalsoftware.com\/wp-content\/uploads\/2026\/03\/mcs-team-1-768x479.png 768w, https:\/\/www.mcsrentalsoftware.com\/wp-content\/uploads\/2026\/03\/mcs-team-1-474x296.png 474w, https:\/\/www.mcsrentalsoftware.com\/wp-content\/uploads\/2026\/03\/mcs-team-1.png 1420w\" sizes=\"auto, (max-width: 1024px) 100vw, 1024px\" \/><\/figure><\/div>\n<\/div>\n","protected":false},"excerpt":{"rendered":"<p>MCS Nachhaltigkeitsmanagement MCS betrachtet es als seine Verpflichtung gegen\u00fcber seinen Kunden, seinen Mitarbeitern, der Gesellschaft und der Umwelt, sein Unternehmen nachhaltig zu f\u00fchren. Das Unternehmen im \u00dcberblick F\u00fcr den nachhaltigen Erfolg von MCS ist ein wirksames Management in den Bereichen Sicherheit, Gesundheit, Umwelt, Qualit\u00e4t,&#8230;<\/p>\n","protected":false},"author":8,"featured_media":0,"parent":3224,"menu_order":230,"comment_status":"closed","ping_status":"closed","template":"","meta":{"_acf_changed":false,"content-type":"","footnotes":""},"class_list":["post-10492","page","type-page","status-publish","hentry"],"acf":[],"yoast_head":"<!-- This site is optimized with the Yoast SEO Premium plugin v26.5 (Yoast SEO v27.3) - https:\/\/yoast.com\/product\/yoast-seo-premium-wordpress\/ -->\n<title>MCS Nachhaltigkeitsmanagement | MCS<\/title>\n<meta name=\"robots\" content=\"index, follow, max-snippet:-1, max-image-preview:large, max-video-preview:-1\" \/>\n<link rel=\"canonical\" href=\"https:\/\/www.mcsrentalsoftware.com\/de\/ueber-uns\/sustainability-policy\/\" \/>\n<meta property=\"og:locale\" content=\"de_DE\" \/>\n<meta property=\"og:type\" content=\"article\" \/>\n<meta property=\"og:title\" content=\"MCS Nachhaltigkeitsmanagement\" \/>\n<meta property=\"og:description\" content=\"MCS Nachhaltigkeitsmanagement MCS betrachtet es als seine Verpflichtung gegen\u00fcber seinen Kunden, seinen Mitarbeitern, der Gesellschaft und der Umwelt, sein Unternehmen nachhaltig zu f\u00fchren. Das Unternehmen im \u00dcberblick F\u00fcr den nachhaltigen Erfolg von MCS ist ein wirksames Management in den Bereichen Sicherheit, Gesundheit, Umwelt, Qualit\u00e4t,...\" \/>\n<meta property=\"og:url\" content=\"https:\/\/www.mcsrentalsoftware.com\/de\/ueber-uns\/sustainability-policy\/\" \/>\n<meta property=\"og:site_name\" content=\"MCS\" \/>\n<meta property=\"article:publisher\" content=\"https:\/\/www.facebook.com\/mcsrentalsoftware\" \/>\n<meta property=\"article:modified_time\" content=\"2025-08-06T09:51:47+00:00\" \/>\n<meta name=\"twitter:card\" content=\"summary_large_image\" \/>\n<meta name=\"twitter:label1\" content=\"Gesch\u00e4tzte Lesezeit\" \/>\n\t<meta name=\"twitter:data1\" content=\"5\u00a0Minuten\" \/>\n<script type=\"application\/ld+json\" class=\"yoast-schema-graph\">{\"@context\":\"https:\\\/\\\/schema.org\",\"@graph\":[{\"@type\":\"WebPage\",\"@id\":\"https:\\\/\\\/www.mcsrentalsoftware.com\\\/de\\\/ueber-uns\\\/sustainability-policy\\\/\",\"url\":\"https:\\\/\\\/www.mcsrentalsoftware.com\\\/de\\\/ueber-uns\\\/sustainability-policy\\\/\",\"name\":\"MCS Nachhaltigkeitsmanagement | MCS\",\"isPartOf\":{\"@id\":\"https:\\\/\\\/www.mcsrentalsoftware.com\\\/de\\\/#website\"},\"datePublished\":\"2025-02-17T15:37:07+00:00\",\"dateModified\":\"2025-08-06T09:51:47+00:00\",\"breadcrumb\":{\"@id\":\"https:\\\/\\\/www.mcsrentalsoftware.com\\\/de\\\/ueber-uns\\\/sustainability-policy\\\/#breadcrumb\"},\"inLanguage\":\"de\",\"potentialAction\":[{\"@type\":\"ReadAction\",\"target\":[\"https:\\\/\\\/www.mcsrentalsoftware.com\\\/de\\\/ueber-uns\\\/sustainability-policy\\\/\"]}]},{\"@type\":\"BreadcrumbList\",\"@id\":\"https:\\\/\\\/www.mcsrentalsoftware.com\\\/de\\\/ueber-uns\\\/sustainability-policy\\\/#breadcrumb\",\"itemListElement\":[{\"@type\":\"ListItem\",\"position\":1,\"name\":\"Home\",\"item\":\"https:\\\/\\\/www.mcsrentalsoftware.com\\\/de\\\/\"},{\"@type\":\"ListItem\",\"position\":2,\"name\":\"\u00dcber uns\",\"item\":\"https:\\\/\\\/www.mcsrentalsoftware.com\\\/de\\\/ueber-uns\\\/\"},{\"@type\":\"ListItem\",\"position\":3,\"name\":\"MCS Nachhaltigkeitsmanagement\"}]},{\"@type\":\"WebSite\",\"@id\":\"https:\\\/\\\/www.mcsrentalsoftware.com\\\/de\\\/#website\",\"url\":\"https:\\\/\\\/www.mcsrentalsoftware.com\\\/de\\\/\",\"name\":\"MCS\",\"description\":\"\",\"publisher\":{\"@id\":\"https:\\\/\\\/www.mcsrentalsoftware.com\\\/de\\\/#organization\"},\"potentialAction\":[{\"@type\":\"SearchAction\",\"target\":{\"@type\":\"EntryPoint\",\"urlTemplate\":\"https:\\\/\\\/www.mcsrentalsoftware.com\\\/de\\\/?s={search_term_string}\"},\"query-input\":{\"@type\":\"PropertyValueSpecification\",\"valueRequired\":true,\"valueName\":\"search_term_string\"}}],\"inLanguage\":\"de\"},{\"@type\":\"Organization\",\"@id\":\"https:\\\/\\\/www.mcsrentalsoftware.com\\\/de\\\/#organization\",\"name\":\"MCS\",\"url\":\"https:\\\/\\\/www.mcsrentalsoftware.com\\\/de\\\/\",\"logo\":{\"@type\":\"ImageObject\",\"inLanguage\":\"de\",\"@id\":\"https:\\\/\\\/www.mcsrentalsoftware.com\\\/de\\\/#\\\/schema\\\/logo\\\/image\\\/\",\"url\":\"https:\\\/\\\/www.mcsrentalsoftware.com\\\/wp-content\\\/uploads\\\/2025\\\/01\\\/logo.svg\",\"contentUrl\":\"https:\\\/\\\/www.mcsrentalsoftware.com\\\/wp-content\\\/uploads\\\/2025\\\/01\\\/logo.svg\",\"width\":113,\"height\":36,\"caption\":\"MCS\"},\"image\":{\"@id\":\"https:\\\/\\\/www.mcsrentalsoftware.com\\\/de\\\/#\\\/schema\\\/logo\\\/image\\\/\"},\"sameAs\":[\"https:\\\/\\\/www.facebook.com\\\/mcsrentalsoftware\",\"https:\\\/\\\/www.instagram.com\\\/mcsrentalsoftware\\\/\",\"https:\\\/\\\/www.linkedin.com\\\/company\\\/mcs-rental-software\\\/\",\"https:\\\/\\\/www.youtube.com\\\/@MCSRentalSoftware\"],\"email\":\"hello@mcsrentalsoftware.com\",\"numberOfEmployees\":{\"@type\":\"QuantitativeValue\",\"minValue\":\"51\",\"maxValue\":\"200\"}}]}<\/script>\n<!-- \/ Yoast SEO Premium plugin. -->","yoast_head_json":{"title":"MCS Nachhaltigkeitsmanagement | MCS","robots":{"index":"index","follow":"follow","max-snippet":"max-snippet:-1","max-image-preview":"max-image-preview:large","max-video-preview":"max-video-preview:-1"},"canonical":"https:\/\/www.mcsrentalsoftware.com\/de\/ueber-uns\/sustainability-policy\/","og_locale":"de_DE","og_type":"article","og_title":"MCS Nachhaltigkeitsmanagement","og_description":"MCS Nachhaltigkeitsmanagement MCS betrachtet es als seine Verpflichtung gegen\u00fcber seinen Kunden, seinen Mitarbeitern, der Gesellschaft und der Umwelt, sein Unternehmen nachhaltig zu f\u00fchren. Das Unternehmen im \u00dcberblick F\u00fcr den nachhaltigen Erfolg von MCS ist ein wirksames Management in den Bereichen Sicherheit, Gesundheit, Umwelt, Qualit\u00e4t,...","og_url":"https:\/\/www.mcsrentalsoftware.com\/de\/ueber-uns\/sustainability-policy\/","og_site_name":"MCS","article_publisher":"https:\/\/www.facebook.com\/mcsrentalsoftware","article_modified_time":"2025-08-06T09:51:47+00:00","twitter_card":"summary_large_image","twitter_misc":{"Gesch\u00e4tzte Lesezeit":"5\u00a0Minuten"},"schema":{"@context":"https:\/\/schema.org","@graph":[{"@type":"WebPage","@id":"https:\/\/www.mcsrentalsoftware.com\/de\/ueber-uns\/sustainability-policy\/","url":"https:\/\/www.mcsrentalsoftware.com\/de\/ueber-uns\/sustainability-policy\/","name":"MCS Nachhaltigkeitsmanagement | MCS","isPartOf":{"@id":"https:\/\/www.mcsrentalsoftware.com\/de\/#website"},"datePublished":"2025-02-17T15:37:07+00:00","dateModified":"2025-08-06T09:51:47+00:00","breadcrumb":{"@id":"https:\/\/www.mcsrentalsoftware.com\/de\/ueber-uns\/sustainability-policy\/#breadcrumb"},"inLanguage":"de","potentialAction":[{"@type":"ReadAction","target":["https:\/\/www.mcsrentalsoftware.com\/de\/ueber-uns\/sustainability-policy\/"]}]},{"@type":"BreadcrumbList","@id":"https:\/\/www.mcsrentalsoftware.com\/de\/ueber-uns\/sustainability-policy\/#breadcrumb","itemListElement":[{"@type":"ListItem","position":1,"name":"Home","item":"https:\/\/www.mcsrentalsoftware.com\/de\/"},{"@type":"ListItem","position":2,"name":"\u00dcber uns","item":"https:\/\/www.mcsrentalsoftware.com\/de\/ueber-uns\/"},{"@type":"ListItem","position":3,"name":"MCS Nachhaltigkeitsmanagement"}]},{"@type":"WebSite","@id":"https:\/\/www.mcsrentalsoftware.com\/de\/#website","url":"https:\/\/www.mcsrentalsoftware.com\/de\/","name":"MCS","description":"","publisher":{"@id":"https:\/\/www.mcsrentalsoftware.com\/de\/#organization"},"potentialAction":[{"@type":"SearchAction","target":{"@type":"EntryPoint","urlTemplate":"https:\/\/www.mcsrentalsoftware.com\/de\/?s={search_term_string}"},"query-input":{"@type":"PropertyValueSpecification","valueRequired":true,"valueName":"search_term_string"}}],"inLanguage":"de"},{"@type":"Organization","@id":"https:\/\/www.mcsrentalsoftware.com\/de\/#organization","name":"MCS","url":"https:\/\/www.mcsrentalsoftware.com\/de\/","logo":{"@type":"ImageObject","inLanguage":"de","@id":"https:\/\/www.mcsrentalsoftware.com\/de\/#\/schema\/logo\/image\/","url":"https:\/\/www.mcsrentalsoftware.com\/wp-content\/uploads\/2025\/01\/logo.svg","contentUrl":"https:\/\/www.mcsrentalsoftware.com\/wp-content\/uploads\/2025\/01\/logo.svg","width":113,"height":36,"caption":"MCS"},"image":{"@id":"https:\/\/www.mcsrentalsoftware.com\/de\/#\/schema\/logo\/image\/"},"sameAs":["https:\/\/www.facebook.com\/mcsrentalsoftware","https:\/\/www.instagram.com\/mcsrentalsoftware\/","https:\/\/www.linkedin.com\/company\/mcs-rental-software\/","https:\/\/www.youtube.com\/@MCSRentalSoftware"],"email":"hello@mcsrentalsoftware.com","numberOfEmployees":{"@type":"QuantitativeValue","minValue":"51","maxValue":"200"}}]}},"_links":{"self":[{"href":"https:\/\/www.mcsrentalsoftware.com\/de\/wp-json\/wp\/v2\/pages\/10492","targetHints":{"allow":["GET"]}}],"collection":[{"href":"https:\/\/www.mcsrentalsoftware.com\/de\/wp-json\/wp\/v2\/pages"}],"about":[{"href":"https:\/\/www.mcsrentalsoftware.com\/de\/wp-json\/wp\/v2\/types\/page"}],"author":[{"embeddable":true,"href":"https:\/\/www.mcsrentalsoftware.com\/de\/wp-json\/wp\/v2\/users\/8"}],"replies":[{"embeddable":true,"href":"https:\/\/www.mcsrentalsoftware.com\/de\/wp-json\/wp\/v2\/comments?post=10492"}],"version-history":[{"count":7,"href":"https:\/\/www.mcsrentalsoftware.com\/de\/wp-json\/wp\/v2\/pages\/10492\/revisions"}],"predecessor-version":[{"id":25952,"href":"https:\/\/www.mcsrentalsoftware.com\/de\/wp-json\/wp\/v2\/pages\/10492\/revisions\/25952"}],"up":[{"embeddable":true,"href":"https:\/\/www.mcsrentalsoftware.com\/de\/wp-json\/wp\/v2\/pages\/3224"}],"wp:attachment":[{"href":"https:\/\/www.mcsrentalsoftware.com\/de\/wp-json\/wp\/v2\/media?parent=10492"}],"curies":[{"name":"wp","href":"https:\/\/api.w.org\/{rel}","templated":true}]}}